{"id":22113,"date":"2024-11-18T12:45:06","date_gmt":"2024-11-18T12:45:06","guid":{"rendered":"https:\/\/flaxmanlaw.wpenginepowered.com\/medicamentos-peligrosos-miramar-abogados-de-responsabilidad-por-productos-defectuosos-del-condado-de-broward\/"},"modified":"2024-11-18T12:45:06","modified_gmt":"2024-11-18T12:45:06","slug":"medicamentos-peligrosos-miramar-abogados-de-responsabilidad-por-productos-defectuosos-del-condado-de-broward","status":"publish","type":"page","link":"https:\/\/flaxmanlaw.com\/es\/medicamentos-peligrosos-miramar-abogados-de-responsabilidad-por-productos-defectuosos-del-condado-de-broward\/","title":{"rendered":"Medicamentos Peligrosos Miramar | Abogados de Responsabilidad por Productos Defectuosos del Condado de Broward"},"content":{"rendered":"<div class=\"bodytext\">\n<h2>Drogas peligrosas Miramar<\/h1><\/h2>\n<div class=\"description\">\n<p>Tomar cualquier medicamento o utilizar cualquier dispositivo farmac\u00e9utico conlleva ciertos riesgos. Sin embargo, los pacientes pueden esperar razonablemente que se les informe plenamente de los riesgos de un producto que est\u00e1n utilizando y esperan que las empresas farmac\u00e9uticas y los laboratorios farmac\u00e9uticos hayan realizado las pruebas adecuadas para garantizar que el producto es seguro. Los pacientes tambi\u00e9n tienen derecho a esperar que los organismos federales tomen medidas para garantizar que los f\u00e1rmacos y dispositivos puestos a disposici\u00f3n del p\u00fablico sean seguros de usar y eficaces. Por desgracia, no todas las empresas toman estas medidas necesarias para ofrecer productos seguros. Cuando los pacientes sufren lesiones debido a dispositivos m\u00e9dicos y medicamentos inseguros, suelen producirse demandas por lesiones causadas por medicamentos y demandas por negligencia m\u00e9dica en Miramar y otras comunidades de Florida.    <\/p>\n<p>Los abogados del Grupo Legal Flaxman han visto de primera mano las formas en que los fabricantes de dispositivos farmac\u00e9uticos a veces no revelan toda la informaci\u00f3n sobre un dispositivo farmac\u00e9utico o medicamento. En algunos casos, las empresas farmac\u00e9uticas ocultan activamente informaci\u00f3n sobre problemas conocidos de su producto. Simplemente no hay excusa para esto y los abogados del Grupo Legal Flaxman creen que debe hacerse todo lo posible para responsabilizar a estas compa\u00f1\u00edas negligentes de cualquier lesi\u00f3n que causen. Si crees que tienes una demanda, no dudes en contactar hoy mismo con nuestro bufete de servicios integrales para concertar una consulta gratuita sobre accidentes.   <\/p>\n<p><strong class=\"heading4\">\u00bfPor qu\u00e9 se venden medicamentos inseguros a los pacientes?<\/strong><\/p>\n<p>La FDA y el gobierno federal tienen normas que obligan a las empresas farmac\u00e9uticas y a los fabricantes de medicamentos a probar los productos cuidadosamente. Sin embargo, cada a\u00f1o se lanzan al p\u00fablico miles de dispositivos m\u00e9dicos y f\u00e1rmacos, y los organismos gubernamentales son sencillamente incapaces de seguir el ritmo y probar cada art\u00edculo. Adem\u00e1s, las empresas farmac\u00e9uticas y de medicamentos suelen ser un entorno muy competitivo y la preocupaci\u00f3n suele ser ser rentable y promocionar nuevos productos. Por desgracia, esta situaci\u00f3n puede significar que medicamentos peligrosos lleguen al mercado sin las pruebas adecuadas y sin la informaci\u00f3n adecuada para los pacientes.   <\/p>\n<p><strong class=\"heading4\">Los retos de las demandas por lesiones causadas por drogas en Miramar y otras comunidades<\/strong><\/p>\n<p>Uno de los grandes retos de las demandas por lesiones causadas por medicamentos es que los demandados en estos casos suelen ser compa\u00f1\u00edas de seguros muy grandes y poderosas, as\u00ed como empresas farmac\u00e9uticas. Estas empresas tienen equipos de abogados, as\u00ed como leyes que las protegen. Adem\u00e1s, estos casos suelen depender de conocimientos m\u00e9dicos muy t\u00e9cnicos y especializados. Si quieres ganar este tipo de casos, es importante que consultes a un abogado muy cualificado que tenga acceso a investigadores privados, peritos m\u00e9dicos y otros expertos que puedan construir un caso s\u00f3lido en tu favor.   <\/p>\n<p>Los abogados del Grupo Legal Flaxman cuentan con m\u00e1s de 60 a\u00f1os de experiencia lidiando con casos de negligencia m\u00e9dica, casos de responsabilidad por productos defectuosos, demandas por negligencia m\u00e9dica, demandas por diagn\u00f3sticos err\u00f3neos, casos de medicamentos peligrosos, y otras demandas por lesiones personales. Si has sufrido lesiones como resultado de un dispositivo farmac\u00e9utico peligroso o de un medicamento o f\u00e1rmacos defectuosos, <a href=\"contacta con nosotros.html\">ponte en contacto con el Grupo Legal Flaxman<\/a> en el 866-352-9626 o cont\u00e1ctanos en l\u00ednea hoy mismo. Tu consulta inicial es gratuita y mereces obtener respuestas sobre tu situaci\u00f3n.  <\/p>\n<\/p><\/div>\n<\/p><\/div>\n","protected":false},"excerpt":{"rendered":"<p>Sin honorarios a menos que ganemos. Llama al 866-352-9626 para una &#8230; <\/p>\n","protected":false},"author":3,"featured_media":0,"parent":0,"menu_order":0,"comment_status":"closed","ping_status":"closed","template":"template-practice-areas.php","meta":{"footnotes":""},"class_list":["post-22113","page","type-page","status-publish","hentry"],"featured_image_src":null,"featured_image_src_square":null,"_links":{"self":[{"href":"https:\/\/flaxmanlaw.com\/es\/wp-json\/wp\/v2\/pages\/22113","targetHints":{"allow":["GET"]}}],"collection":[{"href":"https:\/\/flaxmanlaw.com\/es\/wp-json\/wp\/v2\/pages"}],"about":[{"href":"https:\/\/flaxmanlaw.com\/es\/wp-json\/wp\/v2\/types\/page"}],"author":[{"embeddable":true,"href":"https:\/\/flaxmanlaw.com\/es\/wp-json\/wp\/v2\/users\/3"}],"replies":[{"embeddable":true,"href":"https:\/\/flaxmanlaw.com\/es\/wp-json\/wp\/v2\/comments?post=22113"}],"version-history":[{"count":0,"href":"https:\/\/flaxmanlaw.com\/es\/wp-json\/wp\/v2\/pages\/22113\/revisions"}],"wp:attachment":[{"href":"https:\/\/flaxmanlaw.com\/es\/wp-json\/wp\/v2\/media?parent=22113"}],"curies":[{"name":"wp","href":"https:\/\/api.w.org\/{rel}","templated":true}]}}