{"id":22114,"date":"2024-11-18T12:45:06","date_gmt":"2024-11-18T12:45:06","guid":{"rendered":"https:\/\/flaxmanlaw.wpenginepowered.com\/lesiones-infantiles-en-miramar-abogados-de-accidentes-en-el-condado-de-broward-grupo-legal-flaxman\/"},"modified":"2024-11-18T12:45:06","modified_gmt":"2024-11-18T12:45:06","slug":"lesiones-infantiles-en-miramar-abogados-de-accidentes-en-el-condado-de-broward-grupo-legal-flaxman","status":"publish","type":"page","link":"https:\/\/flaxmanlaw.com\/es\/lesiones-infantiles-en-miramar-abogados-de-accidentes-en-el-condado-de-broward-grupo-legal-flaxman\/","title":{"rendered":"Lesiones Infantiles en Miramar | Abogados de Accidentes en el Condado de Broward Grupo Legal Flaxman"},"content":{"rendered":"<div class=\"bodytext\">\n<h2>Lesiones infantiles en Miramar<\/h1><\/h2>\n<div class=\"description\">\n<p>Miramar es una ciudad del sur de Florida con mucho que ver y hacer. La ciudad tiene cinco parques y 22 barrios que explorar. Otras atracciones son el Centro C\u00edvico de Miramar, el Town Center y un centro art\u00edstico. En Miramar se celebran muchos acontecimientos y festivales anuales, como el Baile de M\u00e1scaras de Halloween y el Caribe Fest.   <\/p>\n<p>Aunque Miramar se considera un lugar seguro para vivir, las lesiones personales y los accidentes de tr\u00e1fico en Miramar y sus alrededores son bastante frecuentes. Es especialmente tr\u00e1gico cuando estos accidentes provocan lesiones a un ni\u00f1o. Debido a su tama\u00f1o, un ni\u00f1o suele sufrir lesiones m\u00e1s graves en un accidente que un adulto, y las lesiones de un ni\u00f1o pueden afectarle durante toda su vida. Si tu hijo ha resultado gravemente lesionado en Miramar o en cualquier comunidad de Florida, <a href=\"contacta con nosotros.html\">contacta<\/a> al Grupo Legal Flaxman para recibir una consulta gratuita sobre accidentes y hablar sobre tu caso.   <\/p>\n<p><strong class=\"heading4\">Evaluar el valor de una lesi\u00f3n infantil en Miramar o en tu comunidad<\/strong><\/p>\n<p>Si decides presentar una demanda despu\u00e9s de que tu hijo sufra lesiones graves, tendr\u00e1s que poner una cifra en d\u00f3lares a las lesiones que ha sufrido. Por supuesto, no existe ninguna cantidad en d\u00f3lares que pueda eliminar el dolor y el sufrimiento que ha padecido tu hijo. Sin embargo, los abogados especialistas en lesiones personales de Miramar tendr\u00e1n que presentar una demanda judicial para obtener una indemnizaci\u00f3n determinada. Para determinar esta cantidad, los abogados y el sistema judicial tendr\u00e1n en cuenta la gravedad de la lesi\u00f3n, el tipo de lesi\u00f3n, los gastos m\u00e9dicos ya efectuados, el probable coste futuro de la lesi\u00f3n, el dolor y el sufrimiento, y otros factores.   <\/p>\n<p><strong class=\"heading4\">Qu\u00e9 evitar si tu hijo ha sufrido lesiones en Miramar o Florida<\/strong><\/p>\n<p>Si tu hijo ha sufrido lesiones en un accidente de coche o de otro tipo, es probable que una compa\u00f1\u00eda de seguros acabe poni\u00e9ndose en contacto contigo y te haga una oferta por el importe de la indemnizaci\u00f3n. Al tratar con esto, hay algunas cosas que querr\u00e1s evitar: <\/p>\n<p><strong>1) <\/strong>No recibir suficiente asesoramiento. Cuando tu hijo se lesiona, querr\u00e1s obtener asesoramiento m\u00e9dico sobre el probable diagn\u00f3stico y pron\u00f3stico de sus lesiones. Tambi\u00e9n querr\u00e1s obtener asesoramiento jur\u00eddico de un abogado de lesiones personales de Miramar o de tu zona sobre los costes totales probables de tus lesiones. Un abogado de lesiones personales puede ayudarte a comprender los costes totales a largo plazo de tus lesiones y los tipos de indemnizaci\u00f3n que pueden existir y que ayudar\u00edan a cubrir la mayor parte de esos costes.   <\/p>\n<p><strong>2) <\/strong>Infravalorar las lesiones de tu hijo. Es importante obtener una indemnizaci\u00f3n por la mayor parte posible de las lesiones, ya que cuantos m\u00e1s recursos econ\u00f3micos tengas, mejor calidad de cuidados podr\u00e1s proporcionar a tu hijo. <\/p>\n<p><strong>3) <\/strong>No considerar todas tus opciones. Si tienes una oferta del seguro, puedes aceptarla, intentar negociar una indemnizaci\u00f3n m\u00e1s justa o presentar una demanda judicial. Considera detenidamente todas tus opciones antes de tomar una decisi\u00f3n definitiva sobre tu caso.  <\/p>\n<p>Si usted necesita hablar con un abogado de lesiones personales para revisar sus opciones, contacte hoy mismo al Grupo Legal Flaxman para revisar su caso con un abogado de lesiones personales. El <a href=\"sobre nosotros.html\">Grupo Legal Flaxman<\/a> se enorgullece de servir al \u00e1rea de Florida del Sur y se complace en poder ofrecer consultas gratuitas y sin compromiso a todos los nuevos clientes. El objetivo del Grupo Legal Flaxman es ayudar a proteger a quienes han resultado lesionados.  <\/p>\n<\/p><\/div>\n<\/p><\/div>\n","protected":false},"excerpt":{"rendered":"<p>Sin honorarios a menos que ganemos. Llama al 866-352-9626 para una &#8230; <\/p>\n","protected":false},"author":3,"featured_media":0,"parent":0,"menu_order":0,"comment_status":"closed","ping_status":"closed","template":"template-practice-areas.php","meta":{"footnotes":""},"class_list":["post-22114","page","type-page","status-publish","hentry"],"featured_image_src":null,"featured_image_src_square":null,"_links":{"self":[{"href":"https:\/\/flaxmanlaw.com\/es\/wp-json\/wp\/v2\/pages\/22114","targetHints":{"allow":["GET"]}}],"collection":[{"href":"https:\/\/flaxmanlaw.com\/es\/wp-json\/wp\/v2\/pages"}],"about":[{"href":"https:\/\/flaxmanlaw.com\/es\/wp-json\/wp\/v2\/types\/page"}],"author":[{"embeddable":true,"href":"https:\/\/flaxmanlaw.com\/es\/wp-json\/wp\/v2\/users\/3"}],"replies":[{"embeddable":true,"href":"https:\/\/flaxmanlaw.com\/es\/wp-json\/wp\/v2\/comments?post=22114"}],"version-history":[{"count":0,"href":"https:\/\/flaxmanlaw.com\/es\/wp-json\/wp\/v2\/pages\/22114\/revisions"}],"wp:attachment":[{"href":"https:\/\/flaxmanlaw.com\/es\/wp-json\/wp\/v2\/media?parent=22114"}],"curies":[{"name":"wp","href":"https:\/\/api.w.org\/{rel}","templated":true}]}}