{"id":22115,"date":"2024-11-18T12:45:06","date_gmt":"2024-11-18T12:45:06","guid":{"rendered":"https:\/\/flaxmanlaw.wpenginepowered.com\/fallo-de-frenado-en-miramar-abogados-de-accidentes-de-camion-en-el-condado-de-broward\/"},"modified":"2024-11-18T12:45:06","modified_gmt":"2024-11-18T12:45:06","slug":"fallo-de-frenado-en-miramar-abogados-de-accidentes-de-camion-en-el-condado-de-broward","status":"publish","type":"page","link":"https:\/\/flaxmanlaw.com\/es\/fallo-de-frenado-en-miramar-abogados-de-accidentes-de-camion-en-el-condado-de-broward\/","title":{"rendered":"Fallo de frenado en Miramar | Abogados de accidentes de cami\u00f3n en el condado de Broward"},"content":{"rendered":"<div class=\"bodytext\">\n<h2>Fallo de frenado en Miramar<\/h1><\/h2>\n<div class=\"description\">\n<p>Los operadores de camiones a veces intentan mejorar los beneficios reduciendo costes, y esto puede significar retrasar las reparaciones, el mantenimiento y la sustituci\u00f3n de piezas en sus flotas. Un cami\u00f3n de gran tonelaje o una cabeza tractora con el motor averiado simplemente se detendr\u00e1, pero lo aterrador de los frenos con un mantenimiento incorrecto es que permiten que un cami\u00f3n siga avanzando. Ese cami\u00f3n con frenos peligrosos puede estar circulando con decenas de miles de kilos de carga junto a tu coche por la autopista cuando llevas a tu familia al parque o a casa desde un restaurante. Cada a\u00f1o, familias resultan heridas o incluso mueren en colisiones en la carretera en Miramar y Florida a causa de frenos de cami\u00f3n mal mantenidos.   <\/p>\n<p>Si has resultado herido en un accidente de cami\u00f3n, puede que no sepas qu\u00e9 ha causado exactamente la colisi\u00f3n. Puede que no sepas si fue un fallo de los frenos, un error del conductor u otro problema. Por eso es importante consultar con un abogado de lesiones personales r\u00e1pidamente despu\u00e9s de tu accidente. Siempre puedes ponerte en contacto con el Grupo Legal Flaxman, un bufete de servicios integrales con oficinas en Miami, Homestead y Miramar. En una evaluaci\u00f3n gratuita de tu caso, nuestro equipo legal puede ayudarte a comprender qu\u00e9 pasos puedes dar para protegerte y qu\u00e9 puedes hacer para conseguir una indemnizaci\u00f3n.    <\/p>\n<p><strong class=\"heading4\">Por qu\u00e9 el seguro puede no ser suficiente tras un accidente de coche grave en Miramar o Florida<\/strong><\/p>\n<p>Si has sufrido un accidente de tr\u00e1fico, por supuesto esperas que tu compa\u00f1\u00eda de seguros te ayude a protegerte. Al fin y al cabo, muchas aseguradoras gastan considerables cantidades de dinero en promocionarse como personas que se preocupan por tu bienestar y la seguridad de tu familia. <\/p>\n<p>Aunque es cierto que el sector de los seguros est\u00e1 lleno de personas compasivas y solidarias, sin embargo, en su conjunto las compa\u00f1\u00edas de seguros no son responsables ante ti, sino ante sus accionistas. Su principal objetivo es ganar dinero y obtener beneficios para que sus accionistas se beneficien. En caso de accidente, esto puede ser una mala noticia. Puede significar que las aseguradoras infravaloren tu reclamaci\u00f3n -a veces involuntariamente- y te dejen sin dinero para pagar todos tus gastos m\u00e9dicos, p\u00e9rdida de ingresos y otros gastos.   <\/p>\n<p><strong class=\"heading4\">\u00bfQu\u00e9 puedes hacer tras un accidente de tr\u00e1fico grave?<\/strong><\/p>\n<p>Aunque tengas un seguro excelente, puede haber muchas razones por las que el seguro no sea suficiente. Por ejemplo, tu aseguradora puede hacer una oferta antes de que se conozca el impacto total de tus lesiones. Algunas lesiones, como los trastornos de dolor cr\u00f3nico, el latigazo cervical, las lesiones de tejidos blandos e incluso algunos traumatismos craneoencef\u00e1licos, no presentan s\u00edntomas de inmediato. Para cuando te des cuenta de que tu situaci\u00f3n es m\u00e1s complicada de lo que crees y necesitar\u00e1s un tratamiento m\u00e9dico m\u00e1s amplio de lo que pensabas, puede que hayas renunciado a algunos o todos tus derechos al aceptar el dinero del seguro. En otros casos, puede haber un tope en la cantidad de dinero del seguro que puedes reclamar o la aseguradora puede infravalorar tu reclamaci\u00f3n.    <\/p>\n<p>No esperes simplemente que las compa\u00f1\u00edas de seguros te den una indemnizaci\u00f3n completa. Averigua todas tus opciones poni\u00e9ndote en contacto con un abogado de lesiones personales para que revise tu situaci\u00f3n. Siempre puedes ponerte en contacto con <a href=\"index.html\">el Grupo Legal Flaxman<\/a>, un bufete de servicios integrales, si quieres hablar sobre tu situaci\u00f3n en un an\u00e1lisis gratuito y confidencial de tu caso.  <\/p>\n<\/p><\/div>\n<\/p><\/div>\n","protected":false},"excerpt":{"rendered":"<p>Sin honorarios a menos que ganemos. Llama al 866-352-9626 para una &#8230; <\/p>\n","protected":false},"author":3,"featured_media":0,"parent":0,"menu_order":0,"comment_status":"closed","ping_status":"closed","template":"template-practice-areas.php","meta":{"footnotes":""},"class_list":["post-22115","page","type-page","status-publish","hentry"],"featured_image_src":null,"featured_image_src_square":null,"_links":{"self":[{"href":"https:\/\/flaxmanlaw.com\/es\/wp-json\/wp\/v2\/pages\/22115","targetHints":{"allow":["GET"]}}],"collection":[{"href":"https:\/\/flaxmanlaw.com\/es\/wp-json\/wp\/v2\/pages"}],"about":[{"href":"https:\/\/flaxmanlaw.com\/es\/wp-json\/wp\/v2\/types\/page"}],"author":[{"embeddable":true,"href":"https:\/\/flaxmanlaw.com\/es\/wp-json\/wp\/v2\/users\/3"}],"replies":[{"embeddable":true,"href":"https:\/\/flaxmanlaw.com\/es\/wp-json\/wp\/v2\/comments?post=22115"}],"version-history":[{"count":0,"href":"https:\/\/flaxmanlaw.com\/es\/wp-json\/wp\/v2\/pages\/22115\/revisions"}],"wp:attachment":[{"href":"https:\/\/flaxmanlaw.com\/es\/wp-json\/wp\/v2\/media?parent=22115"}],"curies":[{"name":"wp","href":"https:\/\/api.w.org\/{rel}","templated":true}]}}