{"id":22116,"date":"2024-11-18T12:45:06","date_gmt":"2024-11-18T12:45:06","guid":{"rendered":"https:\/\/flaxmanlaw.wpenginepowered.com\/miramar-automovil-y-motocicleta-abogados-de-accidentes-de-auto-en-el-condado-de-broward\/"},"modified":"2024-11-18T12:45:06","modified_gmt":"2024-11-18T12:45:06","slug":"miramar-automovil-y-motocicleta-abogados-de-accidentes-de-auto-en-el-condado-de-broward","status":"publish","type":"page","link":"https:\/\/flaxmanlaw.com\/es\/miramar-automovil-y-motocicleta-abogados-de-accidentes-de-auto-en-el-condado-de-broward\/","title":{"rendered":"Miramar Autom\u00f3vil y Motocicleta | Abogados de Accidentes de Auto en el Condado de Broward"},"content":{"rendered":"<div class=\"bodytext\">\n<h2>Miramar Autom\u00f3vil y Moto<\/h1><\/h2>\n<div class=\"description\">\n<p>En una colisi\u00f3n entre una moto y un coche, el motorista no suele tener ninguna posibilidad. En muchos casos, salen despedidos de la moto y sufren lesiones cerebrales o de la m\u00e9dula espinal por el impacto. En algunos casos, pueden quedar aplastados bajo el veh\u00edculo. Como el dep\u00f3sito de combustible no est\u00e1 tan protegido como en un coche, puede tener fugas y provocar un incendio, con las consiguientes quemaduras.   <\/p>\n<p>Si usted o un ser querido ha resultado lesionado en un choque automovil\u00edstico o de motocicleta en Miramar, contacte hoy mismo al Grupo Legal Flaxman para averiguar si tiene un caso. Usted puede calificar para una compensaci\u00f3n que le ayude a pagar los gastos m\u00e9dicos, ingresos perdidos, reparaciones del veh\u00edculo y otros gastos. <\/p>\n<p><strong class=\"heading4\">\u00bfCu\u00e1nto te proteger\u00e1 tu seguro tras un accidente de coche en Miramar?<\/strong><\/p>\n<p>Tu caso puede valer m\u00e1s de lo que crees e incluso si no est\u00e1s seguro de qui\u00e9n es el conductor culpable de tu accidente, los abogados de lesiones personales pueden evaluar detenidamente tu accidente de tr\u00e1fico y darte respuestas, as\u00ed como ayudarte a comprender si tienes un caso. Consultar a un abogado de lesiones personales en Miramar o en tu comunidad es un primer paso importante para recuperar tu vida. <\/p>\n<p>Aunque puedas estar cubierto por un seguro de coche, ten en cuenta que las compa\u00f1\u00edas de seguros de coche ganan m\u00e1s dinero cuando aceptan tus primas pero pagan la m\u00ednima cantidad posible en cualquier siniestro. En muchos casos, las personas que han sufrido lesiones graves en accidentes de coche y de tr\u00e1fico se encuentran con que el dinero del seguro cubre algunas de sus necesidades inmediatas, pero puede que no cubra los costes a largo plazo asociados a una lesi\u00f3n. Ten en cuenta que las lesiones graves, como las lesiones medulares y cerebrales, acaban sumando cientos de miles de d\u00f3lares en p\u00e9rdida de ingresos y gastos m\u00e9dicos. En algunos casos, los costes totales pueden sumar m\u00e1s de un mill\u00f3n de d\u00f3lares a lo largo de toda la vida. Las compa\u00f1\u00edas de seguros no suelen pagar esas sumas y a menudo hace falta un equipo jur\u00eddico especializado para conseguir este tipo de indemnizaciones para los demandantes.    <\/p>\n<p><strong class=\"heading4\">C\u00f3mo puede ayudar un abogado de lesiones personales<\/strong><\/p>\n<p>Ponerte en contacto con un abogado de lesiones personales te garantiza tener a alguien de tu lado que luche por tus derechos y por una indemnizaci\u00f3n justa en tu caso. La ley de Florida te permite obtener una indemnizaci\u00f3n por el dolor y el sufrimiento, las facturas m\u00e9dicas, los gastos de reparaci\u00f3n de la motocicleta, la p\u00e9rdida de ingresos, la p\u00e9rdida de oportunidades futuras de obtener ingresos, los gastos m\u00e9dicos futuros y otros gastos. Sin embargo, \u00bfc\u00f3mo conseguir\u00e1s la indemnizaci\u00f3n por estos gastos si no tienes un abogado de lesiones personales que te represente ante tu compa\u00f1\u00eda de seguros o ante el tribunal? Un buen abogado puede marcar la diferencia, as\u00ed que contacta hoy mismo con el Grupo Legal Flaxman para concertar una consulta gratuita y sin compromiso.   <\/p>\n<p>Los abogados <a href=\"contacta con nosotros.html\">del Grupo Legal Flaxman<\/a> cuentan con m\u00e1s de 60 a\u00f1os de experiencia combinada en la industria legal y de seguros que pueden poner a trabajar en tu caso. Tambi\u00e9n trabajan con un equipo de profesionales, incluyendo peritos m\u00e9dicos, expertos en reconstrucci\u00f3n de accidentes, ingenieros, investigadores privados y testigos expertos, que pueden ayudar a construir un caso s\u00f3lido. Nuestros abogados pueden ocuparse de todos los detalles de tu reclamaci\u00f3n, para que puedas centrarte en volver a tu vida normal. Si deseas una consulta gratuita y sin compromiso para revisar tu situaci\u00f3n con un abogado de lesiones personales, contacta hoy mismo <a href=\"contacta con nosotros.html\">al Grupo Legal Flaxman<\/a>.   <\/p>\n<\/p><\/div>\n<\/p><\/div>\n","protected":false},"excerpt":{"rendered":"<p>Sin honorarios a menos que ganemos. Llama al 866-352-9626 para una &#8230; <\/p>\n","protected":false},"author":3,"featured_media":0,"parent":0,"menu_order":0,"comment_status":"closed","ping_status":"closed","template":"template-practice-areas.php","meta":{"footnotes":""},"class_list":["post-22116","page","type-page","status-publish","hentry"],"featured_image_src":null,"featured_image_src_square":null,"_links":{"self":[{"href":"https:\/\/flaxmanlaw.com\/es\/wp-json\/wp\/v2\/pages\/22116","targetHints":{"allow":["GET"]}}],"collection":[{"href":"https:\/\/flaxmanlaw.com\/es\/wp-json\/wp\/v2\/pages"}],"about":[{"href":"https:\/\/flaxmanlaw.com\/es\/wp-json\/wp\/v2\/types\/page"}],"author":[{"embeddable":true,"href":"https:\/\/flaxmanlaw.com\/es\/wp-json\/wp\/v2\/users\/3"}],"replies":[{"embeddable":true,"href":"https:\/\/flaxmanlaw.com\/es\/wp-json\/wp\/v2\/comments?post=22116"}],"version-history":[{"count":0,"href":"https:\/\/flaxmanlaw.com\/es\/wp-json\/wp\/v2\/pages\/22116\/revisions"}],"wp:attachment":[{"href":"https:\/\/flaxmanlaw.com\/es\/wp-json\/wp\/v2\/media?parent=22116"}],"curies":[{"name":"wp","href":"https:\/\/api.w.org\/{rel}","templated":true}]}}