{"id":22117,"date":"2024-11-18T12:45:06","date_gmt":"2024-11-18T12:45:06","guid":{"rendered":"https:\/\/flaxmanlaw.wpenginepowered.com\/lesiones-cerebrales-en-miramar-abogados-de-accidentes-en-el-condado-de-broward-grupo-legal-flaxman\/"},"modified":"2024-11-18T12:45:06","modified_gmt":"2024-11-18T12:45:06","slug":"lesiones-cerebrales-en-miramar-abogados-de-accidentes-en-el-condado-de-broward-grupo-legal-flaxman","status":"publish","type":"page","link":"https:\/\/flaxmanlaw.com\/es\/lesiones-cerebrales-en-miramar-abogados-de-accidentes-en-el-condado-de-broward-grupo-legal-flaxman\/","title":{"rendered":"Lesiones Cerebrales en Miramar | Abogados de Accidentes en el Condado de Broward Grupo Legal Flaxman"},"content":{"rendered":"<div class=\"bodytext\">\n<h2>Lesiones cerebrales en Miramar<\/h1><\/h2>\n<div class=\"description\">\n<p>Cada a\u00f1o, las lesiones cerebrales traum\u00e1ticas en Miramar y Florida provocan 74.000 visitas a urgencias, 3.800 muertes y 18.600 hospitalizaciones en todo el estado. Actualmente, hay unos 210.000 residentes de Florida que viven con discapacidades relacionadas con lesiones cerebrales traum\u00e1ticas permanentes. Se prev\u00e9 que esa cifra aumente. Todo el mundo corre el riesgo de sufrir una lesi\u00f3n cerebral traum\u00e1tica grave causada por un accidente de coche u otro incidente, aunque estad\u00edsticamente los varones de entre 25 y 44 a\u00f1os y los mayores de 64 son los m\u00e1s vulnerables.   <\/p>\n<p>Si usted ha resultado lesionado y ha sufrido una lesi\u00f3n cerebral grave, a los abogados del Grupo Legal Flaxman les gustar\u00eda extenderle una invitaci\u00f3n a contactar con nuestras oficinas legales de lesiones personales para revisar su situaci\u00f3n con un abogado de lesiones personales. Su consulta inicial es gratuita y sin compromiso. Simplemente utilice nuestro sitio web o llame al 866-352-9626 para programar su consulta gratuita sobre accidentes.  <\/p>\n<p><strong class=\"heading4\">Las lesiones cerebrales suponen muchos retos<\/strong><\/p>\n<p>Uno de los problemas de las lesiones cerebrales es que pueden ser dif\u00edciles de detectar. A veces, alguien sufre una lesi\u00f3n deportiva o se ve implicado en un accidente de moto en Miramar o Florida y tiene la sensaci\u00f3n de que ha salido indemne. Sin embargo, pueden sufrir lesiones importantes a largo plazo, tanto emocionales como f\u00edsicas y mentales. En algunos casos, alguien se ve implicado en un accidente grave de bicicleta o en un accidente por resbal\u00f3n y ca\u00edda y se siente bien, s\u00f3lo para desarrollar s\u00edntomas graves poco despu\u00e9s. En muchos casos, retrasar el tratamiento para salvar la vida porque el paciente se siente bien tras la lesi\u00f3n inicial puede provocar una muerte. Por ello, si sospechas que t\u00fa o un ser querido hab\u00e9is sufrido o pod\u00e9is haber sufrido una lesi\u00f3n cerebral, trata el incidente como una urgencia y recaba inmediatamente la opini\u00f3n de un profesional m\u00e9dico sobre el mismo. Un diagn\u00f3stico y tratamiento adecuados podr\u00edan salvarte la vida.      <\/p>\n<p>Otro problema importante de las lesiones cerebrales y craneales es que son extremadamente caras. Quien ha sufrido este tipo de lesiones puede tener que pagar tratamiento m\u00e9dico de urgencia, medicaci\u00f3n, cuidados de por vida, salarios perdidos y mucho m\u00e1s. S\u00f3lo en el primer a\u00f1o de tratamiento, las facturas m\u00e9dicas pueden alcanzar o superar los 100.000 d\u00f3lares. A lo largo de la vida, una lesi\u00f3n grave y permanente en la cabeza puede costar millones de d\u00f3lares en p\u00e9rdida de ingresos, cuidados a largo plazo, tratamiento m\u00e9dico y mucho m\u00e1s.   <\/p>\n<p>Si te has lesionado, un abogado de lesiones personales en Miramar o en tu comunidad puede ayudarte a decidir si tienes una reclamaci\u00f3n legal u otras opciones. Adem\u00e1s, un abogado de lesiones personales puede trabajar contigo para determinar qu\u00e9 pasos quieres dar a continuaci\u00f3n y puede encargarse de los procesos legales y de seguros que sean necesarios. Por ejemplo, si has sufrido lesiones en un accidente de coche y decides presentar una reclamaci\u00f3n al seguro en tu caso, un abogado de lesiones personales puede ocuparse de todos los detalles del proceso del seguro y puede negociar para conseguir la indemnizaci\u00f3n m\u00e1s justa posible para ti.  <\/p>\n<p><strong class=\"heading4\">\u00bfNecesitas hablar con un abogado?<\/strong><\/p>\n<p>Los abogados <a href=\"index.html\">del Grupo Legal Flaxman<\/a> tienen experiencia y pueden reunirse contigo para una evaluaci\u00f3n gratuita y confidencial de tu demanda. Si has sufrido lesiones, no dudes en ponerte en contacto con nuestro bufete de servicios integrales para averiguar qu\u00e9 se puede hacer en tu situaci\u00f3n. <\/p>\n<\/p><\/div>\n<\/p><\/div>\n","protected":false},"excerpt":{"rendered":"<p>Sin honorarios a menos que ganemos. Llama al 866-352-9626 para una &#8230; <\/p>\n","protected":false},"author":3,"featured_media":0,"parent":0,"menu_order":0,"comment_status":"closed","ping_status":"closed","template":"template-practice-areas.php","meta":{"footnotes":""},"class_list":["post-22117","page","type-page","status-publish","hentry"],"featured_image_src":null,"featured_image_src_square":null,"_links":{"self":[{"href":"https:\/\/flaxmanlaw.com\/es\/wp-json\/wp\/v2\/pages\/22117","targetHints":{"allow":["GET"]}}],"collection":[{"href":"https:\/\/flaxmanlaw.com\/es\/wp-json\/wp\/v2\/pages"}],"about":[{"href":"https:\/\/flaxmanlaw.com\/es\/wp-json\/wp\/v2\/types\/page"}],"author":[{"embeddable":true,"href":"https:\/\/flaxmanlaw.com\/es\/wp-json\/wp\/v2\/users\/3"}],"replies":[{"embeddable":true,"href":"https:\/\/flaxmanlaw.com\/es\/wp-json\/wp\/v2\/comments?post=22117"}],"version-history":[{"count":0,"href":"https:\/\/flaxmanlaw.com\/es\/wp-json\/wp\/v2\/pages\/22117\/revisions"}],"wp:attachment":[{"href":"https:\/\/flaxmanlaw.com\/es\/wp-json\/wp\/v2\/media?parent=22117"}],"curies":[{"name":"wp","href":"https:\/\/api.w.org\/{rel}","templated":true}]}}