{"id":22119,"date":"2024-11-18T12:45:06","date_gmt":"2024-11-18T12:45:06","guid":{"rendered":"https:\/\/flaxmanlaw.wpenginepowered.com\/puntos-ciegos-de-miramar-abogados-de-accidentes-de-camion-del-condado-de-broward-grupo-legal-flaxman\/"},"modified":"2024-11-18T12:45:06","modified_gmt":"2024-11-18T12:45:06","slug":"puntos-ciegos-de-miramar-abogados-de-accidentes-de-camion-del-condado-de-broward-grupo-legal-flaxman","status":"publish","type":"page","link":"https:\/\/flaxmanlaw.com\/es\/puntos-ciegos-de-miramar-abogados-de-accidentes-de-camion-del-condado-de-broward-grupo-legal-flaxman\/","title":{"rendered":"Puntos Ciegos de Miramar | Abogados de Accidentes de Cami\u00f3n del Condado de Broward Grupo Legal Flaxman"},"content":{"rendered":"<div class=\"bodytext\">\n<h2>Puntos ciegos de Miramar<\/h1><\/h2>\n<div class=\"description\">\n<p>Cada a\u00f1o, graves accidentes automovil\u00edsticos y de camiones en Miramar y en toda Florida son causados por automovilistas que no revisan sus puntos ciegos. Los abogados del Grupo Legal Flaxman han lidiado con muchos de estos tipos de casos de accidentes y comprenden de primera mano lo devastadoras que pueden ser las lesiones sufridas en este tipo de colisiones de tr\u00e1fico. Si usted ha resultado lesionado en un grave accidente de tr\u00e1fico en cualquier parte de Florida del Sur y desea asesor\u00eda legal, no dude en <a href=\"contacta con nosotros.html\">contactar<\/a> hoy mismo al Grupo Legal Flaxman para recibir una revisi\u00f3n gratuita y sin compromiso de su caso.  <\/p>\n<p><strong class=\"heading4\">C\u00f3mo Prevenir Colisiones de Tr\u00e1fico por Puntos Ciegos en Miramar y Otras Ciudades de Florida<\/strong><\/p>\n<p>Hay muchas cosas que t\u00fa, como conductor, puedes hacer para prevenir los accidentes de tr\u00e1fico por \u00e1ngulo muerto en tu comunidad:<\/p>\n<p><strong>1) Ajusta los retrovisores<\/strong>. Antes de subirte al coche, t\u00f3mate un momento para asegurarte de que los espejos retrovisores y laterales est\u00e1n correctamente ajustados. Mejor a\u00fan, cambia los retrovisores de tu coche por retrovisores especiales para \u00e1ngulos muertos que te permitan ver mejor lo que hay detr\u00e1s de ti y a los lados de tu veh\u00edculo.  <\/p>\n<p><strong>2) Mant\u00e9n limpio tu coche<\/strong>. Los \u00e1ngulos muertos no s\u00f3lo se crean por el dise\u00f1o del coche. Tambi\u00e9n pueden producirse si tienes carga amontonada en el asiento trasero de tu coche o cami\u00f3n o si las ventanillas est\u00e1n tan sucias o empa\u00f1adas que no puedes ver. Aseg\u00farate de que las ventanillas est\u00e1n limpias y te permiten ver con claridad.   <\/p>\n<p><strong>3) Comprueba f\u00edsicamente tus \u00e1ngulos muertos al dar marcha atr\u00e1s, cambiar de carril o girar<\/strong>. A menos que conduzcas un descapotable, pr\u00e1cticamente no hay forma de eliminar por completo los \u00e1ngulos muertos. Dar la vuelta suele ser la mejor forma de evitar un accidente de tr\u00e1fico. S\u00f3lo te llevar\u00e1 un segundo comprobar r\u00e1pidamente tus zonas ciegas, pero puede salvarte la vida.   <\/p>\n<p><strong class=\"heading4\">Determinaci\u00f3n de la culpa en un accidente de tr\u00e1fico por \u00e1ngulo muerto<\/strong><\/p>\n<p>Si has sufrido un accidente de coche grave, puede ser dif\u00edcil determinar la culpa y determinar qu\u00e9 ocurri\u00f3 exactamente para provocar el accidente. En muchos casos, los abogados de lesiones personales de Miramar y otras comunidades trabajan con expertos en reconstrucci\u00f3n de accidentes, investigadores privados y otras personas para averiguar qu\u00e9 ocurri\u00f3. En algunos casos, una investigaci\u00f3n exhaustiva descubre informaci\u00f3n muy distinta de la investigaci\u00f3n oficial de las fuerzas de seguridad. Los abogados de lesiones personales y sus equipos de investigadores examinan todas las pruebas, incluidas:   <\/p>\n<ul>\n<li>Marcas de gubia<\/li>\n<li>Marcas de neum\u00e1ticos o derrapes en barro o grava<\/li>\n<li>Marcas de impacto o superficies impactadas, como barandillas o edificios<\/li>\n<li>C\u00e1maras de vigilancia en sem\u00e1foros o comercios cercanos<\/li>\n<li>Declaraci\u00f3n de testigos<\/li>\n<li>Software especial que puede ayudar a evaluar lo que probablemente ha causado un accidente<\/li>\n<li>Una investigaci\u00f3n exhaustiva de los veh\u00edculos implicados para ver si hubo alg\u00fan fallo mec\u00e1nico<\/li>\n<\/ul>\n<p>Los abogados del Grupo Legal Flaxman comprenden que usted puede dudar en contactar a un abogado despu\u00e9s de su accidente automovil\u00edstico. Puede ser intimidante hablar con un abogado si nunca has necesitado los servicios de un abogado antes, y tambi\u00e9n puedes estar preocupado por los costos legales. Los abogados <a href=\"index.html\">del Grupo Legal Flaxman<\/a> quieren disipar estas preocupaciones. Ofrecemos revisiones de casos sin compromiso y sin cargo, y aceptamos casos en base a honorarios de contingencia, lo que significa que usted no pagar\u00e1 hasta que y a menos que recuperemos dinero en su caso.   <\/p>\n<\/p><\/div>\n<\/p><\/div>\n","protected":false},"excerpt":{"rendered":"<p>Sin honorarios a menos que ganemos. Llama al 866-352-9626 para una &#8230; <\/p>\n","protected":false},"author":3,"featured_media":0,"parent":0,"menu_order":0,"comment_status":"closed","ping_status":"closed","template":"template-practice-areas.php","meta":{"footnotes":""},"class_list":["post-22119","page","type-page","status-publish","hentry"],"featured_image_src":null,"featured_image_src_square":null,"_links":{"self":[{"href":"https:\/\/flaxmanlaw.com\/es\/wp-json\/wp\/v2\/pages\/22119","targetHints":{"allow":["GET"]}}],"collection":[{"href":"https:\/\/flaxmanlaw.com\/es\/wp-json\/wp\/v2\/pages"}],"about":[{"href":"https:\/\/flaxmanlaw.com\/es\/wp-json\/wp\/v2\/types\/page"}],"author":[{"embeddable":true,"href":"https:\/\/flaxmanlaw.com\/es\/wp-json\/wp\/v2\/users\/3"}],"replies":[{"embeddable":true,"href":"https:\/\/flaxmanlaw.com\/es\/wp-json\/wp\/v2\/comments?post=22119"}],"version-history":[{"count":0,"href":"https:\/\/flaxmanlaw.com\/es\/wp-json\/wp\/v2\/pages\/22119\/revisions"}],"wp:attachment":[{"href":"https:\/\/flaxmanlaw.com\/es\/wp-json\/wp\/v2\/media?parent=22119"}],"curies":[{"name":"wp","href":"https:\/\/api.w.org\/{rel}","templated":true}]}}