{"id":22121,"date":"2024-11-18T12:45:06","date_gmt":"2024-11-18T12:45:06","guid":{"rendered":"https:\/\/flaxmanlaw.wpenginepowered.com\/lesiones-de-nacimiento-en-miramar-abogados-de-negligencia-medica-en-el-condado-de-broward\/"},"modified":"2024-11-18T12:45:06","modified_gmt":"2024-11-18T12:45:06","slug":"lesiones-de-nacimiento-en-miramar-abogados-de-negligencia-medica-en-el-condado-de-broward","status":"publish","type":"page","link":"https:\/\/flaxmanlaw.com\/es\/lesiones-de-nacimiento-en-miramar-abogados-de-negligencia-medica-en-el-condado-de-broward\/","title":{"rendered":"Lesiones de Nacimiento en Miramar | Abogados de Negligencia M\u00e9dica en el Condado de Broward"},"content":{"rendered":"<div class=\"bodytext\">\n<h2>Lesiones de parto en Miramar<\/h1><\/h2>\n<div class=\"description\">\n<p>Las lesiones de nacimiento en Miramar y Florida pueden producirse antes, durante y despu\u00e9s del parto, ya que los ni\u00f1os son extremadamente vulnerables durante este periodo de tiempo y pueden producirse una serie de lesiones internas, craneales, de tejidos blandos, nerviosas y \u00f3seas por imprudencia o negligencia m\u00e9dica.<\/p>\n<p>Los abogados de lesiones en el parto del Grupo Legal Flaxman han manejado miles de casos de lesiones en el parto, lesiones personales, y lesiones infantiles en Miramar y Florida del Sur. Nuestros abogados han manejado casos de lesiones en la espina dorsal, casos de lesiones cerebrales, par\u00e1lisis de Erb, y otros casos similares al suyo. Contacta hoy mismo al Grupo Legal Flaxman para averiguar si tienes una demanda legal y qu\u00e9 opciones tienes para proteger el futuro de tu hijo. Tu consulta inicial es gratuita y sin compromiso.   <\/p>\n<p><strong class=\"heading4\">Tipos de lesiones en el parto en Miramar y Florida<\/strong><\/p>\n<p>Uno de los tipos m\u00e1s comunes y graves de lesiones en el parto que se producen durante el parto afecta al cerebro. Uno de los tipos m\u00e1s comunes de lesiones cerebrales que sufren los beb\u00e9s est\u00e1 causado por la falta de ox\u00edgeno en el cerebro. Conocida como hipoxia fetal, puede estar causada por un cord\u00f3n umbilical enrollado alrededor del cuello del beb\u00e9 o por un retraso en la realizaci\u00f3n de una ces\u00e1rea de urgencia. La falta de ox\u00edgeno en el cerebro de un beb\u00e9 puede provocar discapacidades y retrasos en el desarrollo de por vida. En muchos casos, este tipo de lesiones cerebrales en Miramar y Florida pueden prevenirse si los m\u00e9dicos act\u00faan con rapidez, diagnostican adecuadamente las complicaciones y toman las medidas adecuadas para vigilar cuidadosamente al ni\u00f1o y a la madre durante el parto, a fin de garantizar que cualquier problema pueda tratarse con prontitud.    <\/p>\n<p>Otro tipo de lesi\u00f3n cong\u00e9nita, conocida como par\u00e1lisis cerebral, tambi\u00e9n est\u00e1 causada por la falta de ox\u00edgeno. Puede provocar problemas motores, escaso control muscular, funci\u00f3n cerebral afectiva y retrasos mentales, as\u00ed como problemas de visi\u00f3n y audici\u00f3n. Es una de las lesiones de nacimiento m\u00e1s frecuentes relacionadas con el cerebro y puede afectar al desarrollo del ni\u00f1o durante toda su vida.  <\/p>\n<p>Otro tipo frecuente de lesi\u00f3n en el parto se conoce como distocia de hombro. Este tipo de lesi\u00f3n suele producirse si el hombro del beb\u00e9 se atasca durante el parto y se emplea una fuerza excesiva al intentar extraerlo. Cuando se emplea una fuerza excesiva, los m\u00fasculos pueden estirarse o desgarrarse, lo que provoca problemas de movilidad y dolor al ni\u00f1o. Si las lesiones son permanentes y provocan par\u00e1lisis permanente o limitaciones de movimiento, la lesi\u00f3n se conoce como par\u00e1lisis de Erb. Esta enfermedad puede afectar al hombro, pero tambi\u00e9n a la mano y al brazo.    <\/p>\n<p><strong class=\"heading4\">Trabajar con abogados de Florida especializados en lesiones de nacimiento<\/strong><\/p>\n<p>Si tu hijo ha sufrido lesiones durante el parto o el embarazo, puede que tengas una reclamaci\u00f3n por negligencia m\u00e9dica en Miramar o Florida, o puede que tengas otro tipo de reclamaci\u00f3n legal. Interponer una demanda judicial puede ayudarte a conseguir una indemnizaci\u00f3n que te ayude a pagar los gastos m\u00e9dicos y otros cuidados de tu hijo. <\/p>\n<p>Si deseas m\u00e1s detalles, ponte en contacto con el Grupo Legal Flaxman. En el <a href=\"contacta con nosotros.html\">Grupo Legal Flaxman<\/a>, nuestros abogados de lesiones en el parto trabajan con investigadores privados y expertos m\u00e9dicos para revisar tu caso y determinar si tienes una demanda legal. Cont\u00e1ctanos hoy mismo para una evaluaci\u00f3n gratuita de tu situaci\u00f3n. Tu cita gratuita es sin compromiso y puede concertarse r\u00e1pidamente en una de nuestras tres oficinas del sur de Florida o en tu casa, lugar de trabajo u oficina. Antes de tomar decisiones que puedan afectar al futuro de tu hijo, busca primero asesoramiento jur\u00eddico.    <\/p>\n<\/p><\/div>\n<\/p><\/div>\n","protected":false},"excerpt":{"rendered":"<p>Sin honorarios a menos que ganemos. Llama al 866-352-9626 para una &#8230; <\/p>\n","protected":false},"author":3,"featured_media":0,"parent":0,"menu_order":0,"comment_status":"closed","ping_status":"closed","template":"template-practice-areas.php","meta":{"footnotes":""},"class_list":["post-22121","page","type-page","status-publish","hentry"],"featured_image_src":null,"featured_image_src_square":null,"_links":{"self":[{"href":"https:\/\/flaxmanlaw.com\/es\/wp-json\/wp\/v2\/pages\/22121","targetHints":{"allow":["GET"]}}],"collection":[{"href":"https:\/\/flaxmanlaw.com\/es\/wp-json\/wp\/v2\/pages"}],"about":[{"href":"https:\/\/flaxmanlaw.com\/es\/wp-json\/wp\/v2\/types\/page"}],"author":[{"embeddable":true,"href":"https:\/\/flaxmanlaw.com\/es\/wp-json\/wp\/v2\/users\/3"}],"replies":[{"embeddable":true,"href":"https:\/\/flaxmanlaw.com\/es\/wp-json\/wp\/v2\/comments?post=22121"}],"version-history":[{"count":0,"href":"https:\/\/flaxmanlaw.com\/es\/wp-json\/wp\/v2\/pages\/22121\/revisions"}],"wp:attachment":[{"href":"https:\/\/flaxmanlaw.com\/es\/wp-json\/wp\/v2\/media?parent=22121"}],"curies":[{"name":"wp","href":"https:\/\/api.w.org\/{rel}","templated":true}]}}