{"id":22122,"date":"2024-11-18T12:45:06","date_gmt":"2024-11-18T12:45:06","guid":{"rendered":"https:\/\/flaxmanlaw.wpenginepowered.com\/million-dollar-advocates-forum-abogados-de-lesiones-personales-en-hollywood-florida\/"},"modified":"2024-11-18T12:45:06","modified_gmt":"2024-11-18T12:45:06","slug":"million-dollar-advocates-forum-abogados-de-lesiones-personales-en-hollywood-florida","status":"publish","type":"page","link":"https:\/\/flaxmanlaw.com\/es\/million-dollar-advocates-forum-abogados-de-lesiones-personales-en-hollywood-florida\/","title":{"rendered":"Million Dollar Advocates Forum | Abogados de lesiones personales en Hollywood, Florida"},"content":{"rendered":"<div class=\"bodytext\">\n<h2>Foro de Abogados del Mill\u00f3n de D\u00f3lares<\/h1><\/h2>\n<div class=\"description\"> <img decoding=\"async\" class=\"leftphoto\" src=\"images\/million_dollar.png\" alt=\"Abogados del mill\u00f3n de d\u00f3lares\" width=\"140\"><\/p>\n<p>Charles Flaxman es miembro del Foro de Abogados del Mill\u00f3n de D\u00f3lares, uno de los grupos de abogados litigantes m\u00e1s prestigiosos de Estados Unidos.<\/p>\n<p>La afiliaci\u00f3n est\u00e1 limitada a los abogados que han ganado veredictos y acuerdos millonarios y multimillonarios. Menos del 1% de todos los abogados de Estados Unidos son miembros. <\/p>\n<p>Charles Flaxman ha ganado m\u00e1s de <strong>50 millones de d\u00f3lares<\/strong> para sus clientes.<\/p>\n<\/p><\/div>\n<\/p><\/div>\n","protected":false},"excerpt":{"rendered":"<p>Sin honorarios a menos que ganemos. Llama al 866-352-9626 para una &#8230; <\/p>\n","protected":false},"author":3,"featured_media":0,"parent":0,"menu_order":0,"comment_status":"closed","ping_status":"closed","template":"template-practice-areas.php","meta":{"footnotes":""},"class_list":["post-22122","page","type-page","status-publish","hentry"],"featured_image_src":null,"featured_image_src_square":null,"_links":{"self":[{"href":"https:\/\/flaxmanlaw.com\/es\/wp-json\/wp\/v2\/pages\/22122","targetHints":{"allow":["GET"]}}],"collection":[{"href":"https:\/\/flaxmanlaw.com\/es\/wp-json\/wp\/v2\/pages"}],"about":[{"href":"https:\/\/flaxmanlaw.com\/es\/wp-json\/wp\/v2\/types\/page"}],"author":[{"embeddable":true,"href":"https:\/\/flaxmanlaw.com\/es\/wp-json\/wp\/v2\/users\/3"}],"replies":[{"embeddable":true,"href":"https:\/\/flaxmanlaw.com\/es\/wp-json\/wp\/v2\/comments?post=22122"}],"version-history":[{"count":0,"href":"https:\/\/flaxmanlaw.com\/es\/wp-json\/wp\/v2\/pages\/22122\/revisions"}],"wp:attachment":[{"href":"https:\/\/flaxmanlaw.com\/es\/wp-json\/wp\/v2\/media?parent=22122"}],"curies":[{"name":"wp","href":"https:\/\/api.w.org\/{rel}","templated":true}]}}