{"id":22123,"date":"2024-11-18T12:45:06","date_gmt":"2024-11-18T12:45:06","guid":{"rendered":"https:\/\/flaxmanlaw.wpenginepowered.com\/accidente-de-bicicleta-en-miramar-abogados-de-accidentes-de-bicicleta-en-el-condado-de-broward\/"},"modified":"2024-11-18T12:45:06","modified_gmt":"2024-11-18T12:45:06","slug":"accidente-de-bicicleta-en-miramar-abogados-de-accidentes-de-bicicleta-en-el-condado-de-broward","status":"publish","type":"page","link":"https:\/\/flaxmanlaw.com\/es\/accidente-de-bicicleta-en-miramar-abogados-de-accidentes-de-bicicleta-en-el-condado-de-broward\/","title":{"rendered":"Accidente de Bicicleta en Miramar | Abogados de Accidentes de Bicicleta en el Condado de Broward"},"content":{"rendered":"<div class=\"bodytext\">\n<h2>Accidente de bicicleta en Miramar<\/h1><\/h2>\n<div class=\"description\">\n<p>Miramar, Florida, ha cambiado recientemente su lema por el de \u00abBelleza y Progreso\u00bb, ya que la ciudad se esfuerza por abrazar un futuro m\u00e1s verde y una econom\u00eda mejor. Actualmente, la ciudad ofrece una comunidad vibrante y diversa, as\u00ed como muchas oportunidades econ\u00f3micas y muchos empleadores. Aunque \u00abMiramar\u00bb significa \u00abvista al mar\u00bb en espa\u00f1ol, en realidad la ciudad no est\u00e1 justo en el Atl\u00e1ntico, aunque hay playas de arena blanca a poca distancia en coche.  <\/p>\n<p>Aunque Florida puede presumir de un clima suave y de ciudades hermosas como Miramar, tiene la desafortunada distinci\u00f3n de ser el estado con el mayor n\u00famero de <a href=\"muerte por negligencia.html\">v\u00edctimas mortales<\/a> <a href=\"accidentes-de-bicicleta.html\">por accidentes de bicicleta<\/a> del pa\u00eds. Como todas las ciudades de Florida, en Miramar se producen cada a\u00f1o varios accidentes graves de bicicleta. Estos accidentes de tr\u00e1fico de Miramar suelen ser frustrantes para los ciclistas, ya que estos accidentes suelen ser causados por <a href=\"accidentes-coche.html\">automovilistas<\/a> a los que las compa\u00f1\u00edas de seguros o las autoridades no hacen responsables de sus actos. Esto puede dificultar que los supervivientes del accidente recuperen la indemnizaci\u00f3n que merecen por gastos m\u00e9dicos, p\u00e9rdida de ingresos y otros costes relacionados con su accidente.   <\/p>\n<p>Muchas v\u00edctimas de accidentes de bicicleta en Miramar que se sienten frustradas por este giro de los acontecimientos acuden <a href=\"index.html\">al Grupo Legal Flaxman<\/a> para hablar con un abogado de lesiones personales en Miramar. El equipo jur\u00eddico del Grupo Legal Flaxman puede investigar la causa de un accidente, informar a un paciente de sus derechos, y perseguir a todas las partes responsables, negociar con las aseguradoras, y puede dar otros pasos para proteger el futuro de un paciente. Muchos sobrevivientes de accidentes de bicicleta en Miramar acuden al Grupo Legal Flaxman porque no quieren pasar solos por el proceso de recuperaci\u00f3n y porque quieren que alguien persiga agresivamente sus derechos.  <\/p>\n<p>Si crees que no necesitas un abogado de lesiones personales tras tu accidente de bicicleta en Miramar, quiz\u00e1 debas considerar los verdaderos costes de tus lesiones y de tu accidente. Adem\u00e1s de los gastos m\u00e9dicos iniciales de urgencia, puede que tengas que reponer los ingresos perdidos durante meses o toda la vida tras un accidente de bicicleta en Miramar. Es posible que tengas que pagar fisioterapia, cirug\u00eda est\u00e9tica para reparar cicatrices y mucho m\u00e1s. Puede que tengas que pagar para remodelar tu casa y hacerla m\u00e1s accesible despu\u00e9s de tu lesi\u00f3n. Tambi\u00e9n puede que tengas que pagar el transporte a las citas de seguimiento y puede que tengas que pagar la atenci\u00f3n de un especialista o los cuidados a domicilio. Puede haber medicamentos que necesites comprar, as\u00ed como otros dispositivos m\u00e9dicos. Tambi\u00e9n puede haber gastos relacionados con la reparaci\u00f3n o sustituci\u00f3n de tu bicicleta y de cualquier otra propiedad da\u00f1ada en el accidente.      <\/p>\n<p>Un abogado de lesiones personales puede asesorarte sobre tus derechos. El equipo jur\u00eddico del Grupo Legal Flaxman puede ayudarte a comprender c\u00f3mo te protege la ley de Florida y qu\u00e9 derechos tienes que puedes ejercer mientras te recuperas. El equipo jur\u00eddico del Grupo Legal Flaxman trabaja con reconstructores de accidentes, investigadores privados, testigos expertos y otros profesionales que pueden ayudarle a obtener respuestas sobre lo que ha causado su accidente. El equipo jur\u00eddico tambi\u00e9n est\u00e1 dispuesto a buscar agresivamente una compensaci\u00f3n a favor de las v\u00edctimas de accidentes de tr\u00e1fico en Miramar, asegur\u00e1ndose de que estas v\u00edctimas no queden tanto en el dolor como en la angustia financiera. Para averiguar m\u00e1s sobre lo que el <a href=\"contacta con nosotros.html\">Grupo Legal Flaxman<\/a> puede hacer por usted, <a href=\"contacta con nosotros.html\">contacte hoy mismo al Grupo Legal Flaxman<\/a> para programar una consulta gratuita y sin compromiso sobre su caso.    <\/p>\n<\/p><\/div>\n<\/p><\/div>\n","protected":false},"excerpt":{"rendered":"<p>Sin honorarios a menos que ganemos. Llama al 866-352-9626 para una &#8230; <\/p>\n","protected":false},"author":3,"featured_media":0,"parent":0,"menu_order":0,"comment_status":"closed","ping_status":"closed","template":"template-practice-areas.php","meta":{"footnotes":""},"class_list":["post-22123","page","type-page","status-publish","hentry"],"featured_image_src":null,"featured_image_src_square":null,"_links":{"self":[{"href":"https:\/\/flaxmanlaw.com\/es\/wp-json\/wp\/v2\/pages\/22123","targetHints":{"allow":["GET"]}}],"collection":[{"href":"https:\/\/flaxmanlaw.com\/es\/wp-json\/wp\/v2\/pages"}],"about":[{"href":"https:\/\/flaxmanlaw.com\/es\/wp-json\/wp\/v2\/types\/page"}],"author":[{"embeddable":true,"href":"https:\/\/flaxmanlaw.com\/es\/wp-json\/wp\/v2\/users\/3"}],"replies":[{"embeddable":true,"href":"https:\/\/flaxmanlaw.com\/es\/wp-json\/wp\/v2\/comments?post=22123"}],"version-history":[{"count":0,"href":"https:\/\/flaxmanlaw.com\/es\/wp-json\/wp\/v2\/pages\/22123\/revisions"}],"wp:attachment":[{"href":"https:\/\/flaxmanlaw.com\/es\/wp-json\/wp\/v2\/media?parent=22123"}],"curies":[{"name":"wp","href":"https:\/\/api.w.org\/{rel}","templated":true}]}}