{"id":22124,"date":"2024-11-18T12:45:06","date_gmt":"2024-11-18T12:45:06","guid":{"rendered":"https:\/\/flaxmanlaw.wpenginepowered.com\/muerte-por-negligencia-en-miami-abogados-de-lesiones-personales-del-condado-de-miami-dade\/"},"modified":"2025-05-06T10:04:35","modified_gmt":"2025-05-06T10:04:35","slug":"muerte-por-negligencia-en-miami-abogados-de-lesiones-personales-del-condado-de-miami-dade","status":"publish","type":"page","link":"https:\/\/flaxmanlaw.com\/es\/muerte-por-negligencia-en-miami-abogados-de-lesiones-personales-del-condado-de-miami-dade\/","title":{"rendered":"Muerte por negligencia en Miami"},"content":{"rendered":"<div class=\"bodytext\">\n<h2>Muerte por negligencia en Miami<\/h2>\n<div class=\"description\">\n<p>Miami, Florida, es una de las ciudades m\u00e1s grandes y vibrantes de Estados Unidos. Considerada un para\u00edso vacacional en todo el mundo, Miami es famosa por sus vistas al oc\u00e9ano, su clima templado y su belleza natural. Esta ciudad tur\u00edstica, la m\u00e1s meridional, ha sido clasificada como una de las ciudades m\u00e1s sanas de EE.UU. y destaca por tener algunas de las mejores instalaciones deportivas, de tenis y de golf del mundo. Con sus concurridas calles, sus famosas playas y sus grandes eventos, Miami atrae a multitudes y a un mont\u00f3n de famosos cada a\u00f1o.<\/p>\n<p>Como gran ciudad que es, Miami ve cada d\u00eda su parte justa de accidentes mortales. Si has perdido a un ser querido en un accidente causado por la negligencia de alguien, puedes sentirte enfadado y asustado. Uno de los mejores pasos que puedes dar es consultar a un abogado cualificado en lesiones personales de Miami para ver si tienes una <a href=\"muerte por negligencia.html\">demanda por homicidio culposo<\/a> o por lesiones personales en Miami que pueda, al menos, ayudarte a salvaguardar tu futuro econ\u00f3mico. Llevar adelante un caso puede garantizar que dispongas de los recursos econ\u00f3micos necesarios para ayudar a tu familia mientras empiezas a curarte.<\/p>\n<p>El bufete de abogados que elijas puede marcar una gran diferencia en tu demanda por homicidio culposo en Miami. El <a href=\"index.html\">Grupo Legal Flaxman<\/a>, por ejemplo, cuenta con d\u00e9cadas de experiencia ayudando a v\u00edctimas de lesiones personales y homicidio culposo en Florida del Sur. Como bufete de servicios integrales, el Grupo Legal Flaxman tiene <a href=\"contacta con nosotros.html\">contacto<\/a> con reconstructores de accidentes, investigadores privados y otros profesionales que pueden ayudar a investigar tu demanda. Adem\u00e1s, el equipo legal del Grupo Legal Flaxman cuenta con una extensa experiencia en negociaciones con aseguradoras y en litigios. Ya sea que decidas levantar tu demanda en la corte o s\u00f3lo quieras ayuda para negociar con tu aseguradora, el Grupo Legal Flaxman tiene el equipo legal para respaldarte en cada paso del camino.<\/p>\n<p><a href=\"contacta con nosotros.html\">Contacta<\/a> al Grupo Legal Flaxman antes de discutir tu caso con un ajustador de reclamaciones de seguros. Usted puede ser elegible para m\u00e1s compensaci\u00f3n de la que se imagina, y estos recursos financieros pueden hacer una tremenda diferencia para usted y su familia mientras buscan sanar despu\u00e9s del accidente. Tras un accidente, puede que tengas que pagar da\u00f1os materiales, facturas m\u00e9dicas finales, gastos funerarios y otros gastos. Adem\u00e1s, si el ser querido perdido era una fuente de ingresos, puede que tengas que reponer su contribuci\u00f3n a los ingresos del hogar. Estos gastos pueden ser muy importantes, y a las compa\u00f1\u00edas de seguros les interesa resolver los siniestros lo m\u00e1s r\u00e1pida y econ\u00f3micamente posible. Esto significa que muchas familias en duelo se quedan con facturas sustanciales que no cubren los costes del seguro. Hablar con un abogado de homicidio culposo de Miami antes de hablar con un perito de reclamaciones de seguros puede ayudarte a comprender el verdadero valor de tu caso y a conocer tus derechos.<\/p>\n<p>Puedes reunirte con los profesionales del Grupo Legal Flaxman para una consulta gratuita y sin compromiso para hablar sobre tu caso. Si le preocupan los costos legales, el Grupo Legal Flaxman ofrece arreglos de honorarios de contingencia, permiti\u00e9ndole diferir los costos legales hasta despu\u00e9s de cobrar una indemnizaci\u00f3n. El <a href=\"index.html\">Grupo Legal Flaxman<\/a> ha trabajado con casos de homicidio culposo en Miami y cuenta con los recursos para ponerlos a trabajar para usted.<\/p>\n<\/div>\n<\/div>\n","protected":false},"excerpt":{"rendered":"<p>Sin honorarios a menos que ganemos. Llama al 866-352-9626 para una &#8230; <\/p>\n","protected":false},"author":3,"featured_media":0,"parent":0,"menu_order":0,"comment_status":"closed","ping_status":"closed","template":"template-practice-areas.php","meta":{"footnotes":""},"class_list":["post-22124","page","type-page","status-publish","hentry"],"featured_image_src":null,"featured_image_src_square":null,"_links":{"self":[{"href":"https:\/\/flaxmanlaw.com\/es\/wp-json\/wp\/v2\/pages\/22124","targetHints":{"allow":["GET"]}}],"collection":[{"href":"https:\/\/flaxmanlaw.com\/es\/wp-json\/wp\/v2\/pages"}],"about":[{"href":"https:\/\/flaxmanlaw.com\/es\/wp-json\/wp\/v2\/types\/page"}],"author":[{"embeddable":true,"href":"https:\/\/flaxmanlaw.com\/es\/wp-json\/wp\/v2\/users\/3"}],"replies":[{"embeddable":true,"href":"https:\/\/flaxmanlaw.com\/es\/wp-json\/wp\/v2\/comments?post=22124"}],"version-history":[{"count":0,"href":"https:\/\/flaxmanlaw.com\/es\/wp-json\/wp\/v2\/pages\/22124\/revisions"}],"wp:attachment":[{"href":"https:\/\/flaxmanlaw.com\/es\/wp-json\/wp\/v2\/media?parent=22124"}],"curies":[{"name":"wp","href":"https:\/\/api.w.org\/{rel}","templated":true}]}}