{"id":22125,"date":"2024-11-18T12:45:06","date_gmt":"2024-11-18T12:45:06","guid":{"rendered":"https:\/\/flaxmanlaw.wpenginepowered.com\/neumaticos-calzados-en-miramar-reventon-de-neumatico-abogados-de-accidentes-de-camion-en-el-condado-de-broward\/"},"modified":"2024-11-18T12:45:06","modified_gmt":"2024-11-18T12:45:06","slug":"neumaticos-calzados-en-miramar-reventon-de-neumatico-abogados-de-accidentes-de-camion-en-el-condado-de-broward","status":"publish","type":"page","link":"https:\/\/flaxmanlaw.com\/es\/neumaticos-calzados-en-miramar-reventon-de-neumatico-abogados-de-accidentes-de-camion-en-el-condado-de-broward\/","title":{"rendered":"Neum\u00e1ticos Calzados en Miramar \/ Revent\u00f3n de Neum\u00e1tico | Abogados de Accidentes de Cami\u00f3n en el Condado de Broward"},"content":{"rendered":"<div class=\"bodytext\">\n<h2>Neum\u00e1ticos Calvos Miramar \/ Revent\u00f3n de Neum\u00e1ticos<\/h1><\/h2>\n<div class=\"description\">\n<p>Muchas colisiones en Miramar y en el sur de Florida se deben a problemas evitables. Muchos accidentes de camiones comerciales con remolque, por ejemplo, est\u00e1n causados por reventones de neum\u00e1ticos y problemas evitables con los neum\u00e1ticos. Si has resultado herido por este tipo de situaciones, es posible que no puedas dar marcha atr\u00e1s al reloj, pero puedes tener opciones legales al amparo de la legislaci\u00f3n de Florida.  <\/p>\n<p>Un asesor legal puede ayudarte a comprender lo que necesitas hacer para recuperar una indemnizaci\u00f3n a trav\u00e9s de una demanda por lesiones personales o por otras v\u00edas legales. Si usted ha resultado lesionado, contacte al Grupo Legal Flaxman, una firma de servicios integrales en Florida del Sur. Nuestro amable y compasivo personal puede reunirse con usted en una consulta gratuita sobre su caso para revisar sus derechos y ayudarle a comprender qu\u00e9 pasos son necesarios para ayudarle a buscar la recuperaci\u00f3n.  <\/p>\n<p><strong class=\"heading4\">Problemas con los neum\u00e1ticos de camiones en Miramar y Florida<\/strong><\/p>\n<p>Los neum\u00e1ticos de los camiones se calvan antes que los de los turismos por varias razones:<\/p>\n<ul>\n<li>Los camiones con sobrepeso y sobrecarga pueden ejercer una presi\u00f3n adicional sobre los neum\u00e1ticos de los camiones<\/li>\n<li>Defectos de fabricaci\u00f3n<\/li>\n<li>Las largas distancias recorridas pueden hacer que los neum\u00e1ticos de los camiones se desgasten m\u00e1s r\u00e1pido<\/li>\n<li>El calor elevado de Florida puede hacer que la goma de los neum\u00e1ticos se desintegre m\u00e1s r\u00e1pidamente<\/li>\n<li>Un mal dise\u00f1o de la carretera puede ejercer una presi\u00f3n adicional sobre los neum\u00e1ticos<\/li>\n<li>Un mantenimiento inadecuado -incluida una alineaci\u00f3n o rotaci\u00f3n incorrectas- puede ejercer una presi\u00f3n adicional sobre los neum\u00e1ticos<\/li>\n<\/ul>\n<p>Si has resultado herido en una colisi\u00f3n con un cami\u00f3n causada por neum\u00e1ticos reventados o calados, no hay motivo para que no te indemnicen. En muchos casos, este tipo de colisiones son evitables y est\u00e1n causadas por la negligencia o imprudencia de alguien. <\/p>\n<p><strong class=\"heading4\">\u00bfCu\u00e1les son mis derechos tras una colisi\u00f3n de tr\u00e1fico?<\/strong><\/p>\n<p>Puede ser dif\u00edcil comprender cu\u00e1les son tus derechos tras una colisi\u00f3n de tr\u00e1fico. Es normal estar asustado y alterado en ese momento, y la persona media sencillamente no estudia la ley durante largos periodos de tiempo. La realidad es que, tras una colisi\u00f3n de tr\u00e1fico, puedes tener m\u00e1s derechos de los que crees. Por ejemplo, tienes derecho a una investigaci\u00f3n exhaustiva de tu accidente. Tanto tu compa\u00f1\u00eda de seguros como la polic\u00eda pueden investigar la colisi\u00f3n. Tienes derecho a obtener copias de los resultados.     <\/p>\n<p>Tambi\u00e9n tienes derecho a hablar con un abogado de lesiones personales. Puede ser un paso importante para determinar si hay partes responsables en tu caso y si tienes derecho a reclamar una indemnizaci\u00f3n por lesiones personales. Si tu accidente fue causado por negligencia e imprudencia, puedes tener derecho a solicitar una indemnizaci\u00f3n por dolor y sufrimiento, gastos m\u00e9dicos, p\u00e9rdida de ingresos y otros da\u00f1os mediante una demanda civil. Para conocer todos tus derechos tras una colisi\u00f3n en carretera y saber c\u00f3mo protegerlos, ponte en contacto con un abogado especializado en lesiones personales para que revise tu situaci\u00f3n legal, as\u00ed como tu situaci\u00f3n econ\u00f3mica tras una colisi\u00f3n.   <\/p>\n<p>Si has sufrido lesiones graves, siempre puedes contactar con el Grupo Legal Flaxman para recibir asesor\u00eda legal. Podemos ayudarte a entender si tienes una demanda que te permita buscar compensaci\u00f3n por gastos m\u00e9dicos, dolor y sufrimiento, salarios perdidos, y m\u00e1s. Comprendemos que el momento inmediatamente posterior a un choque automovil\u00edstico grave o a un choque de cami\u00f3n puede ser devastador, y es por ello que hacemos todo lo posible para que el proceso sea lo m\u00e1s sencillo posible para ti. Ponte en contacto con nosotros hoy mismo para saber m\u00e1s.   <\/p>\n<\/p><\/div>\n<\/p><\/div>\n","protected":false},"excerpt":{"rendered":"<p>Sin honorarios a menos que ganemos. Llama al 866-352-9626 para una &#8230; <\/p>\n","protected":false},"author":3,"featured_media":0,"parent":0,"menu_order":0,"comment_status":"closed","ping_status":"closed","template":"template-practice-areas.php","meta":{"footnotes":""},"class_list":["post-22125","page","type-page","status-publish","hentry"],"featured_image_src":null,"featured_image_src_square":null,"_links":{"self":[{"href":"https:\/\/flaxmanlaw.com\/es\/wp-json\/wp\/v2\/pages\/22125","targetHints":{"allow":["GET"]}}],"collection":[{"href":"https:\/\/flaxmanlaw.com\/es\/wp-json\/wp\/v2\/pages"}],"about":[{"href":"https:\/\/flaxmanlaw.com\/es\/wp-json\/wp\/v2\/types\/page"}],"author":[{"embeddable":true,"href":"https:\/\/flaxmanlaw.com\/es\/wp-json\/wp\/v2\/users\/3"}],"replies":[{"embeddable":true,"href":"https:\/\/flaxmanlaw.com\/es\/wp-json\/wp\/v2\/comments?post=22125"}],"version-history":[{"count":0,"href":"https:\/\/flaxmanlaw.com\/es\/wp-json\/wp\/v2\/pages\/22125\/revisions"}],"wp:attachment":[{"href":"https:\/\/flaxmanlaw.com\/es\/wp-json\/wp\/v2\/media?parent=22125"}],"curies":[{"name":"wp","href":"https:\/\/api.w.org\/{rel}","templated":true}]}}