{"id":22126,"date":"2024-11-18T12:45:06","date_gmt":"2024-11-18T12:45:06","guid":{"rendered":"https:\/\/flaxmanlaw.wpenginepowered.com\/lesiones-laborales-miami-abogados-de-indemnizacion-laboral-del-condado-de-miami-dade\/"},"modified":"2025-05-06T10:25:57","modified_gmt":"2025-05-06T10:25:57","slug":"lesiones-laborales-miami-abogados-de-indemnizacion-laboral-del-condado-de-miami-dade","status":"publish","type":"page","link":"https:\/\/flaxmanlaw.com\/es\/lesiones-laborales-miami-abogados-de-indemnizacion-laboral-del-condado-de-miami-dade\/","title":{"rendered":"Lesiones Laborales en Miami"},"content":{"rendered":"<div class=\"bodytext\">\n<h2>Lesiones laborales en Miami<\/h2>\n<div class=\"description\">\n<p>Miami es una de las ciudades m\u00e1s grandes de EEUU. Es un importante puerto de escala de cruceros, as\u00ed como un destino tur\u00edstico. Inmortalizada en programas de televisi\u00f3n, pel\u00edculas y canciones, Miami es famosa por sus playas y su cultura de famosos. Debido a su tama\u00f1o y crecimiento econ\u00f3mico, cuenta con algunos de los mayores empleadores del estado, y continuamente se abren nuevas empresas en la ciudad.<\/p>\n<p><strong class=\"heading4\">Lesiones laborales en Miami y alrededores<\/strong><\/p>\n<p>Aunque Miami ofrece muchas oportunidades de trabajo, cada a\u00f1o los empleados que buscan estas oportunidades sufren lesiones graves o incluso mueren en el lugar de trabajo, a menudo debido a lesiones y accidentes evitables. Si resultas herido en Miami, tus lesiones pueden ser muy costosas y puedes perder la posibilidad de avanzar en tu carrera o de ganar el salario al que estabas acostumbrado. Para proteger tu futuro financiero y el de tu familia, quiz\u00e1 quieras hablar con un abogado de lesiones personales en Miami para revisar todas tus opciones. Siempre puedes <a href=\"contacta con nosotros.html\">contactar<\/a> al Grupo Legal Flaxman si necesitas hablar con un profesional legal sobre tu caso.<\/p>\n<p><strong class=\"heading4\">Muertes en el trabajo en Miami<\/strong><\/p>\n<p>Los fallecimientos relacionados con el trabajo devastan a las familias y a menudo tambi\u00e9n causan graves p\u00e9rdidas econ\u00f3micas a hogares enteros. Adem\u00e1s de los gastos finales, las familias en duelo pueden perder a un miembro de la familia que les aportaba ingresos y pueden tener que hacer frente a importantes gastos m\u00e9dicos finales. En algunos casos, la familia puede tener derecho a presentar una demanda por homicidio culposo en Miami o en su comunidad. La indemnizaci\u00f3n derivada de una reclamaci\u00f3n legal puede ayudar a la familia a pagar los gastos relacionados con la lesi\u00f3n y puede ayudar a pagar los salarios perdidos de un ser querido.<\/p>\n<p>Por desgracia, la violencia laboral se ha convertido en un grave problema para los trabajadores de Florida. En los \u00faltimos a\u00f1os, ha habido numerosos informes de personas que han muerto en el trabajo a causa de la violencia. Los empresarios tienen la responsabilidad de proporcionar un lugar de trabajo seguro a los empleados, y eso significa examinar cuidadosamente a los dem\u00e1s empleados y proporcionar un lugar de trabajo seguro con precauciones de seguridad razonables.<\/p>\n<ul>\n<li>Hay muchas razones por las que puede producirse la violencia laboral:<\/li>\n<li>los empresarios no advierten el comportamiento agresivo o violento de los empleados o no act\u00faan al respecto<\/li>\n<li>los empresarios no seleccionan a sus empleados y clientes<\/li>\n<li>los empresarios no aseguran una propiedad ni sus ventanas, puertas y sistemas de seguridad<\/li>\n<li>los empresarios no responden a las amenazas y a las condiciones de trabajo inseguras<\/li>\n<li>los empresarios no reaccionan ante un estallido violento u otros comportamientos de riesgo<\/li>\n<\/ul>\n<p>Cuando los empresarios son negligentes a la hora de proporcionar un lugar de trabajo seguro y, como consecuencia, los empleados resultan heridos, los empleados que han resultado heridos pueden tener una reclamaci\u00f3n legal. Pueden presentar una demanda por responsabilidad de las instalaciones en Miami o en su comunidad, u otro tipo de reclamaci\u00f3n legal. Si has sufrido lesiones en el lugar de trabajo debido a la violencia laboral, ponte en contacto con un abogado de lesiones personales de tu comunidad para saber m\u00e1s sobre tus derechos y opciones.<\/p>\n<p>Si usted ha sufrido lesiones debido a su trabajo o ha perdido a un ser querido debido a lesiones laborales, contacte al Grupo Legal Flaxman para revisar sus derechos con un profesional de las leyes. El personal jur\u00eddico del <a href=\"index.html\">Grupo Legal<\/a> Flaxman ha resuelto exitosamente miles de casos de lesiones personales y laborales en Miami y en todo Florida del Sur durante los \u00faltimos 25 a\u00f1os. Averig\u00fce cu\u00e1nto puede valer su caso &#8211; contacte hoy mismo al Grupo Legal Flaxman para programar una evaluaci\u00f3n gratuita de su caso.<\/p>\n<\/div>\n<\/div>\n","protected":false},"excerpt":{"rendered":"<p>Sin honorarios a menos que ganemos. Llama al 866-352-9626 para una &#8230; <\/p>\n","protected":false},"author":3,"featured_media":0,"parent":0,"menu_order":0,"comment_status":"closed","ping_status":"closed","template":"template-practice-areas.php","meta":{"footnotes":""},"class_list":["post-22126","page","type-page","status-publish","hentry"],"featured_image_src":null,"featured_image_src_square":null,"_links":{"self":[{"href":"https:\/\/flaxmanlaw.com\/es\/wp-json\/wp\/v2\/pages\/22126","targetHints":{"allow":["GET"]}}],"collection":[{"href":"https:\/\/flaxmanlaw.com\/es\/wp-json\/wp\/v2\/pages"}],"about":[{"href":"https:\/\/flaxmanlaw.com\/es\/wp-json\/wp\/v2\/types\/page"}],"author":[{"embeddable":true,"href":"https:\/\/flaxmanlaw.com\/es\/wp-json\/wp\/v2\/users\/3"}],"replies":[{"embeddable":true,"href":"https:\/\/flaxmanlaw.com\/es\/wp-json\/wp\/v2\/comments?post=22126"}],"version-history":[{"count":0,"href":"https:\/\/flaxmanlaw.com\/es\/wp-json\/wp\/v2\/pages\/22126\/revisions"}],"wp:attachment":[{"href":"https:\/\/flaxmanlaw.com\/es\/wp-json\/wp\/v2\/media?parent=22126"}],"curies":[{"name":"wp","href":"https:\/\/api.w.org\/{rel}","templated":true}]}}