{"id":22127,"date":"2024-11-18T12:45:09","date_gmt":"2024-11-18T12:45:09","guid":{"rendered":"https:\/\/flaxmanlaw.wpenginepowered.com\/lesiones-personales-en-north-lauderdale-abogados-de-accidentes-en-el-condado-de-broward\/"},"modified":"2025-12-04T04:02:46","modified_gmt":"2025-12-04T04:02:46","slug":"lesiones-personales-en-north-lauderdale-abogados-de-accidentes-en-el-condado-de-broward","status":"publish","type":"page","link":"https:\/\/flaxmanlaw.com\/es\/lesiones-personales-en-north-lauderdale-abogados-de-accidentes-en-el-condado-de-broward\/","title":{"rendered":"Lesiones personales en North Lauderdale | Abogados en Broward"},"content":{"rendered":"<div class=\"bodytext\">\n<h2>Lesiones personales en North Lauderdale<\/h1><\/h2>\n<div class=\"description\">\n<p>North Lauderdale, Florida, fue desarrollada por el famoso arquitecto Morris Lapidus, que concibi\u00f3 la ciudad como \u00abLa Ciudad del Ma\u00f1ana\u00bb. Situada en el condado de Broward, North Lauderdale es hoy una comunidad diversa, de bella arquitectura y f\u00e1cil acceso al Atl\u00e1ntico. La ciudad tiene unos 8 km2 y cuenta con calles arboladas y muchos espacios verdes y parques, que ofrecen muchas oportunidades recreativas.<\/p>\n<p>El Grupo Legal Flaxman se enorgullece de servir a North Lauderdale y sus alrededores. Si te has visto involucrado en un accidente automovil\u00edstico en North Lauderdale, en un accidente de barco, o has sufrido lesiones de cualquier otra forma, contacta al Grupo Legal Flaxman para recibir ayuda inmediata. Nuestro experimentado equipo jur\u00eddico puede ofrecerte asesoramiento, apoyo y representaci\u00f3n. El bufete de servicios integrales conocido como Grupo Legal Flaxman cuenta con una consolidada reputaci\u00f3n ayudando a las v\u00edctimas de Florida y North Lauderdale.<\/p>\n<p>El equipo jur\u00eddico del <a href=\"sobre nosotros.html\">Grupo Legal Flaxman<\/a> ha ayudado a miles de pacientes de Florida y North Lauderdale con lesiones por quemaduras, lesiones en la m\u00e9dula espinal y otros pacientes que sufren diferentes lesiones. Con una gama de \u00e1reas de pr\u00e1ctica, una firma legal establecida y miles de casos exitosos en nuestro haber, el Grupo Legal Flaxman tiene la experiencia con la que puedes contar. Si t\u00fa o un ser querido han sufrido lesiones personales en North Lauderdale, contacta al Grupo Legal Flaxman para una consulta gratuita y sin compromiso para hablar sobre tu caso. Podemos ayudarte a comprender tus derechos y opciones para que puedas tomar una decisi\u00f3n con conocimiento de causa.<\/p>\n<p>Si necesitas un abogado de lesiones personales en North Lauderdale, hay muchas razones para contactar al equipo del Grupo Legal Flaxman. El equipo jur\u00eddico del Grupo Legal Flaxman es experimentado y compasivo, y est\u00e1 dispuesto a ayudar. Nuestro equipo jur\u00eddico puede incluso reunirse contigo en la habitaci\u00f3n del hospital, en tu casa o en tu despacho, si lo prefieres. Con una reputaci\u00f3n establecida y miles de casos exitosos, el Grupo Legal Flaxman cuenta con una amplia experiencia. Llevamos d\u00e9cadas representando a v\u00edctimas de lesiones personales y comprendemos los retos y necesidades \u00fanicos de las demandas por lesiones personales en North Lauderdale. Para averiguar c\u00f3mo podemos ayudarte, <a href=\"contacta con nosotros.html\">contacta con el Grupo Legal Flaxman<\/a> para una consulta gratuita sobre accidentes y hablar de tu caso.<\/p>\n<p>North Lauderdale, Florida, se encuentra a unos veinte minutos de las oficinas del Grupo Legal Flaxman en Hollywood. Para llegar al grupo de abogados Flaxman desde North Lauderdale, conduce hacia el este por Kimberly Boulevard, y gira a la derecha en Rock Island Road. Despu\u00e9s, gira a la izquierda en W Commercial Boulevard y utiliza la rampa para entrar en Florida&#8217;s Turnpike\/Ronald Reagan Turnpike. Toma la salida de FL-820\/Hollywood Boulevard hacia Pines Boulevard (salida 49) y gira a la derecha en FL-820 E\/Hollywood Boulevard. Gira a la izquierda en FL-7 N y a la derecha en Johnson Street. Sigue conduciendo hasta el 5715 de la calle Johnson, que es donde se encuentra el Grupo Legal Flaxman.<\/p>\n<\/div>\n<\/div>\n","protected":false},"excerpt":{"rendered":"<p>Sin honorarios a menos que ganemos. Llama al 866-352-9626 para una &#8230; <\/p>\n","protected":false},"author":3,"featured_media":0,"parent":0,"menu_order":0,"comment_status":"closed","ping_status":"closed","template":"template-practice-areas.php","meta":{"footnotes":""},"class_list":["post-22127","page","type-page","status-publish","hentry"],"featured_image_src":null,"featured_image_src_square":null,"_links":{"self":[{"href":"https:\/\/flaxmanlaw.com\/es\/wp-json\/wp\/v2\/pages\/22127","targetHints":{"allow":["GET"]}}],"collection":[{"href":"https:\/\/flaxmanlaw.com\/es\/wp-json\/wp\/v2\/pages"}],"about":[{"href":"https:\/\/flaxmanlaw.com\/es\/wp-json\/wp\/v2\/types\/page"}],"author":[{"embeddable":true,"href":"https:\/\/flaxmanlaw.com\/es\/wp-json\/wp\/v2\/users\/3"}],"replies":[{"embeddable":true,"href":"https:\/\/flaxmanlaw.com\/es\/wp-json\/wp\/v2\/comments?post=22127"}],"version-history":[{"count":0,"href":"https:\/\/flaxmanlaw.com\/es\/wp-json\/wp\/v2\/pages\/22127\/revisions"}],"wp:attachment":[{"href":"https:\/\/flaxmanlaw.com\/es\/wp-json\/wp\/v2\/media?parent=22127"}],"curies":[{"name":"wp","href":"https:\/\/api.w.org\/{rel}","templated":true}]}}