{"id":22128,"date":"2024-11-18T12:45:06","date_gmt":"2024-11-18T12:45:06","guid":{"rendered":"https:\/\/flaxmanlaw.wpenginepowered.com\/accidentes-por-cambio-imprudente-de-carril-en-miami-abogados-de-accidentes-de-trafico-del-condado-de-miami-dade\/"},"modified":"2024-11-18T12:45:06","modified_gmt":"2024-11-18T12:45:06","slug":"accidentes-por-cambio-imprudente-de-carril-en-miami-abogados-de-accidentes-de-trafico-del-condado-de-miami-dade","status":"publish","type":"page","link":"https:\/\/flaxmanlaw.com\/es\/accidentes-por-cambio-imprudente-de-carril-en-miami-abogados-de-accidentes-de-trafico-del-condado-de-miami-dade\/","title":{"rendered":"Accidentes por cambio imprudente de carril en Miami | Abogados de accidentes de tr\u00e1fico del condado de Miami-Dade"},"content":{"rendered":"<div class=\"bodytext\">\n<h2>Accidentes por Cambio de Carril Inseguro en Miami<\/h1><\/h2>\n<div class=\"description\">\n<p>En autopistas y carreteras, algunas maniobras son sencillamente m\u00e1s peligrosas que otras. Por ejemplo, cuando tu coche se acerca a una intersecci\u00f3n o cuando intentas hacer un cambio de carril, est\u00e1s corriendo un riesgo mayor que cuando conduces recto por una carretera con poco tr\u00e1fico. Por desgracia, los accidentes de coche causados por cambios incorrectos de carril en Miami y otras comunidades de Florida son frecuentes y pueden causar lesiones graves e incluso devastadoras.  <\/p>\n<p>\u00bfHas resultado herido en una colisi\u00f3n de veh\u00edculos de motor causada por alguien que hizo un cambio de carril negligente? Tienes opciones legales, pero en muchos casos necesitar\u00e1s asesor\u00eda legal, as\u00ed como la representaci\u00f3n de un abogado experto para tener la ventaja de la ley de tu lado. Los abogados del Grupo Legal Flaxman han tratado con miles de accidentes de cambio de carril, accidentes de tr\u00e1fico y otros tipos de colisiones. De hecho, nuestros abogados ya han recuperado m\u00e1s de 100 millones de d\u00f3lares a favor de demandantes por accidentes automovil\u00edsticos y lesiones personales en todo el Sur de Florida. Ponte en contacto con nuestro bufete de servicios integrales para averiguar qu\u00e9 opciones legales pueden existir en tu caso.    <\/p>\n<p><strong class=\"heading4\">\u00bfQu\u00e9 causa las colisiones por cambio de carril inseguro?<\/strong><\/p>\n<p>Los accidentes de coche por cambio de carril en Miami y Florida suelen deberse a:<\/p>\n<ul>\n<li>Conductores que no comprueban el tr\u00e1fico circundante antes de cambiar de carril<\/li>\n<li>Conductores que no se\u00f1alizan correctamente al cambiar de carril<\/li>\n<li>Conductores que adelantan de forma incorrecta o peligrosa<\/li>\n<li>Conducci\u00f3n temeraria<\/li>\n<li>Conducci\u00f3n agresiva<\/li>\n<li>Conducci\u00f3n bajo los efectos del alcohol<\/li>\n<li>Conducci\u00f3n distra\u00edda<\/li>\n<li>Conductores que cortan el paso a otros automovilistas al adelantar<\/li>\n<\/ul>\n<p><strong class=\"heading4\">Los cambios de carril peligrosos provocan lesiones devastadoras<\/strong><\/p>\n<p>Por desgracia, muchos accidentes por cambio de carril inseguro se saldan con muertos o heridos graves, porque en muchos casos la velocidad es un factor. En muchos casos, cuando la gente cambia de carril, acelera para adelantar a otro veh\u00edculo o para adelantarse a otro coche o cami\u00f3n que circula en sentido contrario. Esto puede provocar una colisi\u00f3n grave si el conductor no comprueba que no haya tr\u00e1fico en sentido contrario u otro tr\u00e1fico que pueda chocar contra \u00e9l. Como la velocidad suele ser un factor, los accidentes por cambio de carril pueden causar:   <\/p>\n<ul>\n<li>Amputaci\u00f3n<\/li>\n<li>Lesiones internas<\/li>\n<li>Desfiguraci\u00f3n o cicatrizaci\u00f3n<\/li>\n<li>Lesiones en la cabeza<\/li>\n<li>Lesiones medulares<\/li>\n<li>Latigazo cervical<\/li>\n<li>Lesiones de tejidos blandos<\/li>\n<li>Fracturas<\/li>\n<li>Fallecidos<\/li>\n<\/ul>\n<p><strong class=\"heading4\">\u00bfHa muerto un ser querido en un accidente por cambio de carril imprudente?<\/strong><\/p>\n<p>Por desgracia, los accidentes por cambio de carril pueden provocar muertes, y a menudo lo hacen. A menudo, este tipo de accidentes se producen en autopistas y autov\u00edas de alta velocidad y ocurren porque un conductor est\u00e1 intentando adelantar a otro o est\u00e1 intentando incorporarse a un carril y acelera para hacer un cambio de carril. Si has perdido a un ser querido en este tipo de accidente de tr\u00e1fico, no hay forma de volver atr\u00e1s en el tiempo, pero tal vez puedas conseguir una indemnizaci\u00f3n en una demanda por homicidio culposo en tu comunidad para pagar los gastos m\u00e9dicos finales, los gastos funerarios, la p\u00e9rdida de compa\u00f1\u00eda y otros gastos. Para saber m\u00e1s, ponte en contacto con un abogado de lesiones personales de tu comunidad para revisar tus opciones legales y tus derechos jur\u00eddicos.   <\/p>\n<p>El Grupo Legal Flaxman es una firma de servicios integrales en Florida del Sur. Nuestros abogados comprenden que aunque no podemos dar marcha atr\u00e1s al reloj, hay muchas cosas que pueden hacerse desde una perspectiva legal despu\u00e9s de una colisi\u00f3n para ayudarle a recuperar una compensaci\u00f3n justa y ayudarle a buscar justicia en su situaci\u00f3n. Los abogados del Grupo Legal Flaxman cuentan con m\u00e1s de seis d\u00e9cadas de experiencia y estar\u00edan encantados de reunirse con usted en una evaluaci\u00f3n gratuita y sin compromiso de su caso para revisar sus opciones legales. <a href=\"contacta con nosotros.html\">Contacta hoy mismo con nuestro bufete<\/a> para obtener m\u00e1s informaci\u00f3n.  <\/p>\n<\/p><\/div>\n<\/p><\/div>\n","protected":false},"excerpt":{"rendered":"<p>Sin honorarios a menos que ganemos. Llama al 866-352-9626 para una &#8230; <\/p>\n","protected":false},"author":3,"featured_media":0,"parent":0,"menu_order":0,"comment_status":"closed","ping_status":"closed","template":"template-practice-areas.php","meta":{"footnotes":""},"class_list":["post-22128","page","type-page","status-publish","hentry"],"featured_image_src":null,"featured_image_src_square":null,"_links":{"self":[{"href":"https:\/\/flaxmanlaw.com\/es\/wp-json\/wp\/v2\/pages\/22128","targetHints":{"allow":["GET"]}}],"collection":[{"href":"https:\/\/flaxmanlaw.com\/es\/wp-json\/wp\/v2\/pages"}],"about":[{"href":"https:\/\/flaxmanlaw.com\/es\/wp-json\/wp\/v2\/types\/page"}],"author":[{"embeddable":true,"href":"https:\/\/flaxmanlaw.com\/es\/wp-json\/wp\/v2\/users\/3"}],"replies":[{"embeddable":true,"href":"https:\/\/flaxmanlaw.com\/es\/wp-json\/wp\/v2\/comments?post=22128"}],"version-history":[{"count":0,"href":"https:\/\/flaxmanlaw.com\/es\/wp-json\/wp\/v2\/pages\/22128\/revisions"}],"wp:attachment":[{"href":"https:\/\/flaxmanlaw.com\/es\/wp-json\/wp\/v2\/media?parent=22128"}],"curies":[{"name":"wp","href":"https:\/\/api.w.org\/{rel}","templated":true}]}}