{"id":22130,"date":"2024-11-18T12:45:09","date_gmt":"2024-11-18T12:45:09","guid":{"rendered":"https:\/\/flaxmanlaw.wpenginepowered.com\/accidente-de-coche-en-north-bay-village-abogados-de-lesiones-de-coche-en-el-condado-de-miami-dade\/"},"modified":"2024-11-18T12:45:09","modified_gmt":"2024-11-18T12:45:09","slug":"accidente-de-coche-en-north-bay-village-abogados-de-lesiones-de-coche-en-el-condado-de-miami-dade","status":"publish","type":"page","link":"https:\/\/flaxmanlaw.com\/es\/accidente-de-coche-en-north-bay-village-abogados-de-lesiones-de-coche-en-el-condado-de-miami-dade\/","title":{"rendered":"Accidente de coche en North Bay Village | Abogados de lesiones de coche en el condado de Miami-Dade"},"content":{"rendered":"<div class=\"bodytext\">\n<h2>Accidente de tr\u00e1fico en North Bay Village<\/h1><\/h2>\n<div class=\"description\">\n<p>North Bay Village, en el condado de Miami-Dade de Florida, es famoso por ser un destino maravilloso lleno de lujos. La jet set y los famosos han utilizado tradicionalmente North Bay Village como patio de recreo, atra\u00eddos por la belleza natural y el clima c\u00e1lido de la zona. Establecida por primera vez en la d\u00e9cada de 1940, North Bay Village estaba originalmente bajo el agua y tuvo varios retos de planificaci\u00f3n y dise\u00f1o a medida que crec\u00eda hasta convertirse en la hermosa comunidad actual.  <\/p>\n<p>Por desgracia, los costes m\u00e9dicos llevan tiempo aumentando. Si has sufrido un accidente de coche, puede que el elevado coste de la atenci\u00f3n m\u00e9dica te suponga un grave estr\u00e9s econ\u00f3mico tras tu accidente de coche en North Bay Village. Una simple hospitalizaci\u00f3n de urgencia puede suponer cientos de miles de d\u00f3lares en cuidados. Si necesitas cuidados a largo plazo debido a una lesi\u00f3n medular, una quemadura o una lesi\u00f3n cerebral tras tu accidente de coche, puede que tu seguro s\u00f3lo cubra una peque\u00f1a parte. Puedes encontrarte con que los costes totales de por vida de tus lesiones por accidente de coche en North Bay Village cuestan millones de d\u00f3lares, sobre todo si necesitas asistencia domiciliaria u otros cuidados costosos.    <\/p>\n<p>Un abogado cualificado en accidentes de coche en North Bay Village puede ayudarte a conseguir la indemnizaci\u00f3n y la recuperaci\u00f3n que necesitas para cuidar adecuadamente de tu salud. No descuides tu recuperaci\u00f3n ni trates de ahorrar dinero en tus gastos m\u00e9dicos debido al estr\u00e9s financiero despu\u00e9s de un accidente. Contacta con el Grupo Legal Flaxman para averiguar c\u00f3mo obtener cuidados de calidad sin tener que declararte en bancarrota.  <\/p>\n<p>Aunque el seguro est\u00e1 pensado para aliviar el estr\u00e9s econ\u00f3mico de un accidente de coche, en muchos casos los peritos de siniestros se limitan a hacer una estimaci\u00f3n de los costes de las lesiones por accidente de coche en North Bay Village. En algunos casos, estas estimaciones pueden no reflejar los costes totales del tratamiento. Por ejemplo, los peritos de seguros pueden no tener en cuenta los cuidados a domicilio, la p\u00e9rdida de ingresos, los medicamentos, los elementos de accesibilidad y los cuidados a domicilio al hacer sus estimaciones. Asimismo, las compa\u00f1\u00edas de seguros pueden no tener en cuenta los cuidados a largo plazo o la recuperaci\u00f3n a largo plazo al hacer sus estimaciones. Esto significa que las v\u00edctimas de accidentes de coche en North Bay Village pueden acabar teniendo que pagar decenas de miles de d\u00f3lares o incluso m\u00e1s de sus propias cuentas bancarias para cubrir la asistencia sanitaria.    <\/p>\n<p>Con un buen abogado de accidentes automovil\u00edsticos en North Bay Village, esto no tiene por qu\u00e9 sucederte. Un buen abogado del Grupo Legal Flaxman puede negociar con las aseguradoras en tu nombre, puede elaborar un estimado preciso de tus costos m\u00e9dicos totales, y puede ayudar a asegurar que obtengas la atenci\u00f3n y la asistencia financiera que mereces bajo la ley de Florida para que puedas recuperarte tan completamente como sea posible. El equipo legal del Grupo Legal Flaxman cuenta con d\u00e9cadas de experiencia y ya ha ayudado a miles de v\u00edctimas de lesiones a recuperarse por sus accidentes. Llama hoy mismo al Grupo Legal Flaxman para recibir una consulta gratuita sobre accidentes y hablar sobre tus opciones y tu futuro.   <\/p>\n<p>Las oficinas del Grupo Legal Flaxman en Miami est\u00e1n a un corto trayecto en coche de North Bay Village. Simplemente sigue Adventure Ave., N Bay Causeway, NE 79th St., Biscayne Blvd., NE 38th St., I-195 W, I-95 S, FL-836 W y FL-959 S\/NW 57th Ave\/N Red Rd. hasta las oficinas del Grupo Legal Flaxman en el 6303 Blue Lagoon Dr., Suite 400. Si lo prefieres, tambi\u00e9n puedes visitar las oficinas de Hollywood en el 5715 de Johnson Street o las oficinas de Homestead en el 123 North Krome Avenue #101. Ya que muchas v\u00edctimas de accidentes automovil\u00edsticos en Florida est\u00e1n demasiado seriamente lesionadas para manejar, el equipo jur\u00eddico del Grupo Legal Flaxman tambi\u00e9n est\u00e1 feliz de visitar a los clientes en sus hogares, lugares de trabajo, y cuartos de hospital. Llame hoy mismo para programar una consulta donde le sea m\u00e1s conveniente.<\/p>\n<\/p><\/div>\n<\/p><\/div>\n","protected":false},"excerpt":{"rendered":"<p>Sin honorarios a menos que ganemos. Llama al 866-352-9626 para una &#8230; <\/p>\n","protected":false},"author":3,"featured_media":0,"parent":0,"menu_order":0,"comment_status":"closed","ping_status":"closed","template":"template-practice-areas.php","meta":{"footnotes":""},"class_list":["post-22130","page","type-page","status-publish","hentry"],"featured_image_src":null,"featured_image_src_square":null,"_links":{"self":[{"href":"https:\/\/flaxmanlaw.com\/es\/wp-json\/wp\/v2\/pages\/22130","targetHints":{"allow":["GET"]}}],"collection":[{"href":"https:\/\/flaxmanlaw.com\/es\/wp-json\/wp\/v2\/pages"}],"about":[{"href":"https:\/\/flaxmanlaw.com\/es\/wp-json\/wp\/v2\/types\/page"}],"author":[{"embeddable":true,"href":"https:\/\/flaxmanlaw.com\/es\/wp-json\/wp\/v2\/users\/3"}],"replies":[{"embeddable":true,"href":"https:\/\/flaxmanlaw.com\/es\/wp-json\/wp\/v2\/comments?post=22130"}],"version-history":[{"count":0,"href":"https:\/\/flaxmanlaw.com\/es\/wp-json\/wp\/v2\/pages\/22130\/revisions"}],"wp:attachment":[{"href":"https:\/\/flaxmanlaw.com\/es\/wp-json\/wp\/v2\/media?parent=22130"}],"curies":[{"name":"wp","href":"https:\/\/api.w.org\/{rel}","templated":true}]}}