{"id":22131,"date":"2024-11-18T12:45:09","date_gmt":"2024-11-18T12:45:09","guid":{"rendered":"https:\/\/flaxmanlaw.wpenginepowered.com\/north-miami-automovil-y-motocicleta-abogados-de-accidentes-de-auto-en-el-condado-de-miami-dade\/"},"modified":"2024-11-18T12:45:09","modified_gmt":"2024-11-18T12:45:09","slug":"north-miami-automovil-y-motocicleta-abogados-de-accidentes-de-auto-en-el-condado-de-miami-dade","status":"publish","type":"page","link":"https:\/\/flaxmanlaw.com\/es\/north-miami-automovil-y-motocicleta-abogados-de-accidentes-de-auto-en-el-condado-de-miami-dade\/","title":{"rendered":"North Miami Autom\u00f3vil y Motocicleta | Abogados de Accidentes de Auto en el Condado de Miami-Dade"},"content":{"rendered":"<div class=\"bodytext\">\n<h2>North Miami Autom\u00f3vil y Motocicleta<\/h1><\/h2>\n<div class=\"description\">\n<p>\u00bfHas resultado herido en un accidente de moto y coche en North Miami o en otra ciudad local? Si eres motorista, es posible que hayas sufrido lesiones graves debido a la diferencia de tama\u00f1o y fuerza entre ambos veh\u00edculos. Si \u00e9ste es el caso, querr\u00e1s tomar medidas ahora para proteger tus derechos a una indemnizaci\u00f3n justa. Consulta a un abogado especializado en lesiones personales para proteger tus derechos y tu futuro.   <\/p>\n<p>Si est\u00e1s buscando un abogado de accidentes de tr\u00e1fico, no dudes en contactar con el Grupo Legal Flaxman para hablar con uno de nuestros abogados. Nuestros abogados cuentan con m\u00e1s de seis d\u00e9cadas de experiencia en la industria de seguros y en juicios, y ofrecemos consultas gratuitas y sin compromiso, as\u00ed que no tiene nada que perder al conocer los hechos sobre su situaci\u00f3n legal. <\/p>\n<p><strong class=\"heading4\">\u00bfQu\u00e9 derechos tienes tras una colisi\u00f3n de moto y autom\u00f3vil?<\/strong><\/p>\n<p>Es importante tener en cuenta que, tras un accidente de tr\u00e1fico en el que se hayan visto implicados una motocicleta y un coche, tienes derechos y opciones legales. Si el accidente no fue causado por culpa tuya y has resultado gravemente herido o has sufrido da\u00f1os, puedes presentar una reclamaci\u00f3n legal para obtener una indemnizaci\u00f3n por el dolor y el sufrimiento, los da\u00f1os materiales, la p\u00e9rdida de ingresos, las facturas m\u00e9dicas y otros gastos. <\/p>\n<p>Esto es muy importante si has sufrido lesiones graves y tus gastos son considerables. No perseguir la justicia y una reclamaci\u00f3n legal en este caso podr\u00eda significar que acabes teniendo que pagar decenas de miles de d\u00f3lares o incluso cientos de miles de d\u00f3lares de tu bolsillo. <\/p>\n<p>Una opci\u00f3n adicional que tienes tras un accidente de coche y moto y que mucha gente desconoce es el derecho a negociar. Mucha gente asume que cuando su compa\u00f1\u00eda de seguros de coche le ofrece una determinada cantidad de dinero tras un accidente, debe aceptar esa oferta o rechazarla. Sin embargo, hay una tercera opci\u00f3n: puedes negociar con tu aseguradora una cantidad m\u00e1s justa.  <\/p>\n<p><strong class=\"heading4\">Obtener ayuda tras un accidente de tr\u00e1fico<\/strong><\/p>\n<p>Por desgracia, la mayor\u00eda de las compa\u00f1\u00edas de seguros no negocian f\u00e1cilmente con los demandantes ni con las partes lesionadas. Para obtener el m\u00e1ximo poder de negociaci\u00f3n y aumentar tus posibilidades de conseguir un acuerdo justo, lo mejor es trabajar con un abogado de lesiones personales en North Miami que est\u00e9 familiarizado con las leyes de seguros y con los casos de lesiones personales. Un buen abogado de lesiones personales puede aportar a menudo pruebas e informaci\u00f3n que pueden hacer que una compa\u00f1\u00eda de seguros reconsidere su oferta e incluso mejorar tus posibilidades de obtener una indemnizaci\u00f3n justa.  <\/p>\n<p>\u00bfPor qu\u00e9 debe usted acudir al <a href=\"contacta con nosotros.html\">Grupo Legal Flaxman<\/a> si ha resultado lesionado en una colisi\u00f3n de tr\u00e1fico? Los abogados del Grupo Legal Flaxman cuentan con m\u00e1s de sesenta a\u00f1os de experiencia combinada en la industria de seguros y en juicios. Han tratado miles de casos de lesiones personales y accidentes de tr\u00e1fico en todo Florida del Sur y han ayudado a demandantes de lesiones personales de todas las clases sociales a asegurar m\u00e1s de 100 millones de d\u00f3lares combinados en acuerdos extrajudiciales y victorias en juicios. Nuestros abogados creen que cada persona merece que se escuche su historia y merece una indemnizaci\u00f3n justa y justicia en su situaci\u00f3n. Nuestros abogados ofrecen a cada nuevo cliente una consulta gratuita y sin compromiso, para que toda persona con un caso pueda obtener asesoramiento jur\u00eddico gratuito antes de tomar ninguna decisi\u00f3n definitiva sobre su situaci\u00f3n. Para programar su evaluaci\u00f3n de caso gratuita y sin compromiso, contacte hoy mismo <a href=\"contacta con nosotros.html\">al Grupo Legal Flaxman<\/a>.     <\/p>\n<\/p><\/div>\n<\/p><\/div>\n","protected":false},"excerpt":{"rendered":"<p>Sin honorarios a menos que ganemos. Llama al 866-352-9626 para una &#8230; <\/p>\n","protected":false},"author":3,"featured_media":0,"parent":0,"menu_order":0,"comment_status":"closed","ping_status":"closed","template":"template-practice-areas.php","meta":{"footnotes":""},"class_list":["post-22131","page","type-page","status-publish","hentry"],"featured_image_src":null,"featured_image_src_square":null,"_links":{"self":[{"href":"https:\/\/flaxmanlaw.com\/es\/wp-json\/wp\/v2\/pages\/22131","targetHints":{"allow":["GET"]}}],"collection":[{"href":"https:\/\/flaxmanlaw.com\/es\/wp-json\/wp\/v2\/pages"}],"about":[{"href":"https:\/\/flaxmanlaw.com\/es\/wp-json\/wp\/v2\/types\/page"}],"author":[{"embeddable":true,"href":"https:\/\/flaxmanlaw.com\/es\/wp-json\/wp\/v2\/users\/3"}],"replies":[{"embeddable":true,"href":"https:\/\/flaxmanlaw.com\/es\/wp-json\/wp\/v2\/comments?post=22131"}],"version-history":[{"count":0,"href":"https:\/\/flaxmanlaw.com\/es\/wp-json\/wp\/v2\/pages\/22131\/revisions"}],"wp:attachment":[{"href":"https:\/\/flaxmanlaw.com\/es\/wp-json\/wp\/v2\/media?parent=22131"}],"curies":[{"name":"wp","href":"https:\/\/api.w.org\/{rel}","templated":true}]}}