{"id":22133,"date":"2024-11-18T12:45:09","date_gmt":"2024-11-18T12:45:09","guid":{"rendered":"https:\/\/flaxmanlaw.wpenginepowered.com\/negligencia-en-residencias-asistidas-de-north-miami-abogados-de-abuso-en-residencias-de-ancianos-del-condado-de-miami-dade\/"},"modified":"2024-11-18T12:45:09","modified_gmt":"2024-11-18T12:45:09","slug":"negligencia-en-residencias-asistidas-de-north-miami-abogados-de-abuso-en-residencias-de-ancianos-del-condado-de-miami-dade","status":"publish","type":"page","link":"https:\/\/flaxmanlaw.com\/es\/negligencia-en-residencias-asistidas-de-north-miami-abogados-de-abuso-en-residencias-de-ancianos-del-condado-de-miami-dade\/","title":{"rendered":"Negligencia en Residencias Asistidas de North Miami | Abogados de Abuso en Residencias de Ancianos del Condado de Miami-Dade"},"content":{"rendered":"<div class=\"bodytext\">\n<h2>Negligencia en residencias asistidas de North Miami<\/h1><\/h2>\n<div class=\"description\">\n<p>En Florida, las residencias asistidas abarcan desde grandes centros de tipo hospitalario que albergan a m\u00e1s de 500 pacientes hasta peque\u00f1os entornos hogare\u00f1os que se asemejan a condominios o casas particulares. Estos centros son propiedad y est\u00e1n gestionados por empresas p\u00fablicas, grandes corporaciones o particulares y familias. Los servicios ofrecidos tambi\u00e9n var\u00edan mucho. Obviamente, cuando las familias tienen que tomar la dif\u00edcil decisi\u00f3n de ingresar a un ser querido en un centro de vida asistida, hay mucho donde elegir.   <\/p>\n<p>Por supuesto, todas las familias esperan tomar la decisi\u00f3n correcta, pero \u00bfqu\u00e9 ocurre cuando un ser querido resulta herido por negligencia o malos tratos en un centro de vida asistida de North Miami o de otra ciudad? Puedes ponerte en contacto con las autoridades, as\u00ed como con los organismos que conceden las licencias para el centro de vida asistida en cuesti\u00f3n. Sin embargo, tambi\u00e9n puedes tener una reclamaci\u00f3n legal que te ayude a buscar los recursos econ\u00f3micos que puedan ayudar a tu ser querido. Para saber m\u00e1s, contacta con el Grupo Legal Flaxman para una revisi\u00f3n gratuita y sin compromiso de tu caso.   <\/p>\n<p><strong class=\"heading4\">\u00bfQu\u00e9 se puede hacer para evitar la negligencia de las residencias asistidas y el maltrato de ancianos en North Miami?<\/strong><\/p>\n<p>Hay muchas cosas que pueden hacerse para ayudar a las familias a evitar negligencias y abusos en los centros de asistencia:<\/p>\n<ul>\n<li>Las familias pueden investigar los centros de vida asistida antes de ingresar a un ser querido en ellos<\/li>\n<li>Las familias y los amigos pueden visitar a los residentes en residencias asistidas para detectar cualquier signo precoz de negligencia o maltrato<\/li>\n<li>Las familias y los amigos pueden actuar r\u00e1pidamente cuando observen signos de maltrato y negligencia, retirando al residente antes de que se permita que la violencia vaya a m\u00e1s<\/li>\n<li>La gente puede escribir a su representante electo y a las organizaciones encargadas de supervisar los centros de vida asistida para exigir una aplicaci\u00f3n m\u00e1s estricta y normas m\u00e1s estrictas para estos centros.<\/li>\n<li>Cuando se producen malos tratos y negligencia, las familias pueden reclamar justicia a trav\u00e9s del sistema judicial para garantizar que los maltratadores tengan que enfrentarse a las consecuencias de sus actos.<\/li>\n<\/ul>\n<p>Por desgracia, en algunos casos, incluso cuando los amigos y seres queridos hacen todo bien, siguen produci\u00e9ndose abusos y negligencias en el entorno de la residencia asistida. En estos casos, lo mejor que puedes hacer es mantener una buena comunicaci\u00f3n con los residentes, de modo que puedas darte cuenta de cu\u00e1ndo surgen por primera vez la negligencia y el maltrato, de modo que puedas actuar con rapidez para sacar a un residente de una situaci\u00f3n de maltrato y, a continuaci\u00f3n, tomar r\u00e1pidamente medidas contra el centro de vida asistida para evitar m\u00e1s maltrato y negligencia. <\/p>\n<p><strong class=\"heading4\">\u00bfPor qu\u00e9 se producen negligencias y abusos en residencias asistidas?<\/strong><\/p>\n<p>Hay muchas razones por las que se permite que se produzcan abusos y negligencias en las residencias asistidas:<\/p>\n<ul>\n<li>Elevada rotaci\u00f3n de personal<\/li>\n<li>Algunos centros de vida asistida son propiedad de grandes empresas que no conocen las condiciones cotidianas de un centro<\/li>\n<li>Mala formaci\u00f3n del personal<\/li>\n<li>Falta de supervisi\u00f3n<\/li>\n<li>Falta de selecci\u00f3n de personal<\/li>\n<li>Falta de selecci\u00f3n de residentes<\/li>\n<li>Precauciones de seguridad inadecuadas en una instalaci\u00f3n<\/li>\n<li>Pol\u00edticas y procedimientos deficientes por parte de los administradores y propietarios de las instalaciones<\/li>\n<\/ul>\n<p>No hay excusa para proporcionar un bajo nivel de atenci\u00f3n a los residentes de un centro de vida asistida. Seg\u00fan la legislaci\u00f3n de Florida, estos residentes est\u00e1n protegidos y se espera de ellos que tengan un buen nivel de vida y una calidad de cuidados razonable. Cuando no es as\u00ed, los amigos y seres queridos afectados tienen el deber y el derecho de intervenir.  <\/p>\n<p>Si usted tiene un ser querido que ha sido afectado por negligencia en una residencia asistida, contacte al Grupo Legal Flaxman para hablar con nuestros abogados. Nuestros abogados cuentan con m\u00e1s de seis d\u00e9cadas de experiencia ayudando a demandantes por lesiones personales de todas las clases sociales a luchar por la justicia en sus casos. <\/p>\n<\/p><\/div>\n<\/p><\/div>\n","protected":false},"excerpt":{"rendered":"<p>Sin honorarios a menos que ganemos. Llama al 866-352-9626 para una &#8230; <\/p>\n","protected":false},"author":3,"featured_media":0,"parent":0,"menu_order":0,"comment_status":"closed","ping_status":"closed","template":"template-practice-areas.php","meta":{"footnotes":""},"class_list":["post-22133","page","type-page","status-publish","hentry"],"featured_image_src":null,"featured_image_src_square":null,"_links":{"self":[{"href":"https:\/\/flaxmanlaw.com\/es\/wp-json\/wp\/v2\/pages\/22133","targetHints":{"allow":["GET"]}}],"collection":[{"href":"https:\/\/flaxmanlaw.com\/es\/wp-json\/wp\/v2\/pages"}],"about":[{"href":"https:\/\/flaxmanlaw.com\/es\/wp-json\/wp\/v2\/types\/page"}],"author":[{"embeddable":true,"href":"https:\/\/flaxmanlaw.com\/es\/wp-json\/wp\/v2\/users\/3"}],"replies":[{"embeddable":true,"href":"https:\/\/flaxmanlaw.com\/es\/wp-json\/wp\/v2\/comments?post=22133"}],"version-history":[{"count":0,"href":"https:\/\/flaxmanlaw.com\/es\/wp-json\/wp\/v2\/pages\/22133\/revisions"}],"wp:attachment":[{"href":"https:\/\/flaxmanlaw.com\/es\/wp-json\/wp\/v2\/media?parent=22133"}],"curies":[{"name":"wp","href":"https:\/\/api.w.org\/{rel}","templated":true}]}}