{"id":22139,"date":"2024-11-18T12:45:09","date_gmt":"2024-11-18T12:45:09","guid":{"rendered":"https:\/\/flaxmanlaw.wpenginepowered.com\/supervision-negligente-abogados-de-accidentes-de-construccion-en-hollywood-florida\/"},"modified":"2024-11-18T12:45:09","modified_gmt":"2024-11-18T12:45:09","slug":"supervision-negligente-abogados-de-accidentes-de-construccion-en-hollywood-florida","status":"publish","type":"page","link":"https:\/\/flaxmanlaw.com\/es\/supervision-negligente-abogados-de-accidentes-de-construccion-en-hollywood-florida\/","title":{"rendered":"Supervisi\u00f3n negligente | Abogados de accidentes de construcci\u00f3n en Hollywood, Florida"},"content":{"rendered":"<div class=\"bodytext\">\n<h2>Supervisi\u00f3n negligente<\/h1><\/h2>\n<div class=\"description\">\n<p>Las obras de construcci\u00f3n de Miami y de toda Florida tienen cadenas de supervisores y encargados que ayudan a que todo funcione correctamente en la <a href=\"construcci\u00f3n-accidentes.html\">obra<\/a> y a garantizar la seguridad de todos los trabajadores y visitantes de la obra. La supervisi\u00f3n en las obras tiene por objeto garantizar que los trabajadores hacen su trabajo correctamente, que se cumplen las normas de seguridad y que la obra se desarrolla seg\u00fan lo previsto. Cuando la supervisi\u00f3n es inadecuada y los supervisores son negligentes en sus funciones, es f\u00e1cil que se produzcan lesiones.  <\/p>\n<p>Si has sufrido lesiones en un accidente laboral en Miami o en cualquier comunidad del sur de Florida, considera la posibilidad de buscar asesoramiento antes de tomar ninguna decisi\u00f3n sobre tu caso. Los accidentes laborales con lesiones en obras de construcci\u00f3n en Miami y el sur de Florida suelen ser bastante complejos. Las empresas que contratan trabajadores para las obras de construcci\u00f3n suelen ser empresas m\u00e1s grandes con equipos de abogados. Los accidentes en obras de construcci\u00f3n en Miami y en toda Florida tambi\u00e9n tienden a tener m\u00faltiples posibles partes responsables, lo que a la vez hace posible recuperar una compensaci\u00f3n justa, pero tambi\u00e9n puede hacer que el caso sea m\u00e1s desafiante. El equipo jur\u00eddico del Grupo Legal Flaxman ha visto de primera mano la devastaci\u00f3n que los accidentes en obras de construcci\u00f3n en Miami y otras comunidades pueden causar. Saben lo importante que es para las v\u00edctimas recuperar una compensaci\u00f3n justa y han pasado d\u00e9cadas defendiendo a estas v\u00edctimas de lesiones personales. Para programar la evaluaci\u00f3n gratuita de su caso, contacte hoy mismo al equipo <a href=\"index.html\">del Grupo Legal Flaxman<\/a>.      <\/p>\n<p><strong class=\"heading4\">\u00bfQu\u00e9 causa una supervisi\u00f3n deficiente en las obras?<\/strong><\/p>\n<p>La supervisi\u00f3n negligente en Miami y el sur de Florida puede ocurrir por varias razones en las obras de construcci\u00f3n:<\/p>\n<ul type=\"disc\">\n<li>formaci\u00f3n o contrataci\u00f3n inadecuada de los supervisores<\/li>\n<li>cadena de mando inadecuada o ineficaz<\/li>\n<li>negligencia personal de los supervisores<\/li>\n<li>los supervisores y dem\u00e1s personal directivo no escuchan a los empleados<\/li>\n<p>preocupaciones<\/p>\n<li>mala comunicaci\u00f3n entre supervisores, empleados y empresarios<\/li>\n<\/ul>\n<p>No importa por qu\u00e9 se produce una supervisi\u00f3n inadecuada en las obras, cuando una supervisi\u00f3n inadecuada provoca <a href=\"lesiones-personales.html\">lesiones personales<\/a> en las obras, las v\u00edctimas tienen derecho legal a solicitar una indemnizaci\u00f3n por los gastos m\u00e9dicos, la p\u00e9rdida de ingresos, los cuidados en el hogar y otros gastos relacionados con sus lesiones. Las lesiones derivadas de un accidente en una obra en Miami o en el sur de Florida pueden ser devastadoras. Si has sufrido lesiones, mereces obtener la indemnizaci\u00f3n m\u00e1s justa posible. A menudo, eso significa buscar asesoramiento legal sobre tus pr\u00f3ximos pasos.   <\/p>\n<p><strong class=\"heading4\">C\u00f3mo recuperarse de un accidente en una obra en Miami o en el sur de Florida<\/strong><\/p>\n<p>Si has sufrido lesiones en un accidente en una obra de construcci\u00f3n en Miami o en cualquier comunidad del sur de Florida, tu capacidad para recuperarte lo m\u00e1s plenamente posible vendr\u00e1 determinada en parte por los recursos a los que puedas acceder. Poder pagar una atenci\u00f3n m\u00e9dica de calidad y saber a qu\u00e9 profesionales y recursos acudir en busca de ayuda puede mejorar tus posibilidades de recuperarte m\u00e1s plenamente de tus lesiones. Obtener una indemnizaci\u00f3n justa y pedir compensaci\u00f3n a todas las partes responsables puede ayudarte a conseguir los recursos econ\u00f3micos que necesitas para pagar la p\u00e9rdida de ingresos, los gastos m\u00e9dicos y otras cosas que puedas necesitar mientras te recuperas. Para obtener la indemnizaci\u00f3n m\u00e1s justa posible, considera al menos la posibilidad de consultar a un abogado especializado en lesiones personales antes de tomar ninguna decisi\u00f3n sobre tu caso. Puede que descubras que tu caso vale m\u00e1s de lo que crees o que tienes m\u00e1s opciones de las que cre\u00edas.    <\/p>\n<p>Si usted est\u00e1 buscando un abogado de accidentes laborales en Miami o en Florida del Sur, <a href=\"contacta con nosotros.html\">contacte<\/a> al equipo jur\u00eddico del Grupo Legal Flaxman para recibir una evaluaci\u00f3n gratuita de su caso. El compasivo y comprensivo equipo legal del Grupo Legal Flaxman cuenta con m\u00e1s de 25 a\u00f1os de experiencia ayudando a v\u00edctimas de lesiones personales en Florida del Sur a recuperar una compensaci\u00f3n por sus lesiones. <\/p>\n<\/div>\n<div class=\"subpageslist\">\n<ul> <\/ul>\n<\/p><\/div>\n<\/p><\/div>\n","protected":false},"excerpt":{"rendered":"<p>Sin honorarios a menos que ganemos. Llama al 866-352-9626 para una &#8230; <\/p>\n","protected":false},"author":3,"featured_media":0,"parent":0,"menu_order":0,"comment_status":"closed","ping_status":"closed","template":"template-practice-areas.php","meta":{"footnotes":""},"class_list":["post-22139","page","type-page","status-publish","hentry"],"featured_image_src":null,"featured_image_src_square":null,"_links":{"self":[{"href":"https:\/\/flaxmanlaw.com\/es\/wp-json\/wp\/v2\/pages\/22139","targetHints":{"allow":["GET"]}}],"collection":[{"href":"https:\/\/flaxmanlaw.com\/es\/wp-json\/wp\/v2\/pages"}],"about":[{"href":"https:\/\/flaxmanlaw.com\/es\/wp-json\/wp\/v2\/types\/page"}],"author":[{"embeddable":true,"href":"https:\/\/flaxmanlaw.com\/es\/wp-json\/wp\/v2\/users\/3"}],"replies":[{"embeddable":true,"href":"https:\/\/flaxmanlaw.com\/es\/wp-json\/wp\/v2\/comments?post=22139"}],"version-history":[{"count":0,"href":"https:\/\/flaxmanlaw.com\/es\/wp-json\/wp\/v2\/pages\/22139\/revisions"}],"wp:attachment":[{"href":"https:\/\/flaxmanlaw.com\/es\/wp-json\/wp\/v2\/media?parent=22139"}],"curies":[{"name":"wp","href":"https:\/\/api.w.org\/{rel}","templated":true}]}}