{"id":22141,"date":"2024-11-18T12:45:09","date_gmt":"2024-11-18T12:45:09","guid":{"rendered":"https:\/\/flaxmanlaw.wpenginepowered.com\/seguridad-negligente-hollywood-florida-abogados-de-responsabilidad-de-locales\/"},"modified":"2025-12-04T04:01:29","modified_gmt":"2025-12-04T04:01:29","slug":"seguridad-negligente-hollywood-florida-abogados-de-responsabilidad-de-locales","status":"publish","type":"page","link":"https:\/\/flaxmanlaw.com\/es\/seguridad-negligente-hollywood-florida-abogados-de-responsabilidad-de-locales\/","title":{"rendered":"Seguridad negligente"},"content":{"rendered":"<div class=\"bodytext\">\n<h2>Seguridad negligente<\/h2>\n<div class=\"description\">\n<p><iframe src=\"https:\/\/www.youtube.com\/embed\/7tjfYhJH6Vc?rel=0&amp;showinfo=0&amp;autohide=1&amp;modestbranding=1\" width=\"560\" height=\"315\" frameborder=\"0\" allowfullscreen=\"allowfullscreen\"><\/iframe><\/p>\n<p>Desafortunadamente, muchas personas que tienen una demanda nunca contactan a un abogado de negligencia de seguridad en Florida y nunca obtienen la compensaci\u00f3n que merecen. En el Grupo Legal Flaxman, mi equipo jur\u00eddico lo ve a menudo: las personas que han resultado lesionadas no siempre conocen sus derechos y piensan que pueden llamar a la polic\u00eda, pero nada m\u00e1s que eso.<\/p>\n<p>Si t\u00fa o un ser querido hab\u00e9is sufrido lesiones a causa de una violaci\u00f3n, un robo, una agresi\u00f3n o un asalto, puedes pensar que se trata s\u00f3lo de delitos y que no se puede hacer nada, aparte de que el delincuente vaya a la c\u00e1rcel. Pero puede que haya algo m\u00e1s que puedas hacer. Podr\u00eda tratarse de un caso de seguridad inadecuada.<\/p>\n<p>Si has sufrido alg\u00fan tipo de lesi\u00f3n, te invito a que <strong>me llames a m\u00ed y a mi equipo del Grupo Legal Flaxman al 866-352-9626<\/strong>. Atendemos nuestras l\u00edneas telef\u00f3nicas las 24 horas del d\u00eda, los 7 d\u00edas de la semana, para que siempre puedas comunicarte con una persona en vivo. Podemos concertar una consulta gratuita y sin compromiso con un abogado. Sin ning\u00fan riesgo, puedes obtener respuestas y averiguar m\u00e1s sobre c\u00f3mo puedes buscar una compensaci\u00f3n por tus lesiones. Tambi\u00e9n puedes <a href=\"contacta con nosotros.html\">ponerte en contacto con nosotros online<\/a> en cualquier momento.<\/p>\n<p><strong class=\"heading4\"> \u00bfQu\u00e9 es una seguridad inadecuada? <\/strong><\/p>\n<p>Una reclamaci\u00f3n por seguridad inadecuada puede ser posible cuando el propietario de un local no proporciona protecci\u00f3n a los clientes e invitados. El propietario, por ejemplo, podr\u00eda contratar a un guardia de seguridad o a un polic\u00eda fuera de servicio, instalar c\u00e1maras de vigilancia o colocar carteles que indiquen que el lugar est\u00e1 vigilado. Hay muchas cosas que el propietario de un local debe hacer, sobre todo si se encuentra en una zona de alta criminalidad donde ya ha habido otros delitos.<\/p>\n<p><strong class=\"heading4\"> \u00bfPor qu\u00e9 presentar una reclamaci\u00f3n? <\/strong><\/p>\n<p>Puedes llamar a la polic\u00eda cuando seas el objetivo de un delito. Sin embargo, puede merecer la pena explorar todas tus opciones hablando con un abogado especializado en seguridad inadecuada en Hollywood o en tu comunidad del sur de Florida. La realidad es que tus lesiones pueden acabar cost\u00e1ndote m\u00e1s de lo que crees. Puede que necesites cirug\u00eda o atenci\u00f3n m\u00e9dica. Puede que necesites terapia para superar el trauma o que no puedas trabajar mientras te curas. Todo esto cuesta dinero. Sin indemnizaci\u00f3n, puedes acabar pagando estos gastos de tu bolsillo. Sin embargo, presentando una demanda, puedes buscar justicia y tambi\u00e9n la indemnizaci\u00f3n que necesitas para reconstruir tu vida tras una agresi\u00f3n.<\/p>\n<p><strong class=\"heading4\"> \u00bfPor qu\u00e9 contactar con un abogado especializado en seguridad inadecuada en Hollywood? <\/strong><\/p>\n<p>Las reclamaciones por seguridad inadecuada son complejas, y puedes estar seguro de que la compa\u00f1\u00eda de seguros y el propietario har\u00e1n todo lo posible para evitar pagar. Un abogado conoce la ley y las t\u00e1cticas que utilizan las compa\u00f1\u00edas de seguros. Un abogado con experiencia tambi\u00e9n sabe c\u00f3mo demostrar el alcance de tus lesiones y c\u00f3mo reclamar una indemnizaci\u00f3n para ti.<\/p>\n<p>He aqu\u00ed un ejemplo de mis expedientes: Represent\u00e9 a un polic\u00eda que estaba de vacaciones en Nueva Jersey con su madre. Caminaba por un aparcamiento cuando se acerc\u00f3 un asaltante, sac\u00f3 una pistola y le pidi\u00f3 dinero. Como era polic\u00eda, mi cliente agarr\u00f3 inmediatamente al asaltante y le empuj\u00f3 el brazo hacia abajo. Por desgracia, la pistola se dispar\u00f3 y le hizo un gran agujero en el pie a mi cliente. Pudimos demostrar que hab\u00eda numerosos delitos en ese complejo de apartamentos antes de este incidente concreto. Pudimos cobrar dinero por su dolor y sufrimiento, sus facturas m\u00e9dicas y dinero para el resto de su vida, porque ya no pod\u00eda ser agente de polic\u00eda en activo debido a que ten\u00eda el pie tan gravemente herido. Tenemos amplia experiencia en este \u00e1mbito de la ley.<\/p>\n<p>Tengo a\u00f1os como abogado litigante, y estar\u00e9 encantado de ayudarte si crees que has sido v\u00edctima de una seguridad inadecuada.<\/p>\n<p>\u00bfHas resultado lesionado en un asalto o un ataque? Comun\u00edcate conmigo en el Grupo Legal Flaxman al 866-352-9626 o <a href=\"contacta con nosotros.html\">cont\u00e1ctanos en l\u00ednea<\/a>. Incluso puedes enviarme un correo electr\u00f3nico directamente a <a href=\"mailto:cf******@********aw.com\" data-original-string=\"EkiuP9C4wb1alMmT63jRmQ==614CPCiwMpY4gXieR9eyTKP3+hF+1vQwebDJ7vx+6RIL7o=\" title=\"This contact has been encoded by Anti-Spam by CleanTalk. Click to decode. To finish the decoding make sure that JavaScript is enabled in your browser.\"><span \n                data-original-string='jR2Bx6Nt+wMFixJhL9SLDg==614QOMFKCfaLKQ0ov\/s0Zh2OyY6gjZEQujMFEPu\/ujJVFk='\n                class='apbct-email-encoder'\n                title='This contact has been encoded by Anti-Spam by CleanTalk. Click to decode. To finish the decoding make sure that JavaScript is enabled in your browser.'>cf<span class=\"apbct-blur\">******<\/span>@<span class=\"apbct-blur\">********<\/span>aw.com<\/span>.<\/a> Mi equipo y yo estaremos encantados de concertar una consulta gratuita sobre accidentes para hablar sobre tu posible caso.<\/p>\n<\/div>\n<\/div>\n","protected":false},"excerpt":{"rendered":"<p>Sin honorarios a menos que ganemos. Llama al 866-352-9626 para una &#8230; <\/p>\n","protected":false},"author":3,"featured_media":0,"parent":0,"menu_order":0,"comment_status":"closed","ping_status":"closed","template":"template-practice-areas.php","meta":{"footnotes":""},"class_list":["post-22141","page","type-page","status-publish","hentry"],"featured_image_src":null,"featured_image_src_square":null,"_links":{"self":[{"href":"https:\/\/flaxmanlaw.com\/es\/wp-json\/wp\/v2\/pages\/22141","targetHints":{"allow":["GET"]}}],"collection":[{"href":"https:\/\/flaxmanlaw.com\/es\/wp-json\/wp\/v2\/pages"}],"about":[{"href":"https:\/\/flaxmanlaw.com\/es\/wp-json\/wp\/v2\/types\/page"}],"author":[{"embeddable":true,"href":"https:\/\/flaxmanlaw.com\/es\/wp-json\/wp\/v2\/users\/3"}],"replies":[{"embeddable":true,"href":"https:\/\/flaxmanlaw.com\/es\/wp-json\/wp\/v2\/comments?post=22141"}],"version-history":[{"count":0,"href":"https:\/\/flaxmanlaw.com\/es\/wp-json\/wp\/v2\/pages\/22141\/revisions"}],"wp:attachment":[{"href":"https:\/\/flaxmanlaw.com\/es\/wp-json\/wp\/v2\/media?parent=22141"}],"curies":[{"name":"wp","href":"https:\/\/api.w.org\/{rel}","templated":true}]}}