{"id":22143,"date":"2024-11-18T12:45:09","date_gmt":"2024-11-18T12:45:09","guid":{"rendered":"https:\/\/flaxmanlaw.wpenginepowered.com\/preguntas-frecuentes-sobre-seguridad-negligente-abogados-de-accidentes-en-hollywood-grupo-legal-flaxman\/"},"modified":"2024-11-18T12:45:09","modified_gmt":"2024-11-18T12:45:09","slug":"preguntas-frecuentes-sobre-seguridad-negligente-abogados-de-accidentes-en-hollywood-grupo-legal-flaxman","status":"publish","type":"page","link":"https:\/\/flaxmanlaw.com\/es\/preguntas-frecuentes-sobre-seguridad-negligente-abogados-de-accidentes-en-hollywood-grupo-legal-flaxman\/","title":{"rendered":"Preguntas Frecuentes sobre Seguridad Negligente | Abogados de Accidentes en Hollywood Grupo Legal Flaxman"},"content":{"rendered":"<div class=\"bodytext\">\n<h2>Preguntas frecuentes sobre seguridad negligente<\/h1><\/h2>\n<div class=\"description\">\n<p>Lo que hay debajo:<\/p>\n<ul id=\"top\">\n<li><a href=\"negligent-security-faqs.html#Demanda por negligencia en materia de seguridad\">\u00bfQu\u00e9 es una demanda por negligencia de seguridad?<\/a><\/li>\n<li><a href=\"negligencia-seguridad-faqs.html#DiferenciaNSC-ISC-PLC\">\u00bfCu\u00e1l es la diferencia entre las demandas por negligencia en la seguridad, las demandas por seguridad inadecuada y las demandas por responsabilidad del local?<\/a><\/li>\n<li><a href=\"negligent-security-faqs.html#ComoSaberNSCMiamiComunidad\">\u00bfC\u00f3mo puedo saber si tengo una demanda por negligencia de seguridad en Miami o en mi comunidad?<\/a><\/li>\n<li><a href=\"negligencia-seguridad-faqs.html#EjemplosNS\">\u00bfCu\u00e1les son los ejemplos de seguridad negligente?<\/a><\/li>\n<li><a href=\"negligent-security-faqs.html#VictimCrimeNSC\">He sido v\u00edctima de un delito pero no estoy seguro de si tengo una reclamaci\u00f3n por negligencia de seguridad, \u00bfqu\u00e9 debo hacer?<\/a><\/li>\n<li><a href=\"negligent-security-faqs.html#ArchivoDelitoVictimaNSC\">Si alguien es v\u00edctima de un delito, \u00bfpuede presentar una demanda por negligencia en la seguridad aunque nunca se detenga al autor?<\/a><\/li>\n<li><a href=\"negligent-security-faqs.html#PersonaResponsableDelitoPilladaNSLawsuit\">Si se ha detenido al responsable del delito, \u00bfpor qu\u00e9 iba a presentar una demanda por negligencia de seguridad?<\/a><\/li>\n<\/ul>\n<p><strong class=\"heading4\" id=\"NegligentSecurityClaim\">\u00bfQu\u00e9 es una demanda por negligencia de seguridad?<\/strong><\/p>\n<p>Una demanda por negligencia en la seguridad es una demanda legal que se produce cuando el propietario de un inmueble no lo protege adecuadamente y no lo hace seguro para los visitantes, inquilinos, clientes, trabajadores y otros usuarios del inmueble. Cuando los visitantes de una propiedad son v\u00edctimas de un delito porque el propietario no ha tomado las debidas precauciones de seguridad, la v\u00edctima del delito puede tener un caso legal. <\/p>\n<p><a href=\"negligencia-seguridad-preguntas.html#top\">Volver arriba<\/a><\/p>\n<p><strong class=\"heading4\" id=\"DifferenceNSC-ISC-PLC\">\u00bfCu\u00e1l es la diferencia entre las demandas por negligencia en la seguridad, las demandas por seguridad inadecuada y las demandas por responsabilidad del local?  <\/strong><\/p>\n<p>Las reclamaciones por negligencia en la seguridad y las reclamaciones por seguridad inadecuada se utilizan indistintamente. La responsabilidad de los locales se refiere a una reclamaci\u00f3n que surge si alguien sufre lesiones personales en una propiedad debido a la negligencia del propietario. Por ejemplo, si sufres lesiones en un accidente por resbal\u00f3n y ca\u00edda en Miami o en otra comunidad porque el propietario no mantuvo despejadas las pasarelas, puedes presentar una demanda por responsabilidad de las instalaciones en Miami o en la comunidad donde se produjo la lesi\u00f3n.  <\/p>\n<p><a href=\"negligencia-seguridad-preguntas.html#top\">Volver arriba<\/a><\/p>\n<p><strong class=\"heading4\" id=\"HowDoKnowNSCMiamiCommunity\">\u00bfC\u00f3mo puedo saber si tengo una demanda por negligencia de seguridad en Miami o en mi comunidad?  <\/strong><\/p>\n<p>Si has sido v\u00edctima de un delito y el delito ocurri\u00f3 en una propiedad que puede haber sido inadecuadamente asegurada por el propietario, puedes tener una reclamaci\u00f3n legal si el delito produjo lesiones o da\u00f1os (como gastos m\u00e9dicos, dolor y sufrimiento, y p\u00e9rdida de ingresos). Si no est\u00e1s seguro de si tienes una reclamaci\u00f3n por negligencia en la seguridad en Miami o en tu comunidad del sur de Florida, puedes consultar a un abogado especializado en lesiones personales. Un abogado puede ayudarte a evaluar tu caso y determinar cu\u00e1nto puede valer tu caso. El equipo jur\u00eddico del Grupo Legal Flaxman ofrece una evaluaci\u00f3n gratuita de su caso a todos los clientes nuevos. Si tiene preguntas sobre su caso, \u00e9sta puede ser una forma de saber si tiene una demanda.    <\/p>\n<p><a href=\"negligencia-seguridad-preguntas.html#top\">Volver arriba<\/a><\/p>\n<p><strong class=\"heading4\" id=\"ExamplesNS\">  \u00bfCu\u00e1les son los ejemplos de seguridad negligente?  <\/strong><\/p>\n<p>Hay muchos tipos de negligencia en materia de seguridad. Estos pueden incluir: <\/p>\n<ul>\n<li>cerraduras que no funcionan correctamente<\/li>\n<li>falta de guardias de seguridad, c\u00e1maras de seguridad y otras precauciones<\/li>\n<li>iluminaci\u00f3n inadecuada o incorrecta en escaleras, ascensores, aparcamientos y otras zonas de alto riesgo<\/li>\n<li>puertas mal aseguradas<\/li>\n<li>falta de procesos de contrataci\u00f3n o selecci\u00f3n de empleados y visitantes<\/li>\n<li>falta de respuesta adecuada cuando se producen delitos y falta de intentos de prevenir nuevas actividades delictivas<\/li>\n<li>falta de supervisi\u00f3n<\/li>\n<li>no advertir a los visitantes de actividades delictivas previas recientes en una zona<\/li>\n<\/ul>\n<p><a href=\"negligencia-seguridad-preguntas.html#top\">Volver arriba<\/a><\/p>\n<p><strong class=\"heading4\" id=\"VictimCrimeNSC\">  He sido v\u00edctima de un delito pero no estoy seguro de si tengo una reclamaci\u00f3n por negligencia de seguridad, \u00bfqu\u00e9 debo hacer?  <\/strong><\/p>\n<p>Tu mejor opci\u00f3n es hablar con un abogado de lesiones personales en Miami o en tu comunidad del sur de Florida para determinar si tienes un caso. Un abogado puede decirte con bastante rapidez si tienes un caso. Siempre puedes llamar para concertar una consulta gratuita y sin compromiso con el Grupo Legal Flaxman si crees que puedes tener una demanda. No te costar\u00e1 nada obtener m\u00e1s informaci\u00f3n sobre tus derechos y opciones.   <\/p>\n<p><a href=\"negligencia-seguridad-preguntas.html#top\">Volver arriba<\/a><\/p>\n<p><strong class=\"heading4\" id=\"VictimCrimeFileNSC\">  Si alguien es v\u00edctima de un delito, \u00bfpuede presentar una demanda por negligencia en la seguridad aunque nunca se detenga al autor?  <\/strong><\/p>\n<p>S\u00ed. Aunque atrapar a un delincuente o depredador es importante para presentar una demanda penal, una demanda por responsabilidad de las instalaciones es una demanda civil. <\/p>\n<p><a href=\"negligencia-seguridad-preguntas.html#top\">Volver arriba<\/a><\/p>\n<p><strong class=\"heading4\" id=\"PersonResponsibleCrimeCaughtNSLawsuit\">  Si se ha detenido al responsable del delito, \u00bfpor qu\u00e9 iba a presentar una demanda por negligencia de seguridad?  <\/strong><\/p>\n<p>Ser v\u00edctima de un delito no s\u00f3lo es devastador emocionalmente, sino tambi\u00e9n econ\u00f3micamente. Es posible que tengas facturas m\u00e9dicas y que tengas que perder tiempo de trabajo debido a la gravedad o al trauma del delito. Si el delito fue contra la propiedad, como un atraco no violento, puedes perder dinero y otros objetos de valor. En la mayor\u00eda de los casos, la acci\u00f3n penal no te indemnizar\u00e1 por estos da\u00f1os. Una demanda por negligencia en la seguridad s\u00ed puede hacerlo. Puedes pedir una indemnizaci\u00f3n por el coste de tus lesiones, para no tener que pagarlas t\u00fa mismo.     <\/p>\n<p>Si has resultado lesionado y crees que tienes una demanda por negligencia de seguridad, contacta con el equipo jur\u00eddico del Grupo Legal Flaxman para concertar una consulta gratuita sobre accidentes y hablar de tu caso.<\/p>\n<p><a href=\"negligencia-seguridad-preguntas.html#top\">Volver arriba<\/a><\/p>\n<\/p><\/div>\n<\/p><\/div>\n","protected":false},"excerpt":{"rendered":"<p>Sin honorarios a menos que ganemos. Llama al 866-352-9626 para una &#8230; <\/p>\n","protected":false},"author":3,"featured_media":0,"parent":0,"menu_order":0,"comment_status":"closed","ping_status":"closed","template":"template-practice-areas.php","meta":{"footnotes":""},"class_list":["post-22143","page","type-page","status-publish","hentry"],"featured_image_src":null,"featured_image_src_square":null,"_links":{"self":[{"href":"https:\/\/flaxmanlaw.com\/es\/wp-json\/wp\/v2\/pages\/22143","targetHints":{"allow":["GET"]}}],"collection":[{"href":"https:\/\/flaxmanlaw.com\/es\/wp-json\/wp\/v2\/pages"}],"about":[{"href":"https:\/\/flaxmanlaw.com\/es\/wp-json\/wp\/v2\/types\/page"}],"author":[{"embeddable":true,"href":"https:\/\/flaxmanlaw.com\/es\/wp-json\/wp\/v2\/users\/3"}],"replies":[{"embeddable":true,"href":"https:\/\/flaxmanlaw.com\/es\/wp-json\/wp\/v2\/comments?post=22143"}],"version-history":[{"count":0,"href":"https:\/\/flaxmanlaw.com\/es\/wp-json\/wp\/v2\/pages\/22143\/revisions"}],"wp:attachment":[{"href":"https:\/\/flaxmanlaw.com\/es\/wp-json\/wp\/v2\/media?parent=22143"}],"curies":[{"name":"wp","href":"https:\/\/api.w.org\/{rel}","templated":true}]}}