{"id":22144,"date":"2024-11-18T12:45:09","date_gmt":"2024-11-18T12:45:09","guid":{"rendered":"https:\/\/flaxmanlaw.wpenginepowered.com\/naturaleza-de-las-actividades-hollywood-florida-abogados-de-responsabilidad-de-locales\/"},"modified":"2024-11-18T12:45:09","modified_gmt":"2024-11-18T12:45:09","slug":"naturaleza-de-las-actividades-hollywood-florida-abogados-de-responsabilidad-de-locales","status":"publish","type":"page","link":"https:\/\/flaxmanlaw.com\/es\/naturaleza-de-las-actividades-hollywood-florida-abogados-de-responsabilidad-de-locales\/","title":{"rendered":"Naturaleza de las actividades | Hollywood, Florida Abogados de Responsabilidad de Locales"},"content":{"rendered":"<div class=\"bodytext\">\n<h2>Naturaleza de las actividades<\/h1><\/h2>\n<div class=\"description\">\n<p>En muchas demandas <a href=\"responsabilidad patrimonial.html\">por responsabilidad de las instalaciones<\/a> en Miami y otras comunidades de Florida, tanto el estado de la propiedad como la naturaleza de las actividades realizadas en ella son importantes para resolver la demanda. Al examinar el estado de la propiedad, los abogados de lesiones personales de Miami y otras comunidades de Florida se fijan en la frecuencia con que el propietario manten\u00eda la propiedad y en las medidas adoptadas para mantenerla segura. Al considerar la naturaleza de las actividades en una propiedad, un abogado puede examinar por qu\u00e9 la v\u00edctima se encontraba en la propiedad, si se trataba de una propiedad comercial y si se estaban produciendo actividades ilegales en la propiedad.  <\/p>\n<p>El personal jur\u00eddico <a href=\"index.html\">del Grupo Legal Flaxman<\/a> ha trabajado en muchas demandas por responsabilidad de predios y por lesiones personales en Miami y en todo Florida del Sur. Han visto de primera mano cu\u00e1nto afecta la naturaleza de las actividades en una propiedad a la fuerza de un caso. Tambi\u00e9n han visto c\u00f3mo las lesiones causadas por propietarios negligentes provocan dolor y sufrimiento, as\u00ed como angustia econ\u00f3mica a las v\u00edctimas. Como parte de la comunidad de Miami, el Grupo Legal Flaxman se ha dedicado a defender a las v\u00edctimas de lesiones personales.   <\/p>\n<p><strong class=\"heading4\">\u00bfC\u00f3mo afectar\u00e1 la naturaleza de las actividades a mi demanda por responsabilidad civil en los locales de Miami o de mi comunidad?<\/strong><\/p>\n<p>La naturaleza de las actividades para las que est\u00e1 destinada una propiedad afectar\u00e1 a una reclamaci\u00f3n por responsabilidad de las instalaciones. Por ejemplo, si te lesionas en un accidente <a href=\"accidentes por resbalones y ca\u00eddas.html\">por resbal\u00f3n y ca\u00edda<\/a> en Miami o en otra comunidad mientras visitas un restaurante o un negocio, tu reclamaci\u00f3n puede ser m\u00e1s s\u00f3lida que si hubieras sufrido la misma lesi\u00f3n en una residencia personal. Esto se debe a que el deber de diligencia que los propietarios de un negocio deben a sus clientes comerciales es significativamente mayor que el deber de diligencia que debe el propietario de una casa a un visitante social.  <\/p>\n<p>Lo que estabas haciendo en el momento de la lesi\u00f3n o accidente tambi\u00e9n puede influir en tu reclamaci\u00f3n. Por ejemplo, \u00bfestabas utilizando la propiedad como estaba previsto, o estabas deambulando por una zona que estaba claramente marcada como \u00abfuera de los l\u00edmites\u00bb? \u00bfEstabas en la propiedad con permiso? \u00bfTomaste las precauciones razonables que se esperar\u00edan de un visitante? Es probable que quieras tratar todas estas cuestiones con tu abogado de <a href=\"lesiones-personales.html\">lesiones<\/a> personales.    <\/p>\n<p><strong class=\"heading4\">Buscar una demanda por responsabilidad de las instalaciones en Miami u otra comunidad del sur de Florida<\/strong><\/p>\n<p>Si te has lesionado y crees que la negligencia del propietario de un inmueble caus\u00f3 tus lesiones, puede ser dif\u00edcil determinar c\u00f3mo el estado de un inmueble o la naturaleza de las actividades en \u00e9l podr\u00edan afectar a tu caso. Puede ser dif\u00edcil determinar si tienes un caso. Por todas estas razones, es mejor pecar de precavido y hablar con un abogado de lesiones personales lo antes posible despu\u00e9s de sufrirlas. Un abogado puede darte respuestas y ayudarte a evaluar tus opciones.   <\/p>\n<p>El Grupo Legal Flaxman hace que sea f\u00e1cil obtener asesor\u00eda legal gratuita y sin compromiso. Tu consulta inicial con el Grupo Legal Flaxman es gratuita y sin compromiso, pero te da la oportunidad de hablar sobre los detalles espec\u00edficos de tu caso con un abogado de lesiones personales. Las l\u00edneas telef\u00f3nicas de la firma est\u00e1n atendidas veinticuatro horas al d\u00eda, siete d\u00edas a la semana, para que siempre puedas contactar a un representante en vivo para recibir ayuda inmediata.  <\/p>\n<\/p><\/div>\n<div class=\"subpageslist\">\n<ul> <\/ul>\n<\/p><\/div>\n<\/p><\/div>\n","protected":false},"excerpt":{"rendered":"<p>Sin honorarios a menos que ganemos. Llama al 866-352-9626 para una &#8230; <\/p>\n","protected":false},"author":3,"featured_media":0,"parent":0,"menu_order":0,"comment_status":"closed","ping_status":"closed","template":"template-practice-areas.php","meta":{"footnotes":""},"class_list":["post-22144","page","type-page","status-publish","hentry"],"featured_image_src":null,"featured_image_src_square":null,"_links":{"self":[{"href":"https:\/\/flaxmanlaw.com\/es\/wp-json\/wp\/v2\/pages\/22144","targetHints":{"allow":["GET"]}}],"collection":[{"href":"https:\/\/flaxmanlaw.com\/es\/wp-json\/wp\/v2\/pages"}],"about":[{"href":"https:\/\/flaxmanlaw.com\/es\/wp-json\/wp\/v2\/types\/page"}],"author":[{"embeddable":true,"href":"https:\/\/flaxmanlaw.com\/es\/wp-json\/wp\/v2\/users\/3"}],"replies":[{"embeddable":true,"href":"https:\/\/flaxmanlaw.com\/es\/wp-json\/wp\/v2\/comments?post=22144"}],"version-history":[{"count":0,"href":"https:\/\/flaxmanlaw.com\/es\/wp-json\/wp\/v2\/pages\/22144\/revisions"}],"wp:attachment":[{"href":"https:\/\/flaxmanlaw.com\/es\/wp-json\/wp\/v2\/media?parent=22144"}],"curies":[{"name":"wp","href":"https:\/\/api.w.org\/{rel}","templated":true}]}}