{"id":22145,"date":"2024-11-18T12:45:09","date_gmt":"2024-11-18T12:45:09","guid":{"rendered":"https:\/\/flaxmanlaw.wpenginepowered.com\/negligencia-hollywood-florida-abogados-de-negligencia-medica-grupo-legal-flaxman\/"},"modified":"2024-11-18T12:45:09","modified_gmt":"2024-11-18T12:45:09","slug":"negligencia-hollywood-florida-abogados-de-negligencia-medica-grupo-legal-flaxman","status":"publish","type":"page","link":"https:\/\/flaxmanlaw.com\/es\/negligencia-hollywood-florida-abogados-de-negligencia-medica-grupo-legal-flaxman\/","title":{"rendered":"Negligencia | Hollywood, Florida Abogados de Negligencia M\u00e9dica Grupo Legal Flaxman"},"content":{"rendered":"<div class=\"bodytext\">\n<h2>Negligencia<\/h1><\/h2>\n<div class=\"description\">\n<p>Seg\u00fan las estad\u00edsticas, la tercera causa m\u00e1s com\u00fan de demandas por negligencia m\u00e9dica en Miami y Florida son las visitas a Urgencias. Seg\u00fan los registros estatales, s\u00f3lo en 2008 las demandas por negligencia en Urgencias representaron 436 o el 13% de las 3.336 demandas por negligencia m\u00e9dica presentadas en todo el estado. <\/p>\n<p>Sufrir lesiones por negligencia en un servicio de urgencias puede ser una experiencia devastadora. A menudo puede ser dif\u00edcil saber si tienes siquiera una demanda. Si usted cree que su mala experiencia en la sala de emergencias y sus subsecuentes lesiones fueron causadas por negligencia o imprudencia, contacte al Grupo Legal Flaxman para una consulta gratuita y sin compromiso. Los abogados de lesiones personales del Grupo Legal Flaxman tienen una extensa experiencia en casos m\u00e9dicos, as\u00ed como en otros casos de lesiones personales, y pueden darte una evaluaci\u00f3n de tu situaci\u00f3n.   <\/p>\n<p><strong class=\"heading4\">\u00bfQu\u00e9 es la negligencia en los servicios de urgencias en Miami y Florida?<\/strong><\/p>\n<p>La negligencia en urgencias se produce cuando el personal m\u00e9dico no presta la atenci\u00f3n que se espera de \u00e9l. Ciertas situaciones son ejemplos especialmente flagrantes de negligencia e imprudencia. Seg\u00fan los Centros de Servicios de Medicare y Medicaid (CMS), nunca debe ocurrir lo siguiente durante una correcta atenci\u00f3n m\u00e9dica en un hospital o sala de urgencias:  <\/p>\n<ul>\n<li>Un dispositivo o herramienta quir\u00fargica que se deja accidentalmente dentro del cuerpo durante una intervenci\u00f3n quir\u00fargica<\/li>\n<li>Uso incorrecto de agujas o jeringuillas intravenosas, lo que provoca embolias de aire<\/li>\n<li>\u00dalceras por presi\u00f3n<\/li>\n<li>Embolias pulmonares o trombosis venosa profunda tras pr\u00f3tesis de cadera o rodilla<\/li>\n<li>Sangre contaminada o incompatible durante transfusiones y cirug\u00eda<\/li>\n<li>Ca\u00eddas y lesiones en la cabeza, quemaduras, descargas el\u00e9ctricas o lesiones por aplastamiento<\/li>\n<li>Infecciones por cat\u00e9teres<\/li>\n<li>Hipoglucemia y otras complicaciones de la diabetes o de la glucemia<\/li>\n<li>Infecci\u00f3n en la zona quir\u00fargica tras cirug\u00eda de la columna vertebral, cirug\u00eda del cuello, injertos de derivaci\u00f3n arterial coronaria, cirug\u00eda del hombro, cirug\u00eda del codo o cirug\u00eda de la obesidad.<\/li>\n<\/ul>\n<p>Adem\u00e1s de estos casos de negligencia, hay muchos otros tipos de negligencia que pueden dar lugar a una reclamaci\u00f3n judicial. Algunos de estos ejemplos pueden ser bastante sutiles y los pacientes pueden no darse cuenta de que han sido v\u00edctimas hasta que se inicia una investigaci\u00f3n m\u00e1s exhaustiva de su situaci\u00f3n. Si no est\u00e1s seguro de si tienes una reclamaci\u00f3n, ponte en contacto con el Grupo Legal Flaxman para averiguarlo. Los abogados de lesiones personales del Grupo Legal Flaxman pueden evaluar tus expedientes m\u00e9dicos y tus lesiones para ayudarte a determinar si la imprudencia fue un factor en tus lesiones. Pueden ayudarte a comprender tus derechos y a encontrar a todas las partes responsables para presentar agresivamente una demanda en tu nombre.    <\/p>\n<p>El equipo jur\u00eddico del Grupo Legal Flaxman tiene el m\u00e1s alto respeto por los profesionales m\u00e9dicos que trabajan duro para proporcionar un alto nivel de atenci\u00f3n en las salas de urgencias del estado. Al mismo tiempo, el Grupo Legal Flaxman cree que el profesional m\u00e9dico negligente debe ser responsabilizado por sus acciones y debe ser obligado a hacer cambios importantes para proteger la seguridad del paciente. Si has resultado lesionado por un profesional m\u00e9dico imprudente, es hora de hablar. Reclamar una indemnizaci\u00f3n puede ayudarte a obtener respuestas y puede garantizar que se realicen cambios importantes en materia de seguridad. Reclamar judicialmente tambi\u00e9n puede garantizar recursos econ\u00f3micos que ayuden a pagar un tratamiento m\u00e9dico de calidad. Para saber m\u00e1s, <a href=\"contacta con nosotros.html\">contacta con el Grupo Legal Flaxman<\/a> para una consulta gratuita sobre accidentes.     <\/p>\n<\/p><\/div>\n<div class=\"subpageslist\">\n<ul> <\/ul>\n<\/p><\/div>\n<\/p><\/div>\n","protected":false},"excerpt":{"rendered":"<p>Sin honorarios a menos que ganemos. Llama al 866-352-9626 para una &#8230; <\/p>\n","protected":false},"author":3,"featured_media":0,"parent":0,"menu_order":0,"comment_status":"closed","ping_status":"closed","template":"template-practice-areas.php","meta":{"footnotes":""},"class_list":["post-22145","page","type-page","status-publish","hentry"],"featured_image_src":null,"featured_image_src_square":null,"_links":{"self":[{"href":"https:\/\/flaxmanlaw.com\/es\/wp-json\/wp\/v2\/pages\/22145","targetHints":{"allow":["GET"]}}],"collection":[{"href":"https:\/\/flaxmanlaw.com\/es\/wp-json\/wp\/v2\/pages"}],"about":[{"href":"https:\/\/flaxmanlaw.com\/es\/wp-json\/wp\/v2\/types\/page"}],"author":[{"embeddable":true,"href":"https:\/\/flaxmanlaw.com\/es\/wp-json\/wp\/v2\/users\/3"}],"replies":[{"embeddable":true,"href":"https:\/\/flaxmanlaw.com\/es\/wp-json\/wp\/v2\/comments?post=22145"}],"version-history":[{"count":0,"href":"https:\/\/flaxmanlaw.com\/es\/wp-json\/wp\/v2\/pages\/22145\/revisions"}],"wp:attachment":[{"href":"https:\/\/flaxmanlaw.com\/es\/wp-json\/wp\/v2\/media?parent=22145"}],"curies":[{"name":"wp","href":"https:\/\/api.w.org\/{rel}","templated":true}]}}