{"id":22146,"date":"2024-11-18T12:45:11","date_gmt":"2024-11-18T12:45:11","guid":{"rendered":"https:\/\/flaxmanlaw.wpenginepowered.com\/seguridad-de-los-pasajeros-en-north-miami-beach-abogados-de-accidentes-de-coche-en-el-condado-de-miami-dade\/"},"modified":"2024-11-18T12:45:11","modified_gmt":"2024-11-18T12:45:11","slug":"seguridad-de-los-pasajeros-en-north-miami-beach-abogados-de-accidentes-de-coche-en-el-condado-de-miami-dade","status":"publish","type":"page","link":"https:\/\/flaxmanlaw.com\/es\/seguridad-de-los-pasajeros-en-north-miami-beach-abogados-de-accidentes-de-coche-en-el-condado-de-miami-dade\/","title":{"rendered":"Seguridad de los pasajeros en North Miami Beach | Abogados de accidentes de coche en el condado de Miami-Dade"},"content":{"rendered":"<div class=\"bodytext\">\n<h2>Seguridad de los pasajeros en North Miami Beach<\/h1><\/h2>\n<div class=\"description\">\n<p>Si eres un conductor lesionado en un accidente de coche en North Miami Beach o en Florida, es posible que quieras reclamar da\u00f1os materiales, gastos de reparaci\u00f3n del coche, gastos m\u00e9dicos, salarios perdidos y otros gastos en una reclamaci\u00f3n judicial o al seguro. Si eres pasajero de un veh\u00edculo, es posible que no puedas reclamar da\u00f1os por reparaciones del coche o costes de sustituci\u00f3n del coche si el veh\u00edculo no te pertenec\u00eda. Sin embargo, es posible que tengas que hacer frente a gastos m\u00e9dicos, p\u00e9rdida de ingresos, dolor y sufrimiento, etc. T\u00fa tambi\u00e9n puedes tener la opci\u00f3n de presentar una reclamaci\u00f3n judicial o una reclamaci\u00f3n al seguro.   <\/p>\n<p>Si has resultado lesionado como pasajero de un auto durante un accidente automovil\u00edstico, contacta al Grupo Legal Flaxman al 866-352-9626 para programar una evaluaci\u00f3n gratuita de tu caso. Usted puede tener una demanda legal u otras opciones que le permitan buscar una compensaci\u00f3n por sus lesiones y da\u00f1os. <\/p>\n<p><strong class=\"heading4\">\u00bfHas sufrido lesiones como pasajero en el coche de otra persona?<\/strong><\/p>\n<p>En estos casos, puedes reclamar contra la persona que conduc\u00eda el veh\u00edculo. Llevar un caso legal en esta situaci\u00f3n puede ayudarte a buscar una indemnizaci\u00f3n por tus da\u00f1os, que pueden incluir tiempo perdido en el trabajo, dolor y sufrimiento, facturas m\u00e9dicas, da\u00f1os materiales y mucho m\u00e1s. Puede haber varias partes responsables en tu demanda, lo que puede ayudarte a buscar una indemnizaci\u00f3n m\u00e1s justa. Por ejemplo, puedes reclamar contra la persona que conduc\u00eda el coche en el que eras pasajero, y tambi\u00e9n contra el conductor culpable. Si tus lesiones fueron causadas por un fallo mec\u00e1nico, puedes tener una reclamaci\u00f3n por responsabilidad civil por productos defectuosos.    <\/p>\n<p><strong class=\"heading4\">\u00bfCu\u00e1les son tus opciones tras una colisi\u00f3n en carretera?<\/strong><\/p>\n<p>Hablar con un abogado de lesiones personales en North Miami Beach o en tu comunidad puede ayudarte a evaluar qu\u00e9 opciones tienes y qui\u00e9nes pueden ser las partes responsables en tu situaci\u00f3n. Dependiendo de tu situaci\u00f3n, puedes tener una reclamaci\u00f3n o tu abogado puede negociar con las compa\u00f1\u00edas de seguros. Un abogado con experiencia puede investigar tu accidente y ayudarte a determinar cu\u00e1les pueden ser tus costes, de modo que pueda reclamar la m\u00e1xima indemnizaci\u00f3n en tu nombre.  <\/p>\n<p><strong class=\"heading4\">\u00bfNecesitas asesoramiento jur\u00eddico?<\/strong><\/p>\n<p>Si has sufrido lesiones mientras eras ocupante del coche de alguien, puede que seas reacio a reclamar judicialmente contra el conductor. Puede que conozcas al conductor culpable, que puede ser un amigo, un familiar o un colega. Sin embargo, es importante al menos obtener asesoramiento jur\u00eddico sobre tu situaci\u00f3n y presentar una demanda judicial si tienes derecho a ello. No reclamar judicialmente puede significar que acabes teniendo que pagar de tu bolsillo decenas de miles de d\u00f3lares o incluso m\u00e1s en gastos. Incluso con seguro de autom\u00f3vil o cobertura m\u00e9dica, los gastos derivados de este tipo de accidente pueden ser catastr\u00f3ficos y afectar a tu vida y a tus finanzas durante a\u00f1os.    <\/p>\n<p>Los abogados del <a href=\"index.html\">Grupo Legal Flaxman<\/a> han ayudado a residentes de Florida del Sur a buscar justicia durante d\u00e9cadas. Nuestro equipo legal ya ha recuperado m\u00e1s de $100 millones de d\u00f3lares a favor de miles de clientes. Si usted desea hablar con un miembro de nuestra firma, <a href=\"contacta con nosotros.html\">contacte<\/a> hoy mismo al Grupo Legal Flaxman para recibir una evaluaci\u00f3n gratuita de su caso.  <\/p>\n<\/p><\/div>\n<\/p><\/div>\n","protected":false},"excerpt":{"rendered":"<p>Sin honorarios a menos que ganemos. Llama al 866-352-9626 para una &#8230; <\/p>\n","protected":false},"author":3,"featured_media":0,"parent":0,"menu_order":0,"comment_status":"closed","ping_status":"closed","template":"template-practice-areas.php","meta":{"footnotes":""},"class_list":["post-22146","page","type-page","status-publish","hentry"],"featured_image_src":null,"featured_image_src_square":null,"_links":{"self":[{"href":"https:\/\/flaxmanlaw.com\/es\/wp-json\/wp\/v2\/pages\/22146","targetHints":{"allow":["GET"]}}],"collection":[{"href":"https:\/\/flaxmanlaw.com\/es\/wp-json\/wp\/v2\/pages"}],"about":[{"href":"https:\/\/flaxmanlaw.com\/es\/wp-json\/wp\/v2\/types\/page"}],"author":[{"embeddable":true,"href":"https:\/\/flaxmanlaw.com\/es\/wp-json\/wp\/v2\/users\/3"}],"replies":[{"embeddable":true,"href":"https:\/\/flaxmanlaw.com\/es\/wp-json\/wp\/v2\/comments?post=22146"}],"version-history":[{"count":0,"href":"https:\/\/flaxmanlaw.com\/es\/wp-json\/wp\/v2\/pages\/22146\/revisions"}],"wp:attachment":[{"href":"https:\/\/flaxmanlaw.com\/es\/wp-json\/wp\/v2\/media?parent=22146"}],"curies":[{"name":"wp","href":"https:\/\/api.w.org\/{rel}","templated":true}]}}