{"id":22147,"date":"2024-11-18T12:45:11","date_gmt":"2024-11-18T12:45:11","guid":{"rendered":"https:\/\/flaxmanlaw.wpenginepowered.com\/abuso-en-residencias-de-ancianos-en-north-miami-beach-abogados-de-negligencia-de-ancianos-en-el-condado-de-miami-dade\/"},"modified":"2024-11-18T12:45:11","modified_gmt":"2024-11-18T12:45:11","slug":"abuso-en-residencias-de-ancianos-en-north-miami-beach-abogados-de-negligencia-de-ancianos-en-el-condado-de-miami-dade","status":"publish","type":"page","link":"https:\/\/flaxmanlaw.com\/es\/abuso-en-residencias-de-ancianos-en-north-miami-beach-abogados-de-negligencia-de-ancianos-en-el-condado-de-miami-dade\/","title":{"rendered":"Abuso en Residencias de Ancianos en North Miami Beach | Abogados de Negligencia de Ancianos en el Condado de Miami-Dade"},"content":{"rendered":"<div class=\"bodytext\">\n<h2>Abuso en residencias de ancianos de North Miami Beach<\/h1><\/h2>\n<div class=\"description\">\n<p>North Miami Beach est\u00e1 situada en pleno coraz\u00f3n del sur de Florida, en el condado de Miami-Dade. Famosa por su diversa poblaci\u00f3n y sus espacios verdes, North Miami Beach cuenta con numerosos parques, senderos, atracciones tur\u00edsticas e incluso un aut\u00e9ntico monasterio espa\u00f1ol del siglo XII. <\/p>\n<p>Aunque North Miami Beach es un lugar maravilloso para vivir o visitar, la ciudad, como cualquier otra del pa\u00eds, puede ser escenario de <a href=\"abuso en residencias de ancianos.html\">abusos y negligencias en residencias de ancianos de North Miami Beach<\/a>. Por desgracia, esta forma de maltrato contra ciudadanos mayores vulnerables va en aumento. Seg\u00fan el Centro Nacional contra el Maltrato de Ancianos, el n\u00famero de incidentes relacionados con el maltrato de ancianos se duplic\u00f3 entre 1986 y 1994, alcanzando los 240.000 casos en todo el pa\u00eds. A medida que aumenta el n\u00famero de personas que ingresan en residencias de ancianos en Florida y en North Miami Beach, los malos tratos y la negligencia en residencias de ancianos se convierten en una preocupaci\u00f3n cada vez mayor para las familias de todo el mundo.   <\/p>\n<p>Si tienes que ingresar a un ser querido anciano en un centro de vida asistida de North Miami Beach, hay muchas cosas que puedes hacer para reducir el riesgo de maltrato y abandono de ancianos en North Miami Beach. Es importante considerar e investigar cuidadosamente cualquier residencia de ancianos o centro de vida asistida. Aseg\u00farate de entrevistar a los empleados y de hablar con ellos. Los empleados aislados, con mala salud mental, con problemas econ\u00f3micos o con problemas de drogadicci\u00f3n tienen muchas m\u00e1s probabilidades de maltratar o desatender a los residentes en centros de vida asistida. Puedes observar de cerca a los empleados de las residencias o centros de vida asistida y preguntar a una residencia por su proceso de selecci\u00f3n de empleados, para asegurarte de que los empleados no est\u00e1n plagados de este tipo de problemas. Al considerar los centros de vida asistida, ten en cuenta tambi\u00e9n la formaci\u00f3n del personal, los problemas de hacinamiento y las pol\u00edticas de comunicaci\u00f3n dentro del centro. Los centros con personal mal formado, problemas de hacinamiento, personal ausente y mala comunicaci\u00f3n tienen m\u00e1s probabilidades de ser lugares de maltrato y abandono de ancianos en North Miami Beach.      <\/p>\n<p>Si sospechas que un ser querido anciano es v\u00edctima de malos tratos y negligencia en North Miami Beach, <a href=\"contacta con nosotros.html\">ponte en contacto<\/a> inmediatamente con un abogado de lesiones personales de North Miami Beach. Cuanto m\u00e1s tiempo permanezca un ser querido anciano en un entorno negligente o abusivo, m\u00e1s graves ser\u00e1n probablemente los efectos del maltrato y la negligencia. Un abogado de lesiones personales de North Miami Beach con experiencia en casos de abuso y negligencia puede investigar el centro, puede ayudarte a encontrar un centro seguro para tu ser querido y puede presentar una demanda judicial contra el centro en cuesti\u00f3n para que tu ser querido disponga de los recursos econ\u00f3micos necesarios para recibir cuidados y un entorno seguro donde vivir.  <\/p>\n<p>Si usted sospecha que un ser querido anciano es v\u00edctima de abuso y negligencia de ancianos en North Miami Beach, contacte inmediatamente al <a href=\"index.html\">Grupo Legal<\/a> Flaxman. El Grupo Legal Flaxman es una firma de servicios integrales con amplia experiencia en casos de lesiones personales y de abuso y negligencia de adultos mayores en Florida del Sur. El equipo jur\u00eddico del Grupo Legal Flaxman ha ayudado a miles de pacientes de lesiones personales en Florida del Sur a obtener una compensaci\u00f3n justa por sus lesiones, ayudando a las v\u00edctimas de abuso y a las v\u00edctimas de lesiones personales a tener un nuevo comienzo en la vida. Su consulta inicial con el Grupo Legal Flaxman es gratuita y sin compromiso, d\u00e1ndole la oportunidad de hablar sobre sus preocupaciones y su caso con un abogado calificado en lesiones personales.   <\/p>\n<\/p><\/div>\n<\/p><\/div>\n","protected":false},"excerpt":{"rendered":"<p>Sin honorarios a menos que ganemos. Llama al 866-352-9626 para una &#8230; <\/p>\n","protected":false},"author":3,"featured_media":0,"parent":0,"menu_order":0,"comment_status":"closed","ping_status":"closed","template":"template-practice-areas.php","meta":{"footnotes":""},"class_list":["post-22147","page","type-page","status-publish","hentry"],"featured_image_src":null,"featured_image_src_square":null,"_links":{"self":[{"href":"https:\/\/flaxmanlaw.com\/es\/wp-json\/wp\/v2\/pages\/22147","targetHints":{"allow":["GET"]}}],"collection":[{"href":"https:\/\/flaxmanlaw.com\/es\/wp-json\/wp\/v2\/pages"}],"about":[{"href":"https:\/\/flaxmanlaw.com\/es\/wp-json\/wp\/v2\/types\/page"}],"author":[{"embeddable":true,"href":"https:\/\/flaxmanlaw.com\/es\/wp-json\/wp\/v2\/users\/3"}],"replies":[{"embeddable":true,"href":"https:\/\/flaxmanlaw.com\/es\/wp-json\/wp\/v2\/comments?post=22147"}],"version-history":[{"count":0,"href":"https:\/\/flaxmanlaw.com\/es\/wp-json\/wp\/v2\/pages\/22147\/revisions"}],"wp:attachment":[{"href":"https:\/\/flaxmanlaw.com\/es\/wp-json\/wp\/v2\/media?parent=22147"}],"curies":[{"name":"wp","href":"https:\/\/api.w.org\/{rel}","templated":true}]}}