{"id":22148,"date":"2024-11-18T12:45:11","date_gmt":"2024-11-18T12:45:11","guid":{"rendered":"https:\/\/flaxmanlaw.wpenginepowered.com\/accidentes-de-moto-en-north-miami-beach-abogados-de-accidentes-de-moto-en-el-condado-de-miami-dade\/"},"modified":"2024-11-18T12:45:11","modified_gmt":"2024-11-18T12:45:11","slug":"accidentes-de-moto-en-north-miami-beach-abogados-de-accidentes-de-moto-en-el-condado-de-miami-dade","status":"publish","type":"page","link":"https:\/\/flaxmanlaw.com\/es\/accidentes-de-moto-en-north-miami-beach-abogados-de-accidentes-de-moto-en-el-condado-de-miami-dade\/","title":{"rendered":"Accidentes de moto en North Miami Beach | Abogados de accidentes de moto en el condado de Miami-Dade"},"content":{"rendered":"<div class=\"bodytext\">\n<h2>Accidentes de Maniobra en Motocicleta en North Miami Beach<\/h1><\/h2>\n<div class=\"description\">\n<p>Controlar una moto puede ser m\u00e1s dif\u00edcil de lo que crees. Aunque a muchos conductores noveles les encanta la maniobrabilidad y la libertad asociadas a este tipo de veh\u00edculo, el hecho mismo de que las motos sean m\u00e1s maniobrables que otros veh\u00edculos puede crear problemas. En algunos casos, un motorista puede sobrestimar la capacidad de maniobra de su moto, mientras que en otros casos otros motoristas pueden suponer que un motorista puede apartarse del camino cuando ellos no pueden. En todos estos casos, puede producirse una colisi\u00f3n grave en North Miami Beach o en otra comunidad.   <\/p>\n<p>Los abogados del Grupo Legal Flaxman han manejado miles de casos de colisiones de tr\u00e1fico, lesiones personales, y maniobrabilidad de accidentes de motocicleta. Nuestro equipo comprende lo que se necesita para presentar una demanda por lesiones personales. Si usted ha resultado lesionado, contacte hoy mismo a nuestra firma de servicios integrales al 866-352-9626 para una consulta gratuita de su caso.  <\/p>\n<p><strong class=\"heading4\">\u00bfDeber\u00edas emprender acciones legales tras un accidente de moto en North Miami Beach o en tu comunidad?<\/strong><\/p>\n<p>Si no has podido maniobrar con seguridad con tu motocicleta y has sufrido una lesi\u00f3n, tal vez te preguntes si debes emprender acciones legales o si simplemente debes aceptar las prestaciones que te ofrezca tu compa\u00f1\u00eda de seguros. Aunque nadie puede decirte lo que tienes que hacer, hay varias ventajas en buscar acciones legales o al menos asesoramiento jur\u00eddico en tu caso: <\/p>\n<ul>\n<li>Buscar asesoramiento jur\u00eddico sobre tu situaci\u00f3n puede ayudarte a comprender qu\u00e9 opciones existen y cu\u00e1nto puede valer tu caso<\/li>\n<li>Iniciar acciones legales contra las partes responsables te permite investigar a fondo el accidente y te asegura obtener respuestas sobre lo que caus\u00f3 tu colisi\u00f3n<\/li>\n<li>Reclamar judicialmente te permite pedir una indemnizaci\u00f3n para que no acabes teniendo que pagar de tus propios ahorros grandes cantidades por facturas m\u00e9dicas, reparaciones de la moto, da\u00f1os materiales, salarios perdidos y otros muchos gastos a los que puedas tener que hacer frente.<\/li>\n<li>Iniciar acciones legales contra las partes responsables garantiza que se exijan responsabilidades a los responsables de tu accidente<\/li>\n<li>Recurrir a la v\u00eda judicial puede ayudar a empujar a las partes responsables a realizar cambios importantes en materia de seguridad para que otros motoristas no tengan que sufrir las mismas lesiones que t\u00fa.<\/li>\n<\/ul>\n<p>Hablar con un abogado de lesiones personales de tu comunidad es tan sencillo como contactar con un profesional del Derecho, y puede darte la tranquilidad de saber que est\u00e1s haciendo todo lo que puedes para protegerte a ti y a tu familia.<\/p>\n<p><strong class=\"heading4\">Decidir actuar<\/strong><\/p>\n<p>Aunque no est\u00e9s seguro de si quieres emprender acciones legales o no, al menos <a href=\"contacta con nosotros.html\">contacta<\/a> al Grupo Legal Flaxman al 866-352-9626 para una evaluaci\u00f3n gratuita de tu caso. El personal jur\u00eddico <a href=\"index.html\">del Grupo<\/a> Legal <a href=\"index.html\">Flaxman<\/a> puede responder a tus preguntas y atender tus preocupaciones. Pueden ayudarte a comprender todas tus opciones legales para que puedas tomar una decisi\u00f3n informada sobre qu\u00e9 opciones son las mejores para ti. Su consulta inicial con el Grupo Legal Flaxman es gratuita y no conlleva absolutamente ninguna obligaci\u00f3n, as\u00ed que usted no arriesga nada al obtener los hechos sobre sus derechos bajo la ley de Florida.  <\/p>\n<\/p><\/div>\n<\/p><\/div>\n","protected":false},"excerpt":{"rendered":"<p>Sin honorarios a menos que ganemos. Llama al 866-352-9626 para una &#8230; <\/p>\n","protected":false},"author":3,"featured_media":0,"parent":0,"menu_order":0,"comment_status":"closed","ping_status":"closed","template":"template-practice-areas.php","meta":{"footnotes":""},"class_list":["post-22148","page","type-page","status-publish","hentry"],"featured_image_src":null,"featured_image_src_square":null,"_links":{"self":[{"href":"https:\/\/flaxmanlaw.com\/es\/wp-json\/wp\/v2\/pages\/22148","targetHints":{"allow":["GET"]}}],"collection":[{"href":"https:\/\/flaxmanlaw.com\/es\/wp-json\/wp\/v2\/pages"}],"about":[{"href":"https:\/\/flaxmanlaw.com\/es\/wp-json\/wp\/v2\/types\/page"}],"author":[{"embeddable":true,"href":"https:\/\/flaxmanlaw.com\/es\/wp-json\/wp\/v2\/users\/3"}],"replies":[{"embeddable":true,"href":"https:\/\/flaxmanlaw.com\/es\/wp-json\/wp\/v2\/comments?post=22148"}],"version-history":[{"count":0,"href":"https:\/\/flaxmanlaw.com\/es\/wp-json\/wp\/v2\/pages\/22148\/revisions"}],"wp:attachment":[{"href":"https:\/\/flaxmanlaw.com\/es\/wp-json\/wp\/v2\/media?parent=22148"}],"curies":[{"name":"wp","href":"https:\/\/api.w.org\/{rel}","templated":true}]}}