{"id":22149,"date":"2024-11-18T12:45:11","date_gmt":"2024-11-18T12:45:11","guid":{"rendered":"https:\/\/flaxmanlaw.wpenginepowered.com\/negligencia-medica-north-miami-beach-abogados-negligencia-medica-condado-miami-dade\/"},"modified":"2024-11-18T12:45:11","modified_gmt":"2024-11-18T12:45:11","slug":"negligencia-medica-north-miami-beach-abogados-negligencia-medica-condado-miami-dade","status":"publish","type":"page","link":"https:\/\/flaxmanlaw.com\/es\/negligencia-medica-north-miami-beach-abogados-negligencia-medica-condado-miami-dade\/","title":{"rendered":"Negligencia M\u00e9dica North Miami Beach | Abogados Negligencia M\u00e9dica Condado Miami-Dade"},"content":{"rendered":"<div class=\"bodytext\">\n<h2>Negligencia m\u00e9dica en North Miami Beach<\/h1><\/h2>\n<div class=\"description\">\n<p>North Miami Beach, situada en el condado de Miami-Dade, es una comunidad del sur de Florida con una poblaci\u00f3n diversa, muchos espacios verdes e incluso un aut\u00e9ntico monasterio del siglo XII. North Miami Beach, o NMD, como se la conoce popularmente, tiene muchas atracciones tur\u00edsticas, as\u00ed como atractivas zonas residenciales. <\/p>\n<p>North Miami Beach tambi\u00e9n cuenta con muchos centros m\u00e9dicos, as\u00ed como con profesionales de la medicina de todas las especialidades. Los residentes y visitantes de la zona esperan que estos profesionales presten una atenci\u00f3n de alto nivel. Desgraciadamente, en algunos casos los profesionales e instalaciones m\u00e9dicas no ofrecen un nivel de atenci\u00f3n razonable, lo que provoca lesiones graves, diagn\u00f3sticos err\u00f3neos, errores m\u00e9dicos y otros problemas. Los casos de negligencia m\u00e9dica pueden derivarse de diversas situaciones:   <\/p>\n<p>1) Diagn\u00f3sticos err\u00f3neos Los sofisticados equipos m\u00e9dicos actuales est\u00e1n pensados para facilitar a los profesionales de la medicina el diagn\u00f3stico correcto de los pacientes, de modo que pueda iniciarse el tratamiento adecuado. Cuando los profesionales no est\u00e1n suficientemente formados o son negligentes, pueden diagnosticar err\u00f3neamente a un paciente, lo que en algunos casos no les permite recibir a tiempo un tratamiento que puede salvarles la vida. <\/p>\n<p>2) Tratamiento incorrecto. La mayor\u00eda de las afecciones tienen m\u00faltiples tratamientos, pero cuando los profesionales m\u00e9dicos dan el tratamiento equivocado o lo administran incorrectamente, pueden producirse complicaciones y lesiones potencialmente mortales. <\/p>\n<p>3) Errores de medicaci\u00f3n. Los medicamentos pueden salvar vidas, pero la medicaci\u00f3n incorrecta o la dosis incorrecta pueden resultar fatales. Se espera que los profesionales m\u00e9dicos comprueben los medicamentos, las dosis y las alergias de los pacientes antes de administrar la medicaci\u00f3n, pero esto no siempre ocurre, lo que a veces provoca tragedias.  <\/p>\n<p>4) Complicaciones por negligencia durante el parto. Las complicaciones que se producen durante el parto pueden convertir un acontecimiento alegre en una tragedia. Se espera que el personal m\u00e9dico controle cuidadosamente a la madre y al beb\u00e9 y administre el tratamiento necesario. Cuando esto no ocurre por negligencia, el beb\u00e9 o la madre pueden sufrir complicaciones potencialmente mortales.   <\/p>\n<p>5) Tiempos de espera irrazonables. Se espera que los pacientes reciban un tratamiento m\u00e9dico correcto. Cuando se hace esperar a pacientes en apuros durante periodos de tiempo irrazonables sin un tratamiento correcto, pueden producirse lesiones y muertes.  <\/p>\n<p>Si usted cree que puede tener un caso de lesiones personales o de <a href=\"negligencia-m\u00e9dica.html\">negligencia m\u00e9dica<\/a> en North Miami Beach, contacte hoy mismo al Grupo Legal Flaxman. El Grupo Legal Flaxman puede ofrecerle una evaluaci\u00f3n gratuita de su caso para determinar si usted tiene un caso y para ayudarle a determinar sus derechos y opciones. Su caso puede valer m\u00e1s de lo que usted piensa, y perseguir un caso de negligencia m\u00e9dica puede ser importante no s\u00f3lo para su tranquilidad, sino tambi\u00e9n para su futuro financiero. Entablar una causa judicial puede ayudarte a obtener una indemnizaci\u00f3n por gastos m\u00e9dicos, p\u00e9rdida de ingresos y otros costes asociados a una complicaci\u00f3n o lesi\u00f3n provocada por una negligencia. Entablar una causa judicial tambi\u00e9n puede ayudarte a responsabilizar de sus actos a los profesionales y centros m\u00e9dicos, lo que a menudo da lugar a importantes cambios en la seguridad que ayudan a otros pacientes a disfrutar de una atenci\u00f3n m\u00e9dica m\u00e1s segura. En muchos casos, los pacientes se dan cuenta de que emprender acciones legales a trav\u00e9s de un abogado de lesiones personales de North Miami Beach tambi\u00e9n les ayuda a seguir adelante y a conseguir una cierta sensaci\u00f3n de cierre de su caso. Si usted est\u00e1 listo para obtener informaci\u00f3n sobre sus derechos y opciones, contacte hoy mismo al <a href=\"index.html\">Grupo Legal Flaxman<\/a> para programar su consulta gratuita y sin compromiso.      <\/p>\n<\/p><\/div>\n<\/p><\/div>\n","protected":false},"excerpt":{"rendered":"<p>Sin honorarios a menos que ganemos. Llama al 866-352-9626 para una &#8230; <\/p>\n","protected":false},"author":3,"featured_media":0,"parent":0,"menu_order":0,"comment_status":"closed","ping_status":"closed","template":"template-practice-areas.php","meta":{"footnotes":""},"class_list":["post-22149","page","type-page","status-publish","hentry"],"featured_image_src":null,"featured_image_src_square":null,"_links":{"self":[{"href":"https:\/\/flaxmanlaw.com\/es\/wp-json\/wp\/v2\/pages\/22149","targetHints":{"allow":["GET"]}}],"collection":[{"href":"https:\/\/flaxmanlaw.com\/es\/wp-json\/wp\/v2\/pages"}],"about":[{"href":"https:\/\/flaxmanlaw.com\/es\/wp-json\/wp\/v2\/types\/page"}],"author":[{"embeddable":true,"href":"https:\/\/flaxmanlaw.com\/es\/wp-json\/wp\/v2\/users\/3"}],"replies":[{"embeddable":true,"href":"https:\/\/flaxmanlaw.com\/es\/wp-json\/wp\/v2\/comments?post=22149"}],"version-history":[{"count":0,"href":"https:\/\/flaxmanlaw.com\/es\/wp-json\/wp\/v2\/pages\/22149\/revisions"}],"wp:attachment":[{"href":"https:\/\/flaxmanlaw.com\/es\/wp-json\/wp\/v2\/media?parent=22149"}],"curies":[{"name":"wp","href":"https:\/\/api.w.org\/{rel}","templated":true}]}}