{"id":22150,"date":"2024-11-18T12:45:11","date_gmt":"2024-11-18T12:45:11","guid":{"rendered":"https:\/\/flaxmanlaw.wpenginepowered.com\/accidente-de-motocicleta-en-north-miami-beach-abogados-de-lesiones-de-motocicleta-en-el-condado-de-miami-dade\/"},"modified":"2024-11-18T12:45:11","modified_gmt":"2024-11-18T12:45:11","slug":"accidente-de-motocicleta-en-north-miami-beach-abogados-de-lesiones-de-motocicleta-en-el-condado-de-miami-dade","status":"publish","type":"page","link":"https:\/\/flaxmanlaw.com\/es\/accidente-de-motocicleta-en-north-miami-beach-abogados-de-lesiones-de-motocicleta-en-el-condado-de-miami-dade\/","title":{"rendered":"Accidente de Motocicleta en North Miami Beach | Abogados de Lesiones de Motocicleta en el Condado de Miami-Dade"},"content":{"rendered":"<div class=\"bodytext\">\n<h2>Accidente de moto en North Miami Beach<\/h1><\/h2>\n<div class=\"description\">\n<p>North Miami Beach es conocida por albergar el Parque Haulover, la Iglesia de San Bernardo de Claraval y el Centro de Tenis Juez Arthur I. Snyder. Tanto si quieres pasear por bellos espacios verdes, explorar un aut\u00e9ntico monasterio espa\u00f1ol del siglo XII o jugar al raquetbol o al tenis, North Miami Beach ofrece una asombrosa diversidad de cosas que ver y hacer. No dejes de visitar tambi\u00e9n los numerosos y maravillosos restaurantes y tiendas de la zona. Con un tiempo estupendo y una belleza natural \u00fanica en s\u00ed misma, North Miami Beach es un gran lugar para visitar y un sitio maravilloso para formar una familia.   <\/p>\n<p>Por desgracia, como en todas las comunidades, en North Miami Beach se producen muchos accidentes, incluidos los de motocicleta. Un accidente de moto en North Miami Beach puede afectarte durante a\u00f1os o toda la vida. S\u00f3lo el impacto econ\u00f3mico puede ser considerable, y tus lesiones podr\u00edan dejarte dolorido e incapacitado para trabajar durante alg\u00fan tiempo. Si has sufrido un accidente de moto en North Miami Beach, es importante que trabajes con un abogado experto en accidentes de moto del sur de Florida para salvaguardar tus derechos.   <\/p>\n<p>El <a href=\"index.html\">Grupo<\/a> Legal <a href=\"index.html\">Flaxman<\/a> es una firma legal de servicios integrales que se adapta a tus necesidades legales. Ya sea que necesite que alguien le informe de sus derechos, negocie con su aseguradora, o lleve su caso hasta la corte, el Grupo Legal Flaxman cuenta con los recursos para ayudarle. Con un equipo de expertos legales capacitados, as\u00ed como una red de investigadores privados, profesionales en reconstrucci\u00f3n de accidentes, testigos expertos, y otros profesionales que pueden ayudar en tu caso, el Grupo Legal Flaxman puede hacerse cargo de todas tus necesidades legales.  <\/p>\n<p>Lo que distingue al Grupo Legal Flaxman es su equipo jur\u00eddico. Nuestro equipo jur\u00eddico est\u00e1 formado por experimentados profesionales legales con d\u00e9cadas de experiencia ayudando a v\u00edctimas de lesiones personales en Florida del Sur. Nuestro equipo jur\u00eddico realmente se preocupa por los acusados, y trata a cada demandante con el cuidado y la consideraci\u00f3n que merece. De hecho, nuestro equipo jur\u00eddico est\u00e1 dispuesto a desplazarse para ver a las v\u00edctimas de accidentes de moto de North Miami Beach en su domicilio, lugar de trabajo o habitaci\u00f3n de hospital en los casos en que la v\u00edctima est\u00e9 demasiado lesionada para desplazarse. Tambi\u00e9n disponemos de tres oficinas convenientemente situadas, para facilitar a las v\u00edctimas la obtenci\u00f3n de la ayuda legal que necesitan. Adem\u00e1s, nuestro equipo trabaja con honorarios condicionales, lo que garantiza que no pagues honorarios a menos que ganemos.     <\/p>\n<p><a href=\"charles-flaxman.html\">Charles Flaxman<\/a>, del Grupo Legal Flaxman, ha estado ayudando a v\u00edctimas de lesiones personales en Florida del Sur durante d\u00e9cadas. Antes de convertirse en abogado de lesiones personales, Charles Flaxman trabaj\u00f3 durante 10 a\u00f1os en la industria de los seguros, adquiriendo valiosos conocimientos sobre la forma en que trabajan las aseguradoras. Ahora utiliza esa informaci\u00f3n en nombre de los demandantes, usando su conocimiento interno para negociar con las aseguradoras en nombre de las v\u00edctimas. Desde que se gradu\u00f3 entre el 1% de los mejores de su clase de derecho y desde que se convirti\u00f3 en abogado de lesiones personales, Charles Flaxman ha ayudado a miles de v\u00edctimas del Sur de Florida a acceder a las indemnizaciones que merecen. Charles Flaxman cree que todo el mundo deber\u00eda buscar justicia tras un accidente. Si has resultado lesionado, \u00e9l luchar\u00e1 por tus derechos para asegurarse de que obtengas una recuperaci\u00f3n que te permita disfrutar de un futuro brillante.     <\/p>\n<p>North Miami Beach est\u00e1 a s\u00f3lo un cuarto de hora en coche de las oficinas del Grupo Legal Flaxman en Hollywood. S\u00f3lo tienes que seguir NE 19th Avenue, FL-826 W\/NE 163rd Street, FL-826 W y FL-7 N hasta Johnson Street. Las oficinas est\u00e1n en el 5715 de Johnson Street. Si no puedes desplazarte debido a tus lesiones, nuestro equipo jur\u00eddico tambi\u00e9n est\u00e1 dispuesto a reunirse en tu casa, habitaci\u00f3n de hospital o lugar de trabajo para hablar de tu caso. Llama hoy para una consulta gratuita y sin compromiso con nuestro equipo jur\u00eddico para hablar de tu caso.    <\/p>\n<\/p><\/div>\n<div class=\"subpageslist\"> <strong class=\"heading4 widget-title\"><a href=\"norte-miami-playa-accidentes-de-una-bicicleta.html\">Accidentes de una sola bicicleta<\/a><\/strong> <strong class=\"heading4 widget-title\"><a href=\"norte-miami-playa-visibilidad-limitada-accidentes-moto.html\">Visibilidad limitada<\/a><\/strong> <strong class=\"heading4 widget-title\"><a href=\"playa-miami-norte-perder-control-en-las-vueltas.html\">P\u00e9rdida de control en giros<\/a><\/strong> <strong class=\"heading4 widget-title\"><a href=\"accidentes-maniobrabilidad-miami-norte.html\">Accidentes por maniobrabilidad<\/a><\/strong> <\/div>\n<\/p><\/div>\n","protected":false},"excerpt":{"rendered":"<p>Sin honorarios a menos que ganemos. Llama al 866-352-9626 para una &#8230; <\/p>\n","protected":false},"author":3,"featured_media":0,"parent":0,"menu_order":0,"comment_status":"closed","ping_status":"closed","template":"template-practice-areas.php","meta":{"footnotes":""},"class_list":["post-22150","page","type-page","status-publish","hentry"],"featured_image_src":null,"featured_image_src_square":null,"_links":{"self":[{"href":"https:\/\/flaxmanlaw.com\/es\/wp-json\/wp\/v2\/pages\/22150","targetHints":{"allow":["GET"]}}],"collection":[{"href":"https:\/\/flaxmanlaw.com\/es\/wp-json\/wp\/v2\/pages"}],"about":[{"href":"https:\/\/flaxmanlaw.com\/es\/wp-json\/wp\/v2\/types\/page"}],"author":[{"embeddable":true,"href":"https:\/\/flaxmanlaw.com\/es\/wp-json\/wp\/v2\/users\/3"}],"replies":[{"embeddable":true,"href":"https:\/\/flaxmanlaw.com\/es\/wp-json\/wp\/v2\/comments?post=22150"}],"version-history":[{"count":0,"href":"https:\/\/flaxmanlaw.com\/es\/wp-json\/wp\/v2\/pages\/22150\/revisions"}],"wp:attachment":[{"href":"https:\/\/flaxmanlaw.com\/es\/wp-json\/wp\/v2\/media?parent=22150"}],"curies":[{"name":"wp","href":"https:\/\/api.w.org\/{rel}","templated":true}]}}