{"id":22151,"date":"2024-11-18T12:45:11","date_gmt":"2024-11-18T12:45:11","guid":{"rendered":"https:\/\/flaxmanlaw.wpenginepowered.com\/fallo-mecanico-en-north-miami-beach-abogados-de-accidentes-de-trafico-en-el-condado-de-miami-dade\/"},"modified":"2024-11-18T12:45:11","modified_gmt":"2024-11-18T12:45:11","slug":"fallo-mecanico-en-north-miami-beach-abogados-de-accidentes-de-trafico-en-el-condado-de-miami-dade","status":"publish","type":"page","link":"https:\/\/flaxmanlaw.com\/es\/fallo-mecanico-en-north-miami-beach-abogados-de-accidentes-de-trafico-en-el-condado-de-miami-dade\/","title":{"rendered":"Fallo mec\u00e1nico en North Miami Beach | Abogados de accidentes de tr\u00e1fico en el condado de Miami-Dade"},"content":{"rendered":"<div class=\"bodytext\">\n<h2>Fallo mec\u00e1nico en North Miami Beach<\/h1><\/h2>\n<div class=\"description\">\n<p>Los fabricantes de autom\u00f3viles gastan mucho dinero en publicitar las caracter\u00edsticas de seguridad de sus productos y la calidad de sus coches. Pero, \u00bfqu\u00e9 ocurre cuando un coche falla mec\u00e1nicamente y esto provoca un accidente de coche en North Miami Beach o una lesi\u00f3n grave para ti o para alguien de tu familia? En algunos casos, puedes solicitar una indemnizaci\u00f3n que te ayude a pagar los gastos m\u00e9dicos, los salarios perdidos, el dolor y el sufrimiento, y otros gastos. Cuando los fabricantes de autom\u00f3viles cometen una negligencia al proporcionarte un medio de transporte seguro, la legislaci\u00f3n de Florida te reconoce el derecho a pedir ayuda.   <\/p>\n<p>Para averiguar si usted tiene una demanda, contacte al Grupo Legal Flaxman para una revisi\u00f3n gratuita y confidencial de su caso. El Grupo Legal Flaxman es una firma de servicios integrales ubicada en el sur de Florida, con tres oficinas para servirle mejor. <a href=\"sobre nosotros.html\">Nuestros abogados<\/a> cuentan con m\u00e1s de seis d\u00e9cadas de experiencia ayudando a demandantes como usted. <\/p>\n<p><strong class=\"heading4\">\u00bfQu\u00e9 puedes hacer si has sufrido un accidente de tr\u00e1fico grave causado por un fallo mec\u00e1nico?<\/strong><\/p>\n<p>Tu primera prioridad ser\u00e1 recibir atenci\u00f3n m\u00e9dica por las lesiones que puedas haber sufrido. Aunque no tengas s\u00edntomas, es buena idea que te examine un m\u00e9dico inmediatamente. Las lesiones de tejidos blandos y las lesiones craneales, especialmente, a menudo no presentan s\u00edntomas, pero pueden ser muy graves. Si te has golpeado la cabeza en un accidente de tr\u00e1fico, sobre todo, es muy importante que busques atenci\u00f3n m\u00e9dica de inmediato. En algunos casos, las lesiones cerebrales potencialmente mortales pueden no presentar s\u00edntomas, pero ser lo bastante peligrosas como para causar lesiones permanentes o incluso mortales.    <\/p>\n<p>Una vez que hayas consultado a un m\u00e9dico, querr\u00e1s informar de tu accidente. Tendr\u00e1s que informar de tu accidente a tu agente de seguros, as\u00ed como a la polic\u00eda si se ha producido una lesi\u00f3n grave o una v\u00edctima mortal. Sin embargo, aunque tengas un seguro de coche y un seguro m\u00e9dico excelentes, tambi\u00e9n querr\u00e1s hablar con un abogado de lesiones personales en North Miami Beach o en tu comunidad. Sobre todo si crees que en tu accidente influy\u00f3 una negligencia o un fallo mec\u00e1nico. Si alguna de estas cosas es cierta, puedes tener derecho a una indemnizaci\u00f3n considerable que puede ayudarte a pagar los gastos m\u00e9dicos, los salarios perdidos y mucho m\u00e1s.    <\/p>\n<p><strong class=\"heading4\">\u00bfPor qu\u00e9 hablar con un abogado de lesiones personales?<\/strong><\/p>\n<p>Un abogado especializado en lesiones personales puede ayudarte a revisar tu caso y a tomar decisiones sobre qu\u00e9 nivel de indemnizaci\u00f3n ser\u00eda mejor para ti y tu familia. Un buen abogado puede incluso ayudar a negociar con tu aseguradora en algunos casos, aumentando tus posibilidades de obtener una indemnizaci\u00f3n justa por tus lesiones. <\/p>\n<p>Si usted desea hablar sobre su caso con un abogado de accidentes automovil\u00edsticos, <a href=\"contacta con nosotros.html\">contacte<\/a> al Grupo Legal Flaxman para programar una consulta gratuita sobre accidentes. Nuestros abogados ya han recuperado m\u00e1s de $100 millones de d\u00f3lares a favor de miles de demandantes por lesiones personales y accidentes de tr\u00e1fico en todo el Sur de Florida. Trabajamos con un equipo de expertos en reconstrucci\u00f3n de accidentes, testigos expertos, y otros profesionales para construir casos s\u00f3lidos. Lo m\u00e1s importante de todo es que todos nuestros abogados est\u00e1n completamente dedicados a nuestros clientes, trabajando incansablemente para construir casos s\u00f3lidos y luchar agresivamente en nombre de las partes lesionadas. Si usted desea que un equipo legal compasivo y profesional luche a su lado mientras busca justicia en su caso, contacte hoy mismo <a href=\"index.html\">al Grupo Legal Flaxman<\/a>.    <\/p>\n<\/p><\/div>\n<\/p><\/div>\n","protected":false},"excerpt":{"rendered":"<p>Sin honorarios a menos que ganemos. Llama al 866-352-9626 para una &#8230; <\/p>\n","protected":false},"author":3,"featured_media":0,"parent":0,"menu_order":0,"comment_status":"closed","ping_status":"closed","template":"template-practice-areas.php","meta":{"footnotes":""},"class_list":["post-22151","page","type-page","status-publish","hentry"],"featured_image_src":null,"featured_image_src_square":null,"_links":{"self":[{"href":"https:\/\/flaxmanlaw.com\/es\/wp-json\/wp\/v2\/pages\/22151","targetHints":{"allow":["GET"]}}],"collection":[{"href":"https:\/\/flaxmanlaw.com\/es\/wp-json\/wp\/v2\/pages"}],"about":[{"href":"https:\/\/flaxmanlaw.com\/es\/wp-json\/wp\/v2\/types\/page"}],"author":[{"embeddable":true,"href":"https:\/\/flaxmanlaw.com\/es\/wp-json\/wp\/v2\/users\/3"}],"replies":[{"embeddable":true,"href":"https:\/\/flaxmanlaw.com\/es\/wp-json\/wp\/v2\/comments?post=22151"}],"version-history":[{"count":0,"href":"https:\/\/flaxmanlaw.com\/es\/wp-json\/wp\/v2\/pages\/22151\/revisions"}],"wp:attachment":[{"href":"https:\/\/flaxmanlaw.com\/es\/wp-json\/wp\/v2\/media?parent=22151"}],"curies":[{"name":"wp","href":"https:\/\/api.w.org\/{rel}","templated":true}]}}