{"id":22152,"date":"2024-11-18T12:45:11","date_gmt":"2024-11-18T12:45:11","guid":{"rendered":"https:\/\/flaxmanlaw.wpenginepowered.com\/north-miami-beach-negligencia-medica-abogados-de-abuso-en-residencias-de-ancianos-del-condado-de-miami-dade\/"},"modified":"2024-11-18T12:45:11","modified_gmt":"2024-11-18T12:45:11","slug":"north-miami-beach-negligencia-medica-abogados-de-abuso-en-residencias-de-ancianos-del-condado-de-miami-dade","status":"publish","type":"page","link":"https:\/\/flaxmanlaw.com\/es\/north-miami-beach-negligencia-medica-abogados-de-abuso-en-residencias-de-ancianos-del-condado-de-miami-dade\/","title":{"rendered":"North Miami Beach Negligencia M\u00e9dica | Abogados de Abuso en Residencias de Ancianos del Condado de Miami-Dade"},"content":{"rendered":"<div class=\"bodytext\">\n<h2>Negligencia m\u00e9dica en North Miami Beach<\/h1><\/h2>\n<div class=\"description\">\n<p>Muchos informes y estudios han demostrado que nuestra sociedad no hace lo suficiente para proporcionar cuidados y protecci\u00f3n a los ancianos. Los ancianos deben ser honrados por la vida que han llevado y respetados en su edad. Por desgracia, con demasiada frecuencia los ancianos son v\u00edctimas de abusos en North Miami Beach y Florida. Este maltrato puede adoptar muchas formas, como abuso econ\u00f3mico, maltrato f\u00edsico, negligencia y abuso sexual. Una forma com\u00fan de negligencia que puede producirse es la negligencia m\u00e9dica, que implica no proporcionar niveles adecuados de atenci\u00f3n m\u00e9dica.    <\/p>\n<p>Para una persona mayor con problemas m\u00e9dicos, la negligencia m\u00e9dica puede provocar lesiones potencialmente mortales e incluso la muerte. Si sospechas que un ser querido es v\u00edctima de abuso o negligencia, debes actuar con rapidez. Puedes contactar hoy mismo con el Grupo Legal Flaxman para concertar una consulta gratuita sobre accidentes y hablar sobre lo que puedes hacer inmediatamente para proteger a un familiar de este tipo de negligencia.  <\/p>\n<p><strong class=\"heading4\">C\u00f3mo es la negligencia m\u00e9dica en North Miami Beach y Florida<\/strong><\/p>\n<p>La negligencia m\u00e9dica puede adoptar muchas formas:<\/p>\n<ul>\n<li>El personal de una residencia de ancianos o de un centro de vida asistida no suministra la medicaci\u00f3n al paciente<\/li>\n<li>El personal de una residencia de ancianos o de un centro de vida asistida no llama al 911 o al m\u00e9dico cuando un residente o paciente enferma<\/li>\n<li>Los padres no llevan al ni\u00f1o al dentista o al m\u00e9dico cuando es necesario<\/li>\n<li>El personal de un hospital, cl\u00ednica u otro centro sanitario no atiende a los pacientes en plazos razonables, lo que permite que el paciente sucumba a sus lesiones o sufra complicaciones graves como consecuencia de ello.<\/li>\n<\/ul>\n<p>La negligencia m\u00e9dica puede producirse en muchos entornos:<\/p>\n<ul class=\"no-spacing-list\">\n<li>Guarder\u00edas<\/li>\n<li>Viviendas<\/li>\n<li>Centros de vida asistida<\/li>\n<li>Centros de cuidados de larga duraci\u00f3n<\/li>\n<li>Hospitales y cl\u00ednicas<\/li>\n<li>Consultorios m\u00e9dicos<\/li>\n<li>Residencias de ancianos<\/li>\n<\/ul>\n<p>Cada vez que un paciente o una persona no recibe la atenci\u00f3n m\u00e9dica adecuada, la negligencia m\u00e9dica es una posibilidad y es importante explorar esta opci\u00f3n, as\u00ed como cualquier recurso legal posible, hablando con un abogado especializado en lesiones personales.<\/p>\n<p><strong class=\"heading4\">La negligencia m\u00e9dica puede provocar lesiones graves e incluso mortales<\/strong><\/p>\n<p>La negligencia m\u00e9dica puede significar que alguien no recibe la atenci\u00f3n m\u00e9dica necesaria a tiempo y, por tanto, sufre lesiones o complicaciones graves. Este tipo de negligencia es especialmente probable que provoque lesiones y muertes en residentes de residencias de ancianos y otros entornos asistenciales. Hay muchas razones por las que la negligencia m\u00e9dica en residencias de ancianos y residencias asistidas puede ser especialmente grave:  <\/p>\n<ul>\n<li>Los pacientes de estos centros pueden tener enfermedades subyacentes o ser ancianos y, por tanto, m\u00e1s vulnerables a enfermedades o complicaciones.<\/li>\n<li>Los pacientes pueden ser incapaces de conseguir medicaci\u00f3n u otro tratamiento por s\u00ed mismos y tal vez dependan del personal para recibir tratamiento.<\/li>\n<li>Los pacientes pueden tener afecciones que les impidan comunicarse eficazmente, lo que les dificulta advertir signos de dolor u otros s\u00edntomas. Estos pacientes pueden confiar en que el personal se d\u00e9 cuenta de que algo va mal y les proporcione el tratamiento adecuado. <\/li>\n<li>Es posible que los pacientes de estos centros no puedan ir al m\u00e9dico o al dentista por s\u00ed mismos, de modo que si el personal no les proporciona atenci\u00f3n m\u00e9dica, es posible que no tengan opciones o ning\u00fan lugar al que acudir para obtener atenci\u00f3n m\u00e9dica por s\u00ed mismos.<\/li>\n<\/ul>\n<p>Si sospecha que la negligencia m\u00e9dica le ha causado lesiones a usted o a un ser querido, obtenga asesor\u00eda legal sobre su situaci\u00f3n <a href=\"contacta con nosotros.html\">contactando al Grupo Legal Flaxman<\/a>. El Grupo Legal Flaxman es una firma de servicios integrales con oficinas en Miami, Homestead y Hollywood. El personal jur\u00eddico de nuestra firma se complace en servir a toda el \u00e1rea de Florida del Sur.  <\/p>\n<\/p><\/div>\n<\/p><\/div>\n","protected":false},"excerpt":{"rendered":"<p>Sin honorarios a menos que ganemos. Llama al 866-352-9626 para una &#8230; <\/p>\n","protected":false},"author":3,"featured_media":0,"parent":0,"menu_order":0,"comment_status":"closed","ping_status":"closed","template":"template-practice-areas.php","meta":{"footnotes":""},"class_list":["post-22152","page","type-page","status-publish","hentry"],"featured_image_src":null,"featured_image_src_square":null,"_links":{"self":[{"href":"https:\/\/flaxmanlaw.com\/es\/wp-json\/wp\/v2\/pages\/22152","targetHints":{"allow":["GET"]}}],"collection":[{"href":"https:\/\/flaxmanlaw.com\/es\/wp-json\/wp\/v2\/pages"}],"about":[{"href":"https:\/\/flaxmanlaw.com\/es\/wp-json\/wp\/v2\/types\/page"}],"author":[{"embeddable":true,"href":"https:\/\/flaxmanlaw.com\/es\/wp-json\/wp\/v2\/users\/3"}],"replies":[{"embeddable":true,"href":"https:\/\/flaxmanlaw.com\/es\/wp-json\/wp\/v2\/comments?post=22152"}],"version-history":[{"count":0,"href":"https:\/\/flaxmanlaw.com\/es\/wp-json\/wp\/v2\/pages\/22152\/revisions"}],"wp:attachment":[{"href":"https:\/\/flaxmanlaw.com\/es\/wp-json\/wp\/v2\/media?parent=22152"}],"curies":[{"name":"wp","href":"https:\/\/api.w.org\/{rel}","templated":true}]}}