{"id":22153,"date":"2024-11-18T12:45:11","date_gmt":"2024-11-18T12:45:11","guid":{"rendered":"https:\/\/flaxmanlaw.wpenginepowered.com\/north-miami-beach-perder-el-control-en-las-curvas-abogados-de-accidentes-de-motocicleta-del-condado-de-miami-dade\/"},"modified":"2024-11-18T12:45:11","modified_gmt":"2024-11-18T12:45:11","slug":"north-miami-beach-perder-el-control-en-las-curvas-abogados-de-accidentes-de-motocicleta-del-condado-de-miami-dade","status":"publish","type":"page","link":"https:\/\/flaxmanlaw.com\/es\/north-miami-beach-perder-el-control-en-las-curvas-abogados-de-accidentes-de-motocicleta-del-condado-de-miami-dade\/","title":{"rendered":"North Miami Beach Perder el Control en las Curvas | Abogados de Accidentes de Motocicleta del Condado de Miami-Dade"},"content":{"rendered":"<div class=\"bodytext\">\n<h2>North Miami Beach Pierde el Control en los Giros<\/h1><\/h2>\n<div class=\"description\">\n<p>Girar y frenar de forma incorrecta puede hacer que los motoristas pierdan el control en los giros. Frenar bruscamente en un giro o no reducir la velocidad antes de tomar una curva tambi\u00e9n puede provocar la p\u00e9rdida de control. Sin embargo, en algunos casos, incluso cuando un motorista experimentado lo hace todo bien, otros problemas pueden impedir un giro seguro. El aceite derramado en la carretera, el mal dise\u00f1o de las carreteras de North Miami o de tu comunidad, las superficies irregulares y la negligencia de otros conductores pueden hacer que pierdas el control en un giro y entres en un tobog\u00e1n o choques contra otro veh\u00edculo u obst\u00e1culo.   <\/p>\n<p>Si te has lesionado en un giro o en un accidente en una intersecci\u00f3n en North Miami Beach o en tu comunidad, es importante obtener respuestas. Puede ser a\u00fan m\u00e1s importante obtener justicia e indemnizaci\u00f3n para que no tengas que afrontar por ti mismo las facturas m\u00e9dicas, los salarios perdidos y otros gastos. A los abogados del Grupo Legal Flaxman les gustar\u00eda ayudar. Los abogados de nuestra firma de servicios integrales cuentan con m\u00e1s de 60 a\u00f1os de experiencia combinada en juicios, ayudando a demandantes como t\u00fa a obtener una compensaci\u00f3n justa. Si desea averiguar qu\u00e9 opciones legales existen en su situaci\u00f3n, contacte a nuestra firma en l\u00ednea o llamando al 866-352-9626 para programar su revisi\u00f3n de caso gratuita y sin compromiso.    <\/p>\n<p><strong class=\"heading4\">Qu\u00e9 buscar en un abogado de accidentes de tr\u00e1fico en North Miami Beach o en tu comunidad<\/strong><\/p>\n<p>Si has sufrido lesiones en un accidente de tr\u00e1fico, es importante que consultes a un abogado de accidentes de tr\u00e1fico o a un abogado de lesiones personales de tu comunidad. Sin embargo, al evaluar diferentes abogados, es importante encontrar uno que: <\/p>\n<ul>\n<li>Escucha tus preocupaciones y te hace sentir c\u00f3modo<\/li>\n<li>Est\u00e1 disponible cuando necesitas hablar del accidente<\/li>\n<li>Es asequible o est\u00e1 dispuesto a trabajar con honorarios condicionales<\/li>\n<li>Tiene experiencia en la tramitaci\u00f3n de siniestros de motocicletas<\/li>\n<li>Conoce las leyes y recursos locales<\/li>\n<li>Est\u00e1 dispuesto a ayudarte<\/li>\n<li>Tiene un historial de resolver con \u00e9xito casos similares al tuyo<\/li>\n<li>Trabaja como parte de un bufete de abogados de servicio completo o tiene acceso a recursos como investigadores privados, expertos en reconstrucci\u00f3n de accidentes y otros recursos necesarios para construir un caso s\u00f3lido<\/li>\n<li>Puede negociar con las compa\u00f1\u00edas de seguros o presentar una reclamaci\u00f3n judicial en tu nombre<\/li>\n<li>Puede ocuparse de todos los detalles de tu caso y avisarte cuando est\u00e9 resuelto<\/li>\n<\/ul>\n<p><strong class=\"heading4\">\u00bfBuscas Asesoramiento y Representaci\u00f3n Jur\u00eddica?<\/strong><\/p>\n<p>El Grupo Legal Flaxman se encarga de todos los detalles si has resultado lesionado, para que puedas concentrarte en sanar. Nuestros abogados trabajan con un equipo de expertos, incluyendo asistentes legales, investigadores privados, ingenieros, peritos, expertos en reconstrucci\u00f3n de accidentes y otros profesionales. Podemos encargarnos de todo el proceso de reclamaci\u00f3n, desde negociar con las aseguradoras hasta investigar la causa de tu accidente y luchar agresivamente por una indemnizaci\u00f3n en los tribunales o en las negociaciones con tu compa\u00f1\u00eda de seguros. Cuando trabajas con <a href=\"index.html\">el Grupo Legal Flaxman<\/a>, puedes enfocarte en tu familia y en sanar mientras nosotros manejamos todos los detalles legales y del seguro. Si desea saber m\u00e1s sobre las opciones que existen para usted o le gustar\u00eda saber m\u00e1s sobre nuestra firma de servicios integrales, <a href=\"contacta con nosotros.html\">contacte<\/a> hoy mismo al Grupo Legal Flaxman para recibir una evaluaci\u00f3n gratuita de su caso.    <\/p>\n<\/p><\/div>\n<\/p><\/div>\n","protected":false},"excerpt":{"rendered":"<p>Sin honorarios a menos que ganemos. Llama al 866-352-9626 para una &#8230; <\/p>\n","protected":false},"author":3,"featured_media":0,"parent":0,"menu_order":0,"comment_status":"closed","ping_status":"closed","template":"template-practice-areas.php","meta":{"footnotes":""},"class_list":["post-22153","page","type-page","status-publish","hentry"],"featured_image_src":null,"featured_image_src_square":null,"_links":{"self":[{"href":"https:\/\/flaxmanlaw.com\/es\/wp-json\/wp\/v2\/pages\/22153","targetHints":{"allow":["GET"]}}],"collection":[{"href":"https:\/\/flaxmanlaw.com\/es\/wp-json\/wp\/v2\/pages"}],"about":[{"href":"https:\/\/flaxmanlaw.com\/es\/wp-json\/wp\/v2\/types\/page"}],"author":[{"embeddable":true,"href":"https:\/\/flaxmanlaw.com\/es\/wp-json\/wp\/v2\/users\/3"}],"replies":[{"embeddable":true,"href":"https:\/\/flaxmanlaw.com\/es\/wp-json\/wp\/v2\/comments?post=22153"}],"version-history":[{"count":0,"href":"https:\/\/flaxmanlaw.com\/es\/wp-json\/wp\/v2\/pages\/22153\/revisions"}],"wp:attachment":[{"href":"https:\/\/flaxmanlaw.com\/es\/wp-json\/wp\/v2\/media?parent=22153"}],"curies":[{"name":"wp","href":"https:\/\/api.w.org\/{rel}","templated":true}]}}