{"id":22155,"date":"2024-11-18T12:45:11","date_gmt":"2024-11-18T12:45:11","guid":{"rendered":"https:\/\/flaxmanlaw.wpenginepowered.com\/colisiones-por-girar-a-la-izquierda-en-north-miami-beach-abogados-de-accidentes-de-coche-en-el-condado-de-miami-dade\/"},"modified":"2024-11-18T12:45:11","modified_gmt":"2024-11-18T12:45:11","slug":"colisiones-por-girar-a-la-izquierda-en-north-miami-beach-abogados-de-accidentes-de-coche-en-el-condado-de-miami-dade","status":"publish","type":"page","link":"https:\/\/flaxmanlaw.com\/es\/colisiones-por-girar-a-la-izquierda-en-north-miami-beach-abogados-de-accidentes-de-coche-en-el-condado-de-miami-dade\/","title":{"rendered":"Colisiones por girar a la izquierda en North Miami Beach | Abogados de accidentes de coche en el condado de Miami-Dade"},"content":{"rendered":"<div class=\"bodytext\">\n<h2>Colisiones por girar a la izquierda en North Miami Beach<\/h1><\/h2>\n<div class=\"description\">\n<p>Las colisiones por giro a la izquierda y los accidentes en intersecciones en North Miami Beach y Florida ocurren a menudo y, en general, estos accidentes son bastante evitables. Con demasiada frecuencia, est\u00e1n causados por conductores poco formados, distracciones del conductor, conducci\u00f3n bajo los efectos del alcohol y otras causas evitables. <\/p>\n<p>Si has resultado lesionado en un accidente automovil\u00edstico sin tener la culpa, los abogados del Grupo Legal Flaxman creen que debes buscar la m\u00e1xima compensaci\u00f3n en tu caso. Despu\u00e9s de todo, no hay raz\u00f3n para que usted pague solo los costos m\u00e9dicos, la p\u00e9rdida de ingresos y los muchos otros gastos que puede enfrentar despu\u00e9s de un accidente grave. Si no est\u00e1s seguro de si tienes una demanda o te gustar\u00eda hablar sobre tu caso con un abogado de lesiones personales de nuestra firma de servicios integrales, contacta al Grupo Legal Flaxman al 866-352-9626 o utiliza nuestro sitio web para programar una consulta gratuita sobre accidentes.  <\/p>\n<p><strong class=\"heading4\">Riesgos de los accidentes de giro a la izquierda en North Miami Beach y Florida<\/strong><\/p>\n<p>Los giros a la izquierda pueden ser extremadamente arriesgados porque obligan a los automovilistas a cruzar otros carriles de tr\u00e1fico. Este tipo de accidentes conlleva muchos riesgos, incluido el riesgo de: <\/p>\n<ul>\n<li>Colisiones de costado<\/li>\n<li>Colisiones frontales<\/li>\n<li>Choques por alcance<\/li>\n<li>Accidentes de moto<\/li>\n<li>Accidentes de peatones<\/li>\n<li>Lesiones graves<\/li>\n<li>Accidentes en intersecciones<\/li>\n<li>Accidentes en cadena<\/li>\n<\/ul>\n<p>La fuerza del impacto en este tipo de colisiones tambi\u00e9n puede ser grave y causar lesiones potencialmente mortales o que alteren la vida.<\/p>\n<p><strong class=\"heading4\">Comprender qui\u00e9n caus\u00f3 tu colisi\u00f3n por giro a la izquierda<\/strong><\/p>\n<p>Tras un accidente de tr\u00e1fico grave, es frecuente que surjan dudas sobre qui\u00e9n ha causado exactamente el accidente y qu\u00e9 ha provocado la colisi\u00f3n en primer lugar. Aunque es posible que las fuerzas del orden investiguen la causa del accidente y que la compa\u00f1\u00eda de seguros env\u00ede peritos a realizar su propia investigaci\u00f3n, un abogado de lesiones personales que te represente tambi\u00e9n puede investigar tus reclamaciones y el accidente y reunir pruebas que puedan apoyar tu caso. <\/p>\n<p>En funci\u00f3n de los resultados, puedes descubrir que hay varias partes responsables en tu colisi\u00f3n, entre ellas:<\/p>\n<ul>\n<li>El municipio donde se produjo el accidente<\/li>\n<li>El conductor culpable<\/li>\n<li>Fabricantes de veh\u00edculos<\/li>\n<li>La empresa constructora que trabaja en la zona<\/li>\n<li>La empresa constructora responsable del mantenimiento de las carreteras<\/li>\n<\/ul>\n<p>Qui\u00e9n es responsable depender\u00e1 de qu\u00e9 provoc\u00f3 exactamente el accidente y en primer lugar. Si un fallo mec\u00e1nico contribuy\u00f3 a tu accidente, por ejemplo, el fabricante del veh\u00edculo puede ser parcialmente responsable. Si una se\u00f1alizaci\u00f3n deficiente o un dise\u00f1o deficiente de la carretera contribuyeron a la colisi\u00f3n, es probable que el municipio donde se produjo el accidente o la empresa constructora responsable del mantenimiento de la carretera sean en parte responsables.  <\/p>\n<p>Un abogado de lesiones personales puede investigar las causas del accidente y descubrir a todas las posibles partes responsables en tu caso. Se trata de un paso importante en el proceso de reclamaci\u00f3n legal, ya que encontrar a todas las partes responsables es importante para la justicia y tambi\u00e9n puede mejorar tus posibilidades de obtener una indemnizaci\u00f3n justa por tus lesiones. <\/p>\n<p>El Grupo Legal Flaxman es una firma de servicios integrales en Florida del Sur, con oficinas en Homestead, Hollywood, y Miami. Estamos orgullosos de ofrecer asesor\u00eda legal a demandantes lesionados en todo Florida del Sur. Si tiene preguntas despu\u00e9s de resultar lesionado, no dude en <a href=\"contacta con nosotros.html\">contactarnos a trav\u00e9s de nuestro sitio web<\/a> o llamando a nuestras l\u00edneas telef\u00f3nicas 24\/7 al 866-352-9626 para una consulta gratuita sobre accidentes.  <\/p>\n<\/p><\/div>\n<\/p><\/div>\n","protected":false},"excerpt":{"rendered":"<p>Sin honorarios a menos que ganemos. Llama al 866-352-9626 para una &#8230; <\/p>\n","protected":false},"author":3,"featured_media":0,"parent":0,"menu_order":0,"comment_status":"closed","ping_status":"closed","template":"template-practice-areas.php","meta":{"footnotes":""},"class_list":["post-22155","page","type-page","status-publish","hentry"],"featured_image_src":null,"featured_image_src_square":null,"_links":{"self":[{"href":"https:\/\/flaxmanlaw.com\/es\/wp-json\/wp\/v2\/pages\/22155","targetHints":{"allow":["GET"]}}],"collection":[{"href":"https:\/\/flaxmanlaw.com\/es\/wp-json\/wp\/v2\/pages"}],"about":[{"href":"https:\/\/flaxmanlaw.com\/es\/wp-json\/wp\/v2\/types\/page"}],"author":[{"embeddable":true,"href":"https:\/\/flaxmanlaw.com\/es\/wp-json\/wp\/v2\/users\/3"}],"replies":[{"embeddable":true,"href":"https:\/\/flaxmanlaw.com\/es\/wp-json\/wp\/v2\/comments?post=22155"}],"version-history":[{"count":0,"href":"https:\/\/flaxmanlaw.com\/es\/wp-json\/wp\/v2\/pages\/22155\/revisions"}],"wp:attachment":[{"href":"https:\/\/flaxmanlaw.com\/es\/wp-json\/wp\/v2\/media?parent=22155"}],"curies":[{"name":"wp","href":"https:\/\/api.w.org\/{rel}","templated":true}]}}