{"id":22157,"date":"2024-11-18T12:45:11","date_gmt":"2024-11-18T12:45:11","guid":{"rendered":"https:\/\/flaxmanlaw.wpenginepowered.com\/accidente-por-atropello-en-north-miami-beach-abogados-de-accidentes-de-trafico-en-el-condado-de-miami-dade\/"},"modified":"2024-11-18T12:45:11","modified_gmt":"2024-11-18T12:45:11","slug":"accidente-por-atropello-en-north-miami-beach-abogados-de-accidentes-de-trafico-en-el-condado-de-miami-dade","status":"publish","type":"page","link":"https:\/\/flaxmanlaw.com\/es\/accidente-por-atropello-en-north-miami-beach-abogados-de-accidentes-de-trafico-en-el-condado-de-miami-dade\/","title":{"rendered":"Accidente por atropello en North Miami Beach | Abogados de accidentes de tr\u00e1fico en el condado de Miami-Dade"},"content":{"rendered":"<div class=\"bodytext\">\n<h2>Accidente con fuga en North Miami Beach<\/h1><\/h2>\n<div class=\"description\">\n<p>Aunque es ilegal y puede dar lugar a cargos penales, muchos conductores deciden abandonar el lugar del accidente en situaciones en las que alguien ha resultado herido o muerto. En muchos casos, conductores y peatones son atropellados por conductores que se dan a la fuga y se les deja solos para que intenten conseguir ayuda de emergencia mientras el conductor culpable se marcha a toda velocidad. <\/p>\n<p>Los transe\u00fantes inocentes que resultan heridos de este modo pueden pasar meses en el hospital y sometidos a fisioterapia. Sus coches pueden quedar completamente irrecuperables o requerir reparaciones costosas. Por desgracia, aunque la polic\u00eda y las autoridades buscan a los conductores que se dan a la fuga, no siempre se encuentra a los conductores de estos accidentes.  <\/p>\n<p>Si has sufrido lesiones en un accidente de coche en North Miami Beach o en cualquier lugar del sur de Florida, es importante que busques indemnizaci\u00f3n y justicia en tu caso. Ya est\u00e1s sufriendo debido a tus lesiones. Es injusto que tengas que afrontar dificultades econ\u00f3micas por la negligencia de otro conductor. Para obtener asesor\u00eda legal de un abogado compasivo y experimentado, contacta hoy mismo al Grupo Legal Flaxman para una consulta gratuita sobre accidentes.   <\/p>\n<p><strong class=\"heading4\">\u00bfQu\u00e9 opciones tienes?<\/strong><\/p>\n<p>Si te ha atropellado un conductor que se ha dado a la fuga, puede haber opciones a tu disposici\u00f3n:<\/p>\n<ul>\n<li>Puedes conseguir una indemnizaci\u00f3n de tu propia compa\u00f1\u00eda de seguros si tienes cobertura de motorista sin seguro o con seguro insuficiente<\/li>\n<li>Es posible que puedas negociar con tu compa\u00f1\u00eda de seguros para obtener una indemnizaci\u00f3n m\u00e1s justa<\/li>\n<li>Puedes buscar testigos o iniciar una investigaci\u00f3n para encontrar al conductor que se dio a la fuga<\/li>\n<li>Puedes buscar c\u00e1maras de seguridad en la zona para ayudar a la polic\u00eda a encontrar al conductor culpable<\/li>\n<li>Es posible que hayas captado parte de la matr\u00edcula u otros detalles sobre el coche que puedan ayudar a la polic\u00eda a encontrar a la persona que abandon\u00f3 el lugar del accidente<\/li>\n<li>Puede haber otras partes responsables en tu situaci\u00f3n y puedes interponer una demanda judicial contra ellas<\/li>\n<\/ul>\n<p>Trabajar con un abogado de lesiones personales en North Miami Beach o en tu comunidad puede ayudarte a buscar algunas de estas opciones.<\/p>\n<p><strong class=\"heading4\">\u00bfPor qu\u00e9 se producen este tipo de accidentes de tr\u00e1fico?<\/strong><\/p>\n<p>\u00bfPor qu\u00e9 los conductores abandonan el lugar del accidente cuando alguien ha resultado herido o muerto? En muchos casos, los conductores tienen una orden de detenci\u00f3n o conducen sin seguro o sin carn\u00e9. En algunos casos, los conductores simplemente entran en p\u00e1nico y en otros conducen bajo los efectos del alcohol y no quieren ser acusados de otros delitos.  <\/p>\n<p>Algunos conductores abandonan el lugar del accidente porque conducen un coche robado o tienen algo robado en el coche y no quieren que les pillen. En todos estos casos, sigue siendo totalmente ilegal abandonar el lugar del accidente y, si alguna vez se encuentra y detiene al conductor culpable, podr\u00eda enfrentarse a cargos penales y civiles. <\/p>\n<p>Para revisar todas tus opciones de indemnizaci\u00f3n, ponte en contacto con el <a href=\"contacta con nosotros.html\">Grupo Legal Flaxman<\/a> para averiguar si tienes un caso. Los abogados profesionales y compasivos del bufete escuchar\u00e1n tus preocupaciones y te asesorar\u00e1n legalmente sobre tu situaci\u00f3n. <\/p>\n<\/p><\/div>\n<\/p><\/div>\n","protected":false},"excerpt":{"rendered":"<p>Sin honorarios a menos que ganemos. Llama al 866-352-9626 para una &#8230; <\/p>\n","protected":false},"author":3,"featured_media":0,"parent":0,"menu_order":0,"comment_status":"closed","ping_status":"closed","template":"template-practice-areas.php","meta":{"footnotes":""},"class_list":["post-22157","page","type-page","status-publish","hentry"],"featured_image_src":null,"featured_image_src_square":null,"_links":{"self":[{"href":"https:\/\/flaxmanlaw.com\/es\/wp-json\/wp\/v2\/pages\/22157","targetHints":{"allow":["GET"]}}],"collection":[{"href":"https:\/\/flaxmanlaw.com\/es\/wp-json\/wp\/v2\/pages"}],"about":[{"href":"https:\/\/flaxmanlaw.com\/es\/wp-json\/wp\/v2\/types\/page"}],"author":[{"embeddable":true,"href":"https:\/\/flaxmanlaw.com\/es\/wp-json\/wp\/v2\/users\/3"}],"replies":[{"embeddable":true,"href":"https:\/\/flaxmanlaw.com\/es\/wp-json\/wp\/v2\/comments?post=22157"}],"version-history":[{"count":0,"href":"https:\/\/flaxmanlaw.com\/es\/wp-json\/wp\/v2\/pages\/22157\/revisions"}],"wp:attachment":[{"href":"https:\/\/flaxmanlaw.com\/es\/wp-json\/wp\/v2\/media?parent=22157"}],"curies":[{"name":"wp","href":"https:\/\/api.w.org\/{rel}","templated":true}]}}