{"id":22158,"date":"2024-11-18T12:45:11","date_gmt":"2024-11-18T12:45:11","guid":{"rendered":"https:\/\/flaxmanlaw.wpenginepowered.com\/ley-de-seguros-de-north-miami-beach-abogados-de-reclamaciones-de-seguros-del-condado-de-miami-dade\/"},"modified":"2024-11-18T12:45:11","modified_gmt":"2024-11-18T12:45:11","slug":"ley-de-seguros-de-north-miami-beach-abogados-de-reclamaciones-de-seguros-del-condado-de-miami-dade","status":"publish","type":"page","link":"https:\/\/flaxmanlaw.com\/es\/ley-de-seguros-de-north-miami-beach-abogados-de-reclamaciones-de-seguros-del-condado-de-miami-dade\/","title":{"rendered":"Ley de Seguros de North Miami Beach | Abogados de Reclamaciones de Seguros del Condado de Miami-Dade"},"content":{"rendered":"<div class=\"bodytext\">\n<h2>Ley de Seguros de North Miami Beach<\/h1><\/h2>\n<div class=\"description\">\n<p>Si te han denegado una reclamaci\u00f3n o si la cantidad del seguro que te ofrecen no cubre el importe de los trabajos de reparaci\u00f3n y otros costes de los da\u00f1os, consulta a un abogado especializado en derecho de seguros para conocer tus derechos. Es posible que tengas una reclamaci\u00f3n por litigio de seguros en North Miami Beach o en tu comunidad. <\/p>\n<p>Siempre puedes contactar al Grupo Legal Flaxman para hablar sobre tu situaci\u00f3n con un abogado de lesiones personales en una consulta gratuita sobre accidentes. Charles Flaxman, del Grupo Legal Flaxman, tiene m\u00e1s de 25 a\u00f1os de experiencia en juicios como abogado y m\u00e1s de diez a\u00f1os de experiencia en la industria de los seguros, as\u00ed que realmente entiende las disputas sobre seguros desde ambos lados de la sala del tribunal. <\/p>\n<p><strong class=\"heading4\">\u00bfQu\u00e9 tipos de litigios sobre seguros se producen?<\/strong><\/p>\n<p>Hay una serie de leyes y cuestiones de seguros que pueden dar lugar a litigios:<\/p>\n<ul>\n<li>Cobertura de motorista sin seguro. Si te has visto implicado en un accidente con fuga o en un accidente de coche en North Miami Beach con un conductor sin seguro o con seguro insuficiente, la cobertura de motorista sin seguro est\u00e1 pensada para protegerte a ti y a los pasajeros de tu coche, d\u00e1ndote dinero para pagar los salarios perdidos y los gastos m\u00e9dicos. Por desgracia, si las compa\u00f1\u00edas de seguros no respetan tu p\u00f3liza, puedes enfrentarte a decenas de miles o cientos de miles de d\u00f3lares en gastos m\u00e9dicos y otros costes sin dinero del seguro.  <\/li>\n<li>Cobertura del Seguro de Coche. Desgraciadamente, Florida est\u00e1 a la cabeza del estado en lo que se refiere a fraudes en el seguro de coche, y esto significa que las compa\u00f1\u00edas de seguros de coche son muy cautelosas a la hora de revisar las reclamaciones de seguro de coche. El seguro de coche est\u00e1 pensado para pagarse muy r\u00e1pidamente, de modo que puedas pagar las reparaciones del coche, los da\u00f1os materiales, los gastos m\u00e9dicos y otros costes asociados a tu accidente de coche. Si tu compa\u00f1\u00eda de seguros afirma que has cometido fraude o que tu reclamaci\u00f3n no es leg\u00edtima, podr\u00edas enfrentarte a facturas considerables sin dinero del seguro para pagarlas. Un abogado especializado en lesiones personales o en disputas sobre seguros puede ayudarte a revisar tus opciones y a demostrar a tu compa\u00f1\u00eda de seguros que tienes una reclamaci\u00f3n leg\u00edtima. Si tu compa\u00f1\u00eda de seguros intenta denegar una reclamaci\u00f3n leg\u00edtima, tu abogado puede ayudarte a emprender acciones legales contra ella para asegurarse de que cumple las condiciones de tu contrato.     <\/li>\n<li>Seguro m\u00e9dico. Desgraciadamente, el seguro m\u00e9dico es un \u00e1mbito en el que las compa\u00f1\u00edas de seguros son muy reacias a pagar. Debido al elevado coste de la atenci\u00f3n m\u00e9dica, las compa\u00f1\u00edas de seguros tienen un gran inter\u00e9s en no pagar el importe total necesario para las facturas m\u00e9dicas. Sin embargo, si has estado pagando a tu seguro y tienes cobertura, mereces disponer del dinero que te proporciona tu p\u00f3liza. En algunos casos, los proveedores de seguros intentar\u00e1n alegar que un procedimiento m\u00e9dico es innecesario, no est\u00e1 cubierto o se basa en una enfermedad preexistente que no est\u00e1 cubierta por la p\u00f3liza. Puede ser aterrador y frustrante tener una necesidad m\u00e9dica leg\u00edtima, pero estar centrado en las disputas del seguro y no en tu salud. Un abogado de lesiones personales en North Miami Beach puede revisar tu caso y negociar con las compa\u00f1\u00edas de seguros m\u00e9dicos para asegurarse de que obtienes el pago justo que mereces.      <\/li>\n<\/ul>\n<p>\u00bfTe sientes frustrado y molesto por un problema con tu compa\u00f1\u00eda de seguros? \u00bfCrees que puedes tener una demanda por disputa de seguros? Contacta con el <a href=\"contacta con nosotros.html\">Grupo Legal Flaxman<\/a> para una consulta gratuita de tu caso.  <\/p>\n<\/p><\/div>\n<\/p><\/div>\n","protected":false},"excerpt":{"rendered":"<p>Sin honorarios a menos que ganemos. Llama al 866-352-9626 para una &#8230; <\/p>\n","protected":false},"author":3,"featured_media":0,"parent":0,"menu_order":0,"comment_status":"closed","ping_status":"closed","template":"template-practice-areas.php","meta":{"footnotes":""},"class_list":["post-22158","page","type-page","status-publish","hentry"],"featured_image_src":null,"featured_image_src_square":null,"_links":{"self":[{"href":"https:\/\/flaxmanlaw.com\/es\/wp-json\/wp\/v2\/pages\/22158","targetHints":{"allow":["GET"]}}],"collection":[{"href":"https:\/\/flaxmanlaw.com\/es\/wp-json\/wp\/v2\/pages"}],"about":[{"href":"https:\/\/flaxmanlaw.com\/es\/wp-json\/wp\/v2\/types\/page"}],"author":[{"embeddable":true,"href":"https:\/\/flaxmanlaw.com\/es\/wp-json\/wp\/v2\/users\/3"}],"replies":[{"embeddable":true,"href":"https:\/\/flaxmanlaw.com\/es\/wp-json\/wp\/v2\/comments?post=22158"}],"version-history":[{"count":0,"href":"https:\/\/flaxmanlaw.com\/es\/wp-json\/wp\/v2\/pages\/22158\/revisions"}],"wp:attachment":[{"href":"https:\/\/flaxmanlaw.com\/es\/wp-json\/wp\/v2\/media?parent=22158"}],"curies":[{"name":"wp","href":"https:\/\/api.w.org\/{rel}","templated":true}]}}