{"id":22160,"date":"2024-11-18T12:45:11","date_gmt":"2024-11-18T12:45:11","guid":{"rendered":"https:\/\/flaxmanlaw.wpenginepowered.com\/choque-frontal-en-north-miami-beach-abogados-de-accidentes-de-coche-en-el-condado-de-miami-dade\/"},"modified":"2024-11-18T12:45:11","modified_gmt":"2024-11-18T12:45:11","slug":"choque-frontal-en-north-miami-beach-abogados-de-accidentes-de-coche-en-el-condado-de-miami-dade","status":"publish","type":"page","link":"https:\/\/flaxmanlaw.com\/es\/choque-frontal-en-north-miami-beach-abogados-de-accidentes-de-coche-en-el-condado-de-miami-dade\/","title":{"rendered":"Choque frontal en North Miami Beach | Abogados de accidentes de coche en el condado de Miami-Dade"},"content":{"rendered":"<div class=\"bodytext\">\n<h2>Choque frontal en North Miami Beach<\/h1><\/h2>\n<div class=\"description\">\n<p>Los choques frontales en North Miami Beach y otras comunidades suelen ser noticia. Esto se debe a que cuando dos coches chocan frontalmente, los resultados suelen ser devastadores. Este tipo de accidentes suele ocurrir en autopistas, carreteras rurales y calles de ciudad, cuando un veh\u00edculo invade el carril contrario de otro veh\u00edculo. Suelen producirse a gran velocidad y suelen provocar lesiones graves.   <\/p>\n<p>Si has sufrido lesiones graves en un accidente de tr\u00e1fico frontal, es importante que te asesores jur\u00eddicamente. Tus lesiones pueden ser graves y puedes enfrentarte a gastos significativos como resultado. Si deseas hablar sobre tu situaci\u00f3n con un abogado de lesiones personales, contacta al Grupo Legal Flaxman en cualquier momento para programar una consulta gratuita sobre accidentes.  <\/p>\n<p><strong class=\"heading4\">\u00bfQui\u00e9n es responsable tras mi accidente de coche en North Miami Beach?<\/strong><\/p>\n<p>En la mayor\u00eda de los casos, tras un accidente de tr\u00e1fico frontal, el conductor culpable es el que se dirige en sentido contrario por la autopista o la calle. Sin embargo, puede haber otras partes responsables en tu caso, seg\u00fan las circunstancias, y estas partes responsables pueden incluir: <\/p>\n<ul>\n<li>El fabricante del veh\u00edculo, si en el accidente intervino un fallo mec\u00e1nico.<\/li>\n<li>El municipio donde se produjo el accidente, si el accidente se debi\u00f3 a un mal dise\u00f1o de la carretera o a una mala se\u00f1alizaci\u00f3n<\/li>\n<li>La empresa constructora que realiza las obras en las que se produjo el accidente, si la mala se\u00f1alizaci\u00f3n de la carretera o de la zona de obras provoc\u00f3 el accidente<\/li>\n<\/ul>\n<p>Para averiguar qui\u00e9n es responsable en tu caso, ponte en contacto con un abogado de lesiones personales en North Miami Beach o en tu comunidad. La buena noticia es que, si hay varias partes responsables a las que puedes perseguir en tu situaci\u00f3n, es posible que consigas una indemnizaci\u00f3n m\u00e1s justa por tus lesiones. <\/p>\n<p><strong class=\"heading4\">Prevenci\u00f3n de colisiones frontales<\/strong><\/p>\n<p>Muchos de estos tipos de accidentes de tr\u00e1fico son evitables si los conductores:<\/p>\n<ul>\n<li>Evitar conducir cuando est\u00e1n fatigados y corren el riesgo de dormirse al volante<\/li>\n<li>Evita enviar mensajes de texto, hablar por tel\u00e9fono u otras distracciones mientras conduces<\/li>\n<li>No conduzcas si has bebido o tomado alguna droga (incluidos los medicamentos recetados) que pueda interferir con la capacidad de conducci\u00f3n<\/li>\n<li>Reduce la velocidad con mal tiempo<\/li>\n<li>No aceleres, especialmente en las curvas<\/li>\n<\/ul>\n<p>Por supuesto, no todos los conductores son responsables de estas maneras cuando est\u00e1n en la carretera. Si las acciones de un conductor negligente han causado lesiones y da\u00f1os a tu coche y a tu propiedad, la ley de Florida te protege. Para saber m\u00e1s, ponte en contacto con un abogado de lesiones personales para que revise tu caso.  <\/p>\n<p>Si est\u00e1s buscando asistencia legal despu\u00e9s de un grave accidente automovil\u00edstico, los abogados <a href=\"index.html\">del Grupo Legal Flaxman<\/a> pueden ofrecerte ayuda. Nuestros abogados cuentan con m\u00e1s de seis d\u00e9cadas de experiencia ayudando a demandantes como usted. De hecho, nuestros abogados ya han recuperado m\u00e1s de $100 millones de d\u00f3lares a favor de miles de familias como la suya en todo Florida del Sur. Para poner este historial a trabajar para usted y para averiguar m\u00e1s sobre los recursos que pueden ayudarle en su situaci\u00f3n, <a href=\"contacta con nosotros.html\">contacte<\/a> hoy mismo al Grupo Legal Flaxman. Su consulta inicial es confidencial, gratuita y sin compromiso. Es tu oportunidad de hacer preguntas y de averiguar qu\u00e9 opciones puedes tener en tu situaci\u00f3n.     <\/p>\n<\/p><\/div>\n<\/p><\/div>\n","protected":false},"excerpt":{"rendered":"<p>Sin honorarios a menos que ganemos. Llama al 866-352-9626 para una &#8230; <\/p>\n","protected":false},"author":3,"featured_media":0,"parent":0,"menu_order":0,"comment_status":"closed","ping_status":"closed","template":"template-practice-areas.php","meta":{"footnotes":""},"class_list":["post-22160","page","type-page","status-publish","hentry"],"featured_image_src":null,"featured_image_src_square":null,"_links":{"self":[{"href":"https:\/\/flaxmanlaw.com\/es\/wp-json\/wp\/v2\/pages\/22160","targetHints":{"allow":["GET"]}}],"collection":[{"href":"https:\/\/flaxmanlaw.com\/es\/wp-json\/wp\/v2\/pages"}],"about":[{"href":"https:\/\/flaxmanlaw.com\/es\/wp-json\/wp\/v2\/types\/page"}],"author":[{"embeddable":true,"href":"https:\/\/flaxmanlaw.com\/es\/wp-json\/wp\/v2\/users\/3"}],"replies":[{"embeddable":true,"href":"https:\/\/flaxmanlaw.com\/es\/wp-json\/wp\/v2\/comments?post=22160"}],"version-history":[{"count":0,"href":"https:\/\/flaxmanlaw.com\/es\/wp-json\/wp\/v2\/pages\/22160\/revisions"}],"wp:attachment":[{"href":"https:\/\/flaxmanlaw.com\/es\/wp-json\/wp\/v2\/media?parent=22160"}],"curies":[{"name":"wp","href":"https:\/\/api.w.org\/{rel}","templated":true}]}}