{"id":22162,"date":"2024-11-18T12:45:12","date_gmt":"2024-11-18T12:45:12","guid":{"rendered":"https:\/\/flaxmanlaw.wpenginepowered.com\/accidentes-por-cambio-de-carril-inseguro-en-north-miami-beach-abogados-de-accidentes-de-coche-del-condado-de-miami-dade\/"},"modified":"2024-11-18T12:45:12","modified_gmt":"2024-11-18T12:45:12","slug":"accidentes-por-cambio-de-carril-inseguro-en-north-miami-beach-abogados-de-accidentes-de-coche-del-condado-de-miami-dade","status":"publish","type":"page","link":"https:\/\/flaxmanlaw.com\/es\/accidentes-por-cambio-de-carril-inseguro-en-north-miami-beach-abogados-de-accidentes-de-coche-del-condado-de-miami-dade\/","title":{"rendered":"Accidentes por Cambio de Carril Inseguro en North Miami Beach | Abogados de Accidentes de Coche del Condado de Miami-Dade"},"content":{"rendered":"<div class=\"bodytext\">\n<h2>Accidentes por Cambio de Carril Inseguro en North Miami Beach<\/h1><\/h2>\n<div class=\"description\">\n<p>Millones de automovilistas de Florida cambian de carril cada d\u00eda de forma segura. Por desgracia, algunos conductores son negligentes, est\u00e1n distra\u00eddos o no toman las sencillas precauciones de se\u00f1alizar y comprobar si hay tr\u00e1fico en sentido contrario antes de cambiar de carril. En estos casos, estos conductores imprudentes pueden provocar colisiones mortales, colisiones graves por alcance y otros accidentes de tr\u00e1fico graves.  <\/p>\n<p>Si usted ha resultado lesionado en un accidente de choque trasero en North Miami Beach o en cualquier tipo de accidente automovil\u00edstico en Florida, contacte al Grupo Legal Flaxman para recibir una consulta gratuita de su caso. Usted puede tener una demanda legal contra el conductor culpable y su compa\u00f1\u00eda aseguradora y podr\u00eda recuperar dinero que le ayude a pagar los muchos da\u00f1os que puede enfrentar despu\u00e9s de su choque. Nuestro bufete de servicios integrales estar\u00e1 encantado de repasar tus opciones contigo.  <\/p>\n<p><strong class=\"heading4\">\u00bfQu\u00e9 ocurre en los accidentes por cambio inseguro de carril en North Miami Beach y Florida?<\/strong><\/p>\n<p>Las consecuencias de los cambios de carril inseguros pueden ser graves, en parte porque este tipo de situaciones son muy inesperadas. En muchos casos, los conductores no tienen tiempo de reaccionar o reaccionan instintivamente pisando a fondo el freno o dando un volantazo, lo que en realidad puede empeorar la situaci\u00f3n y hacer que el accidente se convierta en una colisi\u00f3n m\u00faltiple de veh\u00edculos. En este tipo de situaciones, hay muchos tipos de accidentes posibles, entre ellos:  <\/p>\n<ul>\n<li>Colisiones traseras<\/li>\n<li>Choques de Broadside<\/li>\n<li>Choques frontales<\/li>\n<li>Accidentes por vuelco<\/li>\n<li>Accidentes de varios veh\u00edculos<\/li>\n<\/ul>\n<p>Obviamente, este tipo de choques pueden ser extremadamente graves y provocar lesiones permanentes que cambian la vida.<\/p>\n<p><strong class=\"heading4\">Gastos m\u00e9dicos tras accidente por cambio de carril<\/strong><\/p>\n<p>Los accidentes por cambio de carril suelen ser muy graves. Suelen ocurrir en autopistas donde la velocidad es un factor y pueden incluir varios veh\u00edculos o una colisi\u00f3n de alto impacto. Como consecuencia, este tipo de accidentes suelen provocar lesiones graves, entre otras:  <\/p>\n<ul>\n<li>Amputaci\u00f3n<\/li>\n<li>Fracturas<\/li>\n<li>Desfiguraci\u00f3n y cicatrices<\/li>\n<li>Lesiones cerebrales<\/li>\n<li>Par\u00e1lisis<\/li>\n<li>Lesiones de tejidos blandos<\/li>\n<li>Lesiones internas<\/li>\n<li>Latigazo cervical<\/li>\n<li>Laceraciones<\/li>\n<li>Quemaduras<\/li>\n<li>Lesiones medulares<\/li>\n<\/ul>\n<p>El coste de este tipo de lesiones puede ser catastr\u00f3fico. No es raro que incluso una simple fractura cueste decenas de miles de d\u00f3lares en p\u00e9rdida de ingresos, pruebas m\u00e9dicas, tratamiento en urgencias y mucho m\u00e1s. Una lesi\u00f3n grave y permanente, como una lesi\u00f3n cerebral, puede costar millones de d\u00f3lares a lo largo de la vida de un lesionado, ya que la persona puede necesitar atenci\u00f3n en un centro de vida asistida las 24 horas del d\u00eda, tratamientos m\u00e9dicos costosos, dispositivos m\u00e9dicos caros, cuidados de enfermer\u00eda y mucho m\u00e1s. Aunque el seguro de accidente de coche y la cobertura m\u00e9dica pueden ayudar a sufragar algunos de estos gastos, muchos pacientes y sus familias descubren que el seguro no suele cubrir el coste total de las lesiones y las familias pueden verse obligadas a pagar decenas de miles de d\u00f3lares o incluso m\u00e1s de su bolsillo.   <\/p>\n<p>Charles Flaxman, del Grupo Legal Flaxman, tiene m\u00e1s de 10 a\u00f1os de experiencia en la industria de los seguros, as\u00ed como m\u00e1s de 25 a\u00f1os de experiencia como abogado litigante. \u00c9l y el resto de los abogados del Grupo Legal Flaxman comprenden c\u00f3mo operan las aseguradoras y nuestro conocimiento del sistema judicial y del sistema de seguros puede ponerse a trabajar en su caso para buscar justicia y compensaci\u00f3n para usted. Para averiguar lo que el Grupo Legal Flaxman puede hacer por usted y para averiguar cu\u00e1nto puede valer su potencial demanda, <a href=\"contacta con nosotros.html\">contacte hoy mismo al Grupo Legal Flaxman<\/a> para una consulta gratuita y sin compromiso de su caso.  <\/p>\n<\/p><\/div>\n<\/p><\/div>\n","protected":false},"excerpt":{"rendered":"<p>Sin honorarios a menos que ganemos. Llama al 866-352-9626 para una &#8230; <\/p>\n","protected":false},"author":3,"featured_media":0,"parent":0,"menu_order":0,"comment_status":"closed","ping_status":"closed","template":"template-practice-areas.php","meta":{"footnotes":""},"class_list":["post-22162","page","type-page","status-publish","hentry"],"featured_image_src":null,"featured_image_src_square":null,"_links":{"self":[{"href":"https:\/\/flaxmanlaw.com\/es\/wp-json\/wp\/v2\/pages\/22162","targetHints":{"allow":["GET"]}}],"collection":[{"href":"https:\/\/flaxmanlaw.com\/es\/wp-json\/wp\/v2\/pages"}],"about":[{"href":"https:\/\/flaxmanlaw.com\/es\/wp-json\/wp\/v2\/types\/page"}],"author":[{"embeddable":true,"href":"https:\/\/flaxmanlaw.com\/es\/wp-json\/wp\/v2\/users\/3"}],"replies":[{"embeddable":true,"href":"https:\/\/flaxmanlaw.com\/es\/wp-json\/wp\/v2\/comments?post=22162"}],"version-history":[{"count":0,"href":"https:\/\/flaxmanlaw.com\/es\/wp-json\/wp\/v2\/pages\/22162\/revisions"}],"wp:attachment":[{"href":"https:\/\/flaxmanlaw.com\/es\/wp-json\/wp\/v2\/media?parent=22162"}],"curies":[{"name":"wp","href":"https:\/\/api.w.org\/{rel}","templated":true}]}}