{"id":22163,"date":"2024-11-18T12:45:11","date_gmt":"2024-11-18T12:45:11","guid":{"rendered":"https:\/\/flaxmanlaw.wpenginepowered.com\/seguridad-inadecuada-en-north-miami-beach-abogados-de-responsabilidad-civil-en-el-condado-de-miami-dade\/"},"modified":"2024-11-18T12:45:11","modified_gmt":"2024-11-18T12:45:11","slug":"seguridad-inadecuada-en-north-miami-beach-abogados-de-responsabilidad-civil-en-el-condado-de-miami-dade","status":"publish","type":"page","link":"https:\/\/flaxmanlaw.com\/es\/seguridad-inadecuada-en-north-miami-beach-abogados-de-responsabilidad-civil-en-el-condado-de-miami-dade\/","title":{"rendered":"Seguridad inadecuada en North Miami Beach | Abogados de responsabilidad civil en el condado de Miami-Dade"},"content":{"rendered":"<div class=\"bodytext\">\n<h2>Seguridad inadecuada en North Miami Beach<\/h1><\/h2>\n<div class=\"description\">\n<p>En muchos casos, la gente ve los delitos simplemente como un caso de estar en el lugar equivocado en el momento equivocado. Sin embargo, a menudo hay indicadores previos de que se va a producir un delito. Por ejemplo, los delitos suelen producirse en r\u00e1fagas, en las que una zona experimenta una serie de delitos. Adem\u00e1s, los delincuentes suelen buscar propiedades mal mantenidas y mal aseguradas para perpetrar sus delitos. Cuando los propietarios cuidan debidamente sus instalaciones y ofrecen una seguridad adecuada, pueden evitarse muchos delitos. Cuando los propietarios son negligentes en este sentido y se produce un delito, los supervivientes y las partes lesionadas tienen derecho a presentar no s\u00f3lo cargos penales contra su agresor, sino tambi\u00e9n demandas por responsabilidad de las instalaciones en North Miami Beach contra el propietario.     <\/p>\n<p>Los abogados de lesiones personales del Grupo Legal Flaxman trabajan con las fuerzas del orden, expertos en seguridad, investigadores privados y otros profesionales para buscar una compensaci\u00f3n en nombre de nuestros clientes. Incluso en casos en los que el atacante nunca es capturado, puede ser posible presentar una demanda por seguridad inadecuada en North Miami Beach o en tu comunidad. Para averiguar m\u00e1s y saber si tienes un caso, puedes contactar al Grupo Legal Flaxman para una consulta gratuita sobre accidentes.  <\/p>\n<p><strong class=\"heading4\">Sobrevivir a un ataque violento y a las lesiones<\/strong><\/p>\n<p>Un delito grave -como un atraco, un asalto, una agresi\u00f3n o una violaci\u00f3n- puede provocar lesiones, as\u00ed como graves dificultades econ\u00f3micas y graves problemas financieros, entre otros:<\/p>\n<ul>\n<li>P\u00e9rdida de ingresos<\/li>\n<li>Facturas m\u00e9dicas elevadas<\/li>\n<li>P\u00e9rdida de ingresos potenciales futuros si las lesiones son permanentes<\/li>\n<li>Gastos de cirug\u00eda y gastos m\u00e9dicos de urgencia<\/li>\n<li>Gastos m\u00e9dicos permanentes, en caso de amputaci\u00f3n u otra lesi\u00f3n permanente<\/li>\n<li>Dificultad para pagar las facturas<\/li>\n<\/ul>\n<p><strong class=\"heading4\">\u00bfQu\u00e9 tipo de casos pueden dar lugar a reclamaciones por falta de seguridad?<\/strong><\/p>\n<p>En North Miami Beach y en Florida, las demandas por lesiones personales y por seguridad inadecuada pueden surgir siempre que se produzca una lesi\u00f3n causada por un delito grave que haya sido provocado en parte por la negligencia de alguien. Esto puede incluir casos derivados de: <\/p>\n<ul>\n<li>Violaci\u00f3n<\/li>\n<li>Disparando a<\/li>\n<li>Robo o atraco<\/li>\n<li>Apu\u00f1alamiento<\/li>\n<li>Asesinato<\/li>\n<li>asalto<\/li>\n<li>agresi\u00f3n sexual<\/li>\n<li>terrorismo<\/li>\n<\/ul>\n<p>En Florida se han presentado demandas contra muchos propietarios que no han proporcionado la seguridad adecuada. Las partes responsables en estos casos pueden incluir a los propietarios u operadores de: <\/p>\n<ul>\n<li>Gasolineras<\/li>\n<li>Centros comerciales<\/li>\n<li>Tiendas<\/li>\n<li>Escuelas (incluidos colegios y universidades)<\/li>\n<li>Bancos<\/li>\n<li>Aparcamientos<\/li>\n<li>Condominios<\/li>\n<li>Bares<\/li>\n<li>Hotel<\/li>\n<li>Restaurantes<\/li>\n<li>Estaciones ATM o cajeros autom\u00e1ticos<\/li>\n<li>Terreno bald\u00edo<\/li>\n<li>Edificios de apartamentos<\/li>\n<li>Comunidades de propietarios<\/li>\n<li>Locales de baile ex\u00f3tico y entretenimiento para adultos<\/li>\n<li>Promotores de eventos<\/li>\n<li>Discotecas y clubes nocturnos<\/li>\n<li>Salas de v\u00eddeo<\/li>\n<li>Boleras<\/li>\n<li>Centros de vida asistida<\/li>\n<li>Guarder\u00edas<\/li>\n<li>Empresas de seguridad privada<\/li>\n<li>Residencias de ancianos<\/li>\n<li>Cl\u00ednicas y hospitales<\/li>\n<li>Centros de trabajo y edificios de oficinas<\/li>\n<li>Obras de construcci\u00f3n<\/li>\n<li>ubicaciones en el ciberespacio (sitios web, salas de chat en l\u00ednea, motores de b\u00fasqueda y otras propiedades en l\u00ednea)<\/li>\n<\/ul>\n<p>Siempre que sufras lesiones por causas ajenas a tu voluntad y creas que puede haber influido una negligencia, es conveniente que te asesores jur\u00eddicamente.<\/p>\n<p>No tienes por qu\u00e9 enfrentarte sola a los altos costes y a la angustia que sigue a un delito grave. Siempre puedes ponerte en contacto con el Grupo Legal Flaxman a cualquier hora del d\u00eda o de la noche para concertar una evaluaci\u00f3n gratuita de tu caso. Los compasivos y profesionales abogados del <a href=\"contacta con nosotros.html\">Grupo Legal Flaxman<\/a> pueden ayudarte a saber si tienes una demanda por lesiones personales o si tienes otras formas de recurso legal en tu situaci\u00f3n. Tambi\u00e9n pueden ayudarte a comprender qu\u00e9 recursos locales existen para ti. Llame hoy mismo para su cita gratuita y sin compromiso.    <\/p>\n<\/p><\/div>\n<\/p><\/div>\n","protected":false},"excerpt":{"rendered":"<p>Sin honorarios a menos que ganemos. Llama al 866-352-9626 para una &#8230; <\/p>\n","protected":false},"author":3,"featured_media":0,"parent":0,"menu_order":0,"comment_status":"closed","ping_status":"closed","template":"template-practice-areas.php","meta":{"footnotes":""},"class_list":["post-22163","page","type-page","status-publish","hentry"],"featured_image_src":null,"featured_image_src_square":null,"_links":{"self":[{"href":"https:\/\/flaxmanlaw.com\/es\/wp-json\/wp\/v2\/pages\/22163","targetHints":{"allow":["GET"]}}],"collection":[{"href":"https:\/\/flaxmanlaw.com\/es\/wp-json\/wp\/v2\/pages"}],"about":[{"href":"https:\/\/flaxmanlaw.com\/es\/wp-json\/wp\/v2\/types\/page"}],"author":[{"embeddable":true,"href":"https:\/\/flaxmanlaw.com\/es\/wp-json\/wp\/v2\/users\/3"}],"replies":[{"embeddable":true,"href":"https:\/\/flaxmanlaw.com\/es\/wp-json\/wp\/v2\/comments?post=22163"}],"version-history":[{"count":0,"href":"https:\/\/flaxmanlaw.com\/es\/wp-json\/wp\/v2\/pages\/22163\/revisions"}],"wp:attachment":[{"href":"https:\/\/flaxmanlaw.com\/es\/wp-json\/wp\/v2\/media?parent=22163"}],"curies":[{"name":"wp","href":"https:\/\/api.w.org\/{rel}","templated":true}]}}