{"id":22164,"date":"2024-11-18T12:45:11","date_gmt":"2024-11-18T12:45:11","guid":{"rendered":"https:\/\/flaxmanlaw.wpenginepowered.com\/north-miami-beach-atropellado-por-un-conductor-borracho-abogados-de-accidentes-de-coche-del-condado-de-miami-dade\/"},"modified":"2024-11-18T12:45:11","modified_gmt":"2024-11-18T12:45:11","slug":"north-miami-beach-atropellado-por-un-conductor-borracho-abogados-de-accidentes-de-coche-del-condado-de-miami-dade","status":"publish","type":"page","link":"https:\/\/flaxmanlaw.com\/es\/north-miami-beach-atropellado-por-un-conductor-borracho-abogados-de-accidentes-de-coche-del-condado-de-miami-dade\/","title":{"rendered":"North Miami Beach Atropellado por un Conductor Borracho | Abogados de Accidentes de Coche del Condado de Miami-Dade"},"content":{"rendered":"<div class=\"bodytext\">\n<h2>Atropellado en North Miami Beach por un conductor ebrio<\/h1><\/h2>\n<div class=\"description\">\n<p>Si te ha atropellado un conductor ebrio en un accidente de coche en North Miami Beach, puedes enfrentarte a dolor y sufrimiento s\u00f3lo porque alguien tom\u00f3 una mala decisi\u00f3n. No parece justo. Para empeorar a\u00fan m\u00e1s la situaci\u00f3n, muchos conductores ebrios intentan luchar contra sus cargos por conducir bajo los efectos del alcohol, lo que puede ser a\u00fan m\u00e1s molesto para las v\u00edctimas. Si has resultado lesionado en un accidente automovil\u00edstico causado por un conductor ebrio y quieres saber c\u00f3mo protegerte a ti y a tu familia, contacta hoy mismo al Grupo Legal Flaxman para recibir una consulta gratuita sobre accidentes y revisar tu caso.   <\/p>\n<p><strong class=\"heading4\">Por qu\u00e9 debes tener en cuenta los gastos m\u00e9dicos tras un accidente de tr\u00e1fico<\/strong><\/p>\n<p>Ten en cuenta que los gastos m\u00e9dicos, especialmente los imprevistos, son una de las principales causas de quiebra y dificultades econ\u00f3micas en EEUU. Para protegerte a ti y a tu familia, te debes a ti mismo ponerte en contacto inmediatamente con un abogado de lesiones personales en North Miami Beach o en tu comunidad y hacer todo lo posible para obtener una indemnizaci\u00f3n justa, de modo que dispongas de los recursos econ\u00f3micos que necesitas para vivir tu vida al m\u00e1ximo. <\/p>\n<p>Aunque hayas sufrido una p\u00e9rdida devastadora o una lesi\u00f3n grave o permanente, disponer de recursos econ\u00f3micos eliminar\u00e1 al menos una posible fuente de estr\u00e9s. Tambi\u00e9n te proporcionar\u00e1 los recursos econ\u00f3micos que necesitas para asesoramiento, atenci\u00f3n m\u00e9dica de calidad y otros servicios y recursos que pueden ayudarte a ti y a tu familia. <\/p>\n<p><strong class=\"heading4\">\u00bfPor qu\u00e9 elegir a nuestros abogados de lesiones personales?<\/strong><\/p>\n<p>El equipo jur\u00eddico del Grupo Legal Flaxman ha visto de primera mano lo devastadores que pueden ser los accidentes por conducir en estado de ebriedad. Nuestros abogados creen que no hay raz\u00f3n para que un automovilista conduzca ebrio. Sin embargo, tambi\u00e9n vemos el impacto de este tipo de accidentes cada a\u00f1o.  <\/p>\n<p>Si has resultado gravemente herido por un conductor ebrio, aprovecha ahora mismo nuestra evaluaci\u00f3n gratuita y sin compromiso de tu caso. La evaluaci\u00f3n de tu caso es tu oportunidad de obtener respuestas a tus preguntas, informarte sobre tus derechos y obtener una evaluaci\u00f3n gratuita y confidencial de tu caso sobre tu situaci\u00f3n y tu probable recuperaci\u00f3n. <\/p>\n<p>\u00bfPor qu\u00e9 deber\u00edas concertar una cita gratuita y sin compromiso con el Grupo Legal Flaxman? Hay muchas cosas que podemos hacer en tu cita: <\/p>\n<ul>\n<li>Revisa las ofertas de seguro que te hayan hecho, as\u00ed como la documentaci\u00f3n<\/li>\n<li>Ayudarte a comprender el coste total probable de tus lesiones para que puedas prever mejor cu\u00e1nta indemnizaci\u00f3n necesitar\u00e1s<\/li>\n<li>Ayudarte a comprender qu\u00e9 opciones puedes tener para emprender acciones legales y negociar con el seguro<\/li>\n<li>Ayudarte a comprender la solidez de tu caso y tu posible recuperaci\u00f3n<\/li>\n<li>Ayudarte a comprender qu\u00e9 recursos locales est\u00e1n disponibles para las personas con tu tipo de lesiones<\/li>\n<li>Responder a las preguntas que puedas tener<\/li>\n<li>Ayudarte a comprender qu\u00e9 experiencia y conocimientos pueden aportarte nuestros abogados si decides trabajar con nosotros en la presentaci\u00f3n de una reclamaci\u00f3n judicial<\/li>\n<\/ul>\n<p>Si quieres disfrutar de estas ventajas hoy mismo -todo ello sin riesgo y sin coste alguno- contacta con el grupo de abogados Flaxman para tu <a href=\"contacta con nosotros.html\">consulta gratuita sobre accidentes<\/a>.<\/p>\n<\/p><\/div>\n<\/p><\/div>\n","protected":false},"excerpt":{"rendered":"<p>Sin honorarios a menos que ganemos. Llama al 866-352-9626 para una &#8230; <\/p>\n","protected":false},"author":3,"featured_media":0,"parent":0,"menu_order":0,"comment_status":"closed","ping_status":"closed","template":"template-practice-areas.php","meta":{"footnotes":""},"class_list":["post-22164","page","type-page","status-publish","hentry"],"featured_image_src":null,"featured_image_src_square":null,"_links":{"self":[{"href":"https:\/\/flaxmanlaw.com\/es\/wp-json\/wp\/v2\/pages\/22164","targetHints":{"allow":["GET"]}}],"collection":[{"href":"https:\/\/flaxmanlaw.com\/es\/wp-json\/wp\/v2\/pages"}],"about":[{"href":"https:\/\/flaxmanlaw.com\/es\/wp-json\/wp\/v2\/types\/page"}],"author":[{"embeddable":true,"href":"https:\/\/flaxmanlaw.com\/es\/wp-json\/wp\/v2\/users\/3"}],"replies":[{"embeddable":true,"href":"https:\/\/flaxmanlaw.com\/es\/wp-json\/wp\/v2\/comments?post=22164"}],"version-history":[{"count":0,"href":"https:\/\/flaxmanlaw.com\/es\/wp-json\/wp\/v2\/pages\/22164\/revisions"}],"wp:attachment":[{"href":"https:\/\/flaxmanlaw.com\/es\/wp-json\/wp\/v2\/media?parent=22164"}],"curies":[{"name":"wp","href":"https:\/\/api.w.org\/{rel}","templated":true}]}}