{"id":22165,"date":"2024-11-18T12:45:12","date_gmt":"2024-11-18T12:45:12","guid":{"rendered":"https:\/\/flaxmanlaw.wpenginepowered.com\/accidente-de-motorista-con-seguro-insuficiente-en-north-miami-beach-abogados-de-accidentes-de-coche-en-el-condado-de-miami-dade\/"},"modified":"2024-11-18T12:45:12","modified_gmt":"2024-11-18T12:45:12","slug":"accidente-de-motorista-con-seguro-insuficiente-en-north-miami-beach-abogados-de-accidentes-de-coche-en-el-condado-de-miami-dade","status":"publish","type":"page","link":"https:\/\/flaxmanlaw.com\/es\/accidente-de-motorista-con-seguro-insuficiente-en-north-miami-beach-abogados-de-accidentes-de-coche-en-el-condado-de-miami-dade\/","title":{"rendered":"Accidente de motorista con seguro insuficiente en North Miami Beach | Abogados de accidentes de coche en el condado de Miami-Dade"},"content":{"rendered":"<div class=\"bodytext\">\n<h2>Accidente de motorista con seguro insuficiente en North Miami Beach<\/h1><\/h2>\n<div class=\"description\">\n<p>Si conduces en Florida, es importante que contrates una cobertura de motorista sin seguro o con seguro insuficiente en tu p\u00f3liza de seguro de accidentes de coche. Este tipo de cobertura puede protegerte si alguna vez sufres un accidente con un conductor que no tenga seguro de accidentes o est\u00e9 infrasegurado. Seg\u00fan la legislaci\u00f3n de Florida, los automovilistas no necesitan tener un seguro que cubra las lesiones de otro conductor o pasajero. Debido al elevado coste de los seguros, algunos conductores deciden reducir sus primas no contratando toda la cobertura que podr\u00edan. Adem\u00e1s, algunas estimaciones dicen que hasta el 20% de los conductores que circulan por Florida no tienen ning\u00fan seguro. Si alguna vez sufres un accidente de coche en North Miami Beach o en Florida con este tipo de conductores, puede resultar a\u00fan m\u00e1s dif\u00edcil y confuso enfrentarse al proceso del seguro e intentar obtener una indemnizaci\u00f3n por tus lesiones.     <\/p>\n<p>Si usted ha resultado lesionado en un choque de tr\u00e1fico con un conductor que no ten\u00eda seguro contra accidentes o que no ten\u00eda un seguro contra accidentes adecuado, contacte al Grupo Legal Flaxman para una evaluaci\u00f3n de su caso gratuita y sin presiones. Nuestro equipo de abogados puede ayudarte a averiguar si tienes opciones legales u otras soluciones que puedan ayudarte a buscar una compensaci\u00f3n en tu caso. <\/p>\n<p><strong class=\"heading4\">\u00bfTienes cobertura de motorista sin seguro o con seguro insuficiente en tu p\u00f3liza de accidentes de tr\u00e1fico?<\/strong><\/p>\n<p>Si has resultado herido en un accidente de tr\u00e1fico con un conductor que no ten\u00eda seguro adecuado o no ten\u00eda seguro, quiz\u00e1 te preguntes c\u00f3mo puedes conseguir dinero del seguro para tus gastos m\u00e9dicos y otras p\u00e9rdidas. La realidad es que puedes tener cobertura de motorista sin seguro o con seguro insuficiente aunque no lo creas. Las aseguradoras de Florida est\u00e1n obligadas a ofrecer este tipo de cobertura a todos sus clientes. A menos que hayas firmado un formulario especial de rechazo en el que se indique que te has negado a contratar la cobertura de motorista sin seguro o con seguro insuficiente, es posible que tengas este tipo de cobertura.   <\/p>\n<p>Por desgracia, determinar exactamente cu\u00e1les son tus prestaciones y opciones puede resultar confuso, ya que las p\u00f3lizas de seguro pueden ser bastante complejas. Si has sufrido lesiones en un accidente de tr\u00e1fico, es una buena idea hablar con un abogado de lesiones personales de tu comunidad que pueda ayudarte a negociar el complicado mundo de las leyes y las p\u00f3lizas de seguros. Un abogado de lesiones personales en North Miami Beach o en tu comunidad puede ayudarte con el proceso del seguro o puede ayudarte a presentar una demanda judicial si esa es una opci\u00f3n para que obtengas una indemnizaci\u00f3n justa por tus lesiones.  <\/p>\n<p><strong class=\"heading4\">\u00bfTe gustar\u00eda revisar los hechos de tu caso con un abogado especializado en lesiones personales?<\/strong><\/p>\n<p><a href=\"contacta con nosotros.html\">Contacte hoy mismo al Grupo Legal Flaxman<\/a> para que alguien de su lado revise su situaci\u00f3n con usted. El Grupo Legal Flaxman es una firma de servicios integrales con tres oficinas en Florida del Sur. Charles Flaxman, fundador y director de nuestra firma legal, cuenta con 10 a\u00f1os de experiencia en la industria de seguros, as\u00ed como con m\u00e1s de 25 a\u00f1os de experiencia en los tribunales. Adem\u00e1s, nuestro equipo de abogados cuenta con m\u00e1s de 60 a\u00f1os de experiencia en juicios combinados. Este nivel de experiencia significa que nuestro equipo no s\u00f3lo tiene un historial en los tribunales, sino que tambi\u00e9n entendemos exactamente c\u00f3mo funcionan las compa\u00f1\u00edas de seguros, un conocimiento que podemos poner a trabajar para ti. Si deseas una consulta sin costo y sin presiones, contacta hoy mismo al Grupo Legal Flaxman.     <\/p>\n<\/p><\/div>\n<\/p><\/div>\n","protected":false},"excerpt":{"rendered":"<p>Sin honorarios a menos que ganemos. Llama al 866-352-9626 para una &#8230; <\/p>\n","protected":false},"author":3,"featured_media":0,"parent":0,"menu_order":0,"comment_status":"closed","ping_status":"closed","template":"template-practice-areas.php","meta":{"footnotes":""},"class_list":["post-22165","page","type-page","status-publish","hentry"],"featured_image_src":null,"featured_image_src_square":null,"_links":{"self":[{"href":"https:\/\/flaxmanlaw.com\/es\/wp-json\/wp\/v2\/pages\/22165","targetHints":{"allow":["GET"]}}],"collection":[{"href":"https:\/\/flaxmanlaw.com\/es\/wp-json\/wp\/v2\/pages"}],"about":[{"href":"https:\/\/flaxmanlaw.com\/es\/wp-json\/wp\/v2\/types\/page"}],"author":[{"embeddable":true,"href":"https:\/\/flaxmanlaw.com\/es\/wp-json\/wp\/v2\/users\/3"}],"replies":[{"embeddable":true,"href":"https:\/\/flaxmanlaw.com\/es\/wp-json\/wp\/v2\/comments?post=22165"}],"version-history":[{"count":0,"href":"https:\/\/flaxmanlaw.com\/es\/wp-json\/wp\/v2\/pages\/22165\/revisions"}],"wp:attachment":[{"href":"https:\/\/flaxmanlaw.com\/es\/wp-json\/wp\/v2\/media?parent=22165"}],"curies":[{"name":"wp","href":"https:\/\/api.w.org\/{rel}","templated":true}]}}