{"id":22166,"date":"2024-11-18T12:45:12","date_gmt":"2024-11-18T12:45:12","guid":{"rendered":"https:\/\/flaxmanlaw.wpenginepowered.com\/impacto-lateral-en-north-miami-beach-abogados-de-accidentes-de-coche-en-el-condado-de-miami-dade\/"},"modified":"2024-11-18T12:45:12","modified_gmt":"2024-11-18T12:45:12","slug":"impacto-lateral-en-north-miami-beach-abogados-de-accidentes-de-coche-en-el-condado-de-miami-dade","status":"publish","type":"page","link":"https:\/\/flaxmanlaw.com\/es\/impacto-lateral-en-north-miami-beach-abogados-de-accidentes-de-coche-en-el-condado-de-miami-dade\/","title":{"rendered":"Impacto lateral en North Miami Beach | Abogados de accidentes de coche en el condado de Miami-Dade"},"content":{"rendered":"<div class=\"bodytext\">\n<h2>Impacto lateral en North Miami Beach<\/h1><\/h2>\n<div class=\"description\">\n<p>Las colisiones por impacto lateral tambi\u00e9n se conocen como colisiones en \u00e1ngulo lateral, accidentes en T o colisiones laterales. Estos accidentes suelen ocurrir cuando un veh\u00edculo choca contra el lateral de otro. La mayor\u00eda de este tipo de colisiones se producen a alta velocidad en cruces muy transitados, a menudo despu\u00e9s de que el conductor no se detenga ante una se\u00f1al de stop o se salte un sem\u00e1foro en rojo. Este tipo de accidentes suelen producir lesiones muy graves, ya que no hay zona de deformaci\u00f3n y muy poca protecci\u00f3n en la puerta lateral del veh\u00edculo impactado. Adem\u00e1s, es probable que estos accidentes provoquen una v\u00edctima mortal cuando el veh\u00edculo que choca contra el lateral de otro veh\u00edculo es m\u00e1s grande, como un cami\u00f3n, un todoterreno o un tractor-remolque.    <\/p>\n<p><strong class=\"heading4\">No te enfrentes solo al futuro<\/strong><\/p>\n<p>Usted no tiene que enfrentar sus lesiones y el proceso de curaci\u00f3n solo. Si usted ha resultado lesionado en un accidente automovil\u00edstico en North Miami Beach o en cualquier parte de Florida del Sur, puede contactar a los abogados de lesiones personales del Grupo Legal Flaxman para programar una consulta gratuita sobre accidentes. Podemos ayudarte a entender si tienes una demanda legal u otras opciones a seguir.  <\/p>\n<p><strong class=\"heading4\">\u00bfQu\u00e9 puede hacer por ti un abogado de lesiones personales si has sufrido una colisi\u00f3n por alcance?<\/strong><\/p>\n<p>Si has sufrido un accidente de coche, es importante que consultes enseguida a un abogado de lesiones personales en North Miami Beach o en tu comunidad. Aunque tengas un buen seguro de accidente de coche, s\u00f3lo el coste de la atenci\u00f3n m\u00e9dica tras un accidente de coche grave puede ser muy considerable y puede que no lo cubra totalmente tu seguro, sobre todo si tienes gastos a largo plazo. Hay muchas cosas que un abogado puede hacer para ayudarte con esto:  <\/p>\n<ul>\n<li>Un abogado puede revisar los hechos de tu caso y reunir pruebas<\/li>\n<li>Un abogado puede negociar en tu nombre con las compa\u00f1\u00edas de seguros<\/li>\n<li>Un abogado puede buscar m\u00faltiples partes responsables en tu caso<\/li>\n<li>Un abogado puede presentar una reclamaci\u00f3n judicial<\/li>\n<li>Un abogado puede ayudarte a comprender tus costes m\u00e9dicos, incluidos los costes a largo plazo<\/li>\n<li>Un abogado puede revisar contigo las ofertas de seguros<\/li>\n<li>Un abogado puede ayudarte en el proceso de reclamaci\u00f3n al seguro<\/li>\n<li>Un abogado puede ayudarte con cualquier litigio sobre seguros<\/li>\n<li>Un abogado puede ayudarte a comprender todas tus opciones legales<\/li>\n<li>Un abogado puede ayudarte a proteger tus derechos<\/li>\n<li>Un abogado puede llevar tu caso y buscar una indemnizaci\u00f3n para ti<\/li>\n<\/ul>\n<p><strong class=\"heading4\">Qu\u00e9 hacer tras un accidente de tr\u00e1fico<\/strong><\/p>\n<p>Tras un accidente de coche con lesiones, deber\u00e1s recibir asistencia m\u00e9dica inmediata y denunciar el accidente a las autoridades. Tambi\u00e9n es posible que quieras unirte a grupos de defensa de las v\u00edctimas para presionar en favor de leyes m\u00e1s estrictas contra la conducci\u00f3n bajo los efectos del alcohol, la conducci\u00f3n distra\u00edda y la conducci\u00f3n temeraria. Tomar medidas para buscar justicia suele ser una parte importante del proceso de curaci\u00f3n y cierre. Tambi\u00e9n puede garantizar que dispongas de los recursos y la ayuda y el apoyo que necesitas para empezar a curarte.   <\/p>\n<p>Tambi\u00e9n querr\u00e1s <a href=\"contacta con nosotros.html\">ponerte en contacto con el Grupo Legal Flaxman<\/a> para revisar tus opciones y averiguar cu\u00e1nto puede valer tu caso. Contacta hoy mismo con el Grupo Legal Flaxman; tu consulta inicial no cuesta nada y no conlleva ning\u00fan compromiso. <\/p>\n<\/p><\/div>\n<\/p><\/div>\n","protected":false},"excerpt":{"rendered":"<p>Sin honorarios a menos que ganemos. Llama al 866-352-9626 para una &#8230; <\/p>\n","protected":false},"author":3,"featured_media":0,"parent":0,"menu_order":0,"comment_status":"closed","ping_status":"closed","template":"template-practice-areas.php","meta":{"footnotes":""},"class_list":["post-22166","page","type-page","status-publish","hentry"],"featured_image_src":null,"featured_image_src_square":null,"_links":{"self":[{"href":"https:\/\/flaxmanlaw.com\/es\/wp-json\/wp\/v2\/pages\/22166","targetHints":{"allow":["GET"]}}],"collection":[{"href":"https:\/\/flaxmanlaw.com\/es\/wp-json\/wp\/v2\/pages"}],"about":[{"href":"https:\/\/flaxmanlaw.com\/es\/wp-json\/wp\/v2\/types\/page"}],"author":[{"embeddable":true,"href":"https:\/\/flaxmanlaw.com\/es\/wp-json\/wp\/v2\/users\/3"}],"replies":[{"embeddable":true,"href":"https:\/\/flaxmanlaw.com\/es\/wp-json\/wp\/v2\/comments?post=22166"}],"version-history":[{"count":0,"href":"https:\/\/flaxmanlaw.com\/es\/wp-json\/wp\/v2\/pages\/22166\/revisions"}],"wp:attachment":[{"href":"https:\/\/flaxmanlaw.com\/es\/wp-json\/wp\/v2\/media?parent=22166"}],"curies":[{"name":"wp","href":"https:\/\/api.w.org\/{rel}","templated":true}]}}