{"id":22169,"date":"2024-11-18T12:45:12","date_gmt":"2024-11-18T12:45:12","guid":{"rendered":"https:\/\/flaxmanlaw.wpenginepowered.com\/accidente-de-camion-en-north-miami-beach-abogados-de-lesiones-de-camion-en-el-condado-de-miami-dade\/"},"modified":"2024-11-18T12:45:12","modified_gmt":"2024-11-18T12:45:12","slug":"accidente-de-camion-en-north-miami-beach-abogados-de-lesiones-de-camion-en-el-condado-de-miami-dade","status":"publish","type":"page","link":"https:\/\/flaxmanlaw.com\/es\/accidente-de-camion-en-north-miami-beach-abogados-de-lesiones-de-camion-en-el-condado-de-miami-dade\/","title":{"rendered":"Accidente de Cami\u00f3n en North Miami Beach | Abogados de Lesiones de Cami\u00f3n en el Condado de Miami-Dade"},"content":{"rendered":"<div class=\"bodytext\">\n<h2>Accidente de cami\u00f3n en North Miami Beach<\/h1><\/h2>\n<div class=\"description\">\n<p>North Miami Beach es famosa por el Parque Haulover y la Iglesia de San Bernardo de Claraval. Situada en el condado de Miami-Dade, North Miami Beach es tambi\u00e9n un lugar popular para vivir y visitar porque est\u00e1 cerca de Miami y de muchas playas de Florida. Con un clima c\u00e1lido y un tiempo precioso, es un lugar estupendo para relajarse o establecerse. Fundada en la d\u00e9cada de 1930, North Miami Beach es una comunidad suburbana segura y limpia.   <\/p>\n<p>Aunque North Miami Beach es conocida por ser una comunidad segura, los accidentes de tr\u00e1fico y los <a href=\"accidentes-de-cami\u00f3n.html\">accidentes de cami\u00f3n<\/a> pueden ocurrir y ocurren aqu\u00ed. El Grupo Legal Flaxman espera que usted nunca se vea involucrado en este tipo de accidentes, pero si lo est\u00e1, el equipo jur\u00eddico del Grupo Legal Flaxman quiere asegurarse de que usted tenga de su lado a los mejores y m\u00e1s agresivos negociadores. El Grupo Legal Flaxman cuenta con tres despachos y una l\u00ednea telef\u00f3nica de 24 horas para ayudarte despu\u00e9s de tu accidente de cami\u00f3n en North Miami Beach. Ll\u00e1menos hoy mismo para programar una consulta inicial gratuita y hablar sobre su caso.   <\/p>\n<p>El compasivo y experimentado equipo jur\u00eddico del Grupo Legal Flaxman puede ayudarle a comprender sus derechos, los costos totales de sus lesiones, y lo que usted puede tener derecho a recuperar conforme a las leyes de Florida. El Grupo Legal Flaxman ya ha ayudado a miles de clientes a recuperar muchos cientos de millones de d\u00f3lares de las partes responsables, incluyendo fabricantes, transportistas de camiones, y compa\u00f1\u00edas de seguros. Ponga a trabajar para usted la agresiva experiencia en juicios del Grupo Legal Flaxman.  <\/p>\n<p>Si has resultado herido en un accidente de cami\u00f3n en North Miami Beach, puede que tengas derecho a una indemnizaci\u00f3n mayor de la que crees. De hecho, esta indemnizaci\u00f3n puede ser vital para permitirte reponer los ingresos perdidos, pagar los gastos m\u00e9dicos y las facturas. Negociar con las aseguradoras por s\u00ed solo puede ser muy desafiante e intimidante, dej\u00e1ndote con pagos de demandas a la baja que no cubren totalmente los costos de tu accidente de cami\u00f3n en North Miami Beach. El Grupo Legal Flaxman puede ayudarle a determinar el costo total de sus lesiones, que puede volverse m\u00e1s caro si tarda a\u00f1os en recuperarse. El agresivo equipo legal del Grupo Legal Flaxman puede entonces perseguir tu caso para asegurarse de que te paguen un arreglo justo por tus lesiones, para que no tengas que lidiar con todos estos costos t\u00fa mismo.    <\/p>\n<p>North Miami Beach est\u00e1 a unos 15 minutos en coche de las oficinas del Grupo Legal Flaxman en Hollywood. Para llegar a las oficinas, conduce hacia el sur por NE 19th Avenue y gira a la derecha en FL-826 W\/NE 163rd Street, siguiendo por FL-826 W hasta la salida a FL-7 N\/US-441 N. Tras tomar la salida, gira a la derecha en Johnson Street y conduce hasta el 5715 de Johnson Street, donde se encuentran las oficinas del Grupo Legal Flaxman. <\/p>\n<\/p><\/div>\n<div class=\"subpageslist\"> <strong class=\"heading4 widget-title\"><a href=\"norte-miami-playa-camionero-fatiga.html\">Fatiga del camionero<\/a><\/strong> <strong class=\"heading4 widget-title\"><a href=\"puntos ciegos de la playa de miami-norte.html\">Puntos ciegos<\/a><\/strong> <strong class=\"heading4 widget-title\"><a href=\"fracaso del frenado en la playa de miami-norte.html\">Fallo de frenado<\/a><\/strong> <strong class=\"heading4 widget-title\"><a href=\"playa-miami-del-norte-distancia-de-parada.html\">Distancia de frenado<\/a><\/strong> <strong class=\"heading4 widget-title\"><a href=\"north-miami-beach-bald-tires-tire-blowout.html\">Neum\u00e1ticos Calvos \/ Revent\u00f3n de Neum\u00e1ticos<\/a><\/strong> <\/div>\n<\/p><\/div>\n","protected":false},"excerpt":{"rendered":"<p>Sin honorarios a menos que ganemos. Llama al 866-352-9626 para una &#8230; <\/p>\n","protected":false},"author":3,"featured_media":0,"parent":0,"menu_order":0,"comment_status":"closed","ping_status":"closed","template":"template-practice-areas.php","meta":{"footnotes":""},"class_list":["post-22169","page","type-page","status-publish","hentry"],"featured_image_src":null,"featured_image_src_square":null,"_links":{"self":[{"href":"https:\/\/flaxmanlaw.com\/es\/wp-json\/wp\/v2\/pages\/22169","targetHints":{"allow":["GET"]}}],"collection":[{"href":"https:\/\/flaxmanlaw.com\/es\/wp-json\/wp\/v2\/pages"}],"about":[{"href":"https:\/\/flaxmanlaw.com\/es\/wp-json\/wp\/v2\/types\/page"}],"author":[{"embeddable":true,"href":"https:\/\/flaxmanlaw.com\/es\/wp-json\/wp\/v2\/users\/3"}],"replies":[{"embeddable":true,"href":"https:\/\/flaxmanlaw.com\/es\/wp-json\/wp\/v2\/comments?post=22169"}],"version-history":[{"count":0,"href":"https:\/\/flaxmanlaw.com\/es\/wp-json\/wp\/v2\/pages\/22169\/revisions"}],"wp:attachment":[{"href":"https:\/\/flaxmanlaw.com\/es\/wp-json\/wp\/v2\/media?parent=22169"}],"curies":[{"name":"wp","href":"https:\/\/api.w.org\/{rel}","templated":true}]}}