{"id":22171,"date":"2024-11-18T12:45:12","date_gmt":"2024-11-18T12:45:12","guid":{"rendered":"https:\/\/flaxmanlaw.wpenginepowered.com\/distancia-de-frenado-en-north-miami-beach-abogados-de-accidentes-de-camion-en-el-condado-de-miami-dade\/"},"modified":"2024-11-18T12:45:12","modified_gmt":"2024-11-18T12:45:12","slug":"distancia-de-frenado-en-north-miami-beach-abogados-de-accidentes-de-camion-en-el-condado-de-miami-dade","status":"publish","type":"page","link":"https:\/\/flaxmanlaw.com\/es\/distancia-de-frenado-en-north-miami-beach-abogados-de-accidentes-de-camion-en-el-condado-de-miami-dade\/","title":{"rendered":"Distancia de frenado en North Miami Beach | Abogados de accidentes de cami\u00f3n en el condado de Miami-Dade"},"content":{"rendered":"<div class=\"bodytext\">\n<h2>Distancia de parada de North Miami Beach<\/h1><\/h2>\n<div class=\"description\">\n<p>Las colisiones de camiones por distancia de frenado en North Miami Beach y Florida son, por desgracia, demasiado frecuentes y causan lesiones y muertes que destrozan a familias enteras. En la base de la mayor\u00eda de las colisiones por distancia de frenado est\u00e1 el hecho de que los camiones de gran tonelaje, los camiones cisterna y otros camiones comerciales tardan mucho m\u00e1s en detenerse por completo que los veh\u00edculos de pasajeros. Cuando entran en juego un fallo mec\u00e1nico o un error del conductor, esta diferencia en la distancia de frenado puede provocar f\u00e1cilmente un accidente.  <\/p>\n<p>Los abogados <a href=\"contacta con nosotros.html\">del Grupo Legal Flaxman<\/a> comprenden lo devastador que puede ser un choque de camiones. Es por ello que ponemos a su disposici\u00f3n nuestras l\u00edneas telef\u00f3nicas al 866-352-9626 las veinticuatro horas del d\u00eda y por lo que trabajamos tan duro para construir casos s\u00f3lidos. Esta dedicaci\u00f3n a los demandantes ha permitido a nuestro bufete recuperar m\u00e1s de 100 millones de d\u00f3lares para miles de demandantes de South Miami Heights, el condado de Broward, el condado de Miami-Dade, el condado de Palm Beach y las zonas circundantes del sur de Florida. Si crees que puedes tener un caso, ponte en contacto con nuestro bufete de abogados hoy mismo para una revisi\u00f3n gratuita de tu caso.   <\/p>\n<p><strong class=\"heading4\">Prevenci\u00f3n de colisiones a distancia de frenado<\/strong><\/p>\n<p>Los conductores de camiones deben tomar varias precauciones para no provocar una colisi\u00f3n:<\/p>\n<p><strong>1) No deben seguir a otros veh\u00edculos demasiado de cerca.<\/strong>  Seguir demasiado de cerca significa que los camioneros pueden no tener tiempo suficiente para frenar de repente, sobre todo si el coche que tienen delante frena de repente o si hace mal tiempo.<\/p>\n<p><strong>2) Deben inspeccionar cuidadosamente los neum\u00e1ticos antes de cada viaje.<\/strong>  Los neum\u00e1ticos de los camiones tienen mucho que ver con las distancias de frenado. Los neum\u00e1ticos lisos, desgastados o mal inflados pueden aumentar considerablemente la distancia de frenado. Los neum\u00e1ticos calvos, especialmente, pueden no agarrarse muy bien a la carretera y hacer que las distancias de frenado sean mucho mayores. Adem\u00e1s, los neum\u00e1ticos calvos y mal inflados pueden reventar si el camionero tiene que frenar bruscamente. Las normas federales obligan a los camioneros a inspeccionar detenidamente los frenos y los neum\u00e1ticos antes de cada viaje y a anotar cualquier problema, as\u00ed como las inspecciones visuales, en un libro de ruta.    <\/p>\n<p><strong>3) Deber\u00edan inspeccionar los frenos antes de cada viaje<\/strong>. Obviamente, los frenos tambi\u00e9n afectan a la distancia de frenado. Desgraciadamente, los frenos de los camiones soportan mucha presi\u00f3n adicional debido a las largas distancias que recorren y a las pesadas cargas que transportan los camiones de gran tonelaje y las cabezas tractoras. Las leyes federales obligan a los conductores de camiones a inspeccionar cuidadosamente sus frenos y a informar inmediatamente de cualquier problema de frenos. El mal funcionamiento o el fallo de los frenos puede provocar f\u00e1cilmente una colisi\u00f3n.    <\/p>\n<p><strong>4) Deben ajustar su conducci\u00f3n y velocidad a las condiciones meteorol\u00f3gicas.<\/strong>  Como cualquier conductor, se espera de los camioneros que reduzcan la velocidad con mal tiempo y extremen la precauci\u00f3n. Hay muchas cosas, como la lluvia, el viento y la niebla, que pueden afectar a la visibilidad y a la capacidad de frenar. Especialmente las calzadas resbaladizas pueden dificultar la frenada brusca de los camiones y aumentar la distancia de frenado.  <\/p>\n<p><strong class=\"heading4\">\u00bfNecesitas un abogado de lesiones personales en North Miami Beach?<\/strong><\/p>\n<p>Si has resultado lesionado en un choque de camiones, no dudes en contactar <a href=\"contacta con nosotros.html\">al Grupo Legal Flaxman<\/a>, una firma de abogados de Florida del Sur con oficinas en Homestead, Hollywood y Miami. Nuestros abogados ya han obtenido compensaci\u00f3n en miles de casos de accidentes de cami\u00f3n y lesiones personales y estamos ansiosos por ayudar a a\u00fan m\u00e1s demandantes a buscar justicia y compensaci\u00f3n por las lesiones que han sufrido sin tener la culpa. <\/p>\n<\/p><\/div>\n<\/p><\/div>\n","protected":false},"excerpt":{"rendered":"<p>Sin honorarios a menos que ganemos. Llama al 866-352-9626 para una &#8230; <\/p>\n","protected":false},"author":3,"featured_media":0,"parent":0,"menu_order":0,"comment_status":"closed","ping_status":"closed","template":"template-practice-areas.php","meta":{"footnotes":""},"class_list":["post-22171","page","type-page","status-publish","hentry"],"featured_image_src":null,"featured_image_src_square":null,"_links":{"self":[{"href":"https:\/\/flaxmanlaw.com\/es\/wp-json\/wp\/v2\/pages\/22171","targetHints":{"allow":["GET"]}}],"collection":[{"href":"https:\/\/flaxmanlaw.com\/es\/wp-json\/wp\/v2\/pages"}],"about":[{"href":"https:\/\/flaxmanlaw.com\/es\/wp-json\/wp\/v2\/types\/page"}],"author":[{"embeddable":true,"href":"https:\/\/flaxmanlaw.com\/es\/wp-json\/wp\/v2\/users\/3"}],"replies":[{"embeddable":true,"href":"https:\/\/flaxmanlaw.com\/es\/wp-json\/wp\/v2\/comments?post=22171"}],"version-history":[{"count":0,"href":"https:\/\/flaxmanlaw.com\/es\/wp-json\/wp\/v2\/pages\/22171\/revisions"}],"wp:attachment":[{"href":"https:\/\/flaxmanlaw.com\/es\/wp-json\/wp\/v2\/media?parent=22171"}],"curies":[{"name":"wp","href":"https:\/\/api.w.org\/{rel}","templated":true}]}}