{"id":22172,"date":"2024-11-18T12:45:12","date_gmt":"2024-11-18T12:45:12","guid":{"rendered":"https:\/\/flaxmanlaw.wpenginepowered.com\/accidentes-de-vuelco-en-north-miami-beach-abogados-de-accidentes-de-coche-en-el-condado-de-miami-dade\/"},"modified":"2024-11-18T12:45:12","modified_gmt":"2024-11-18T12:45:12","slug":"accidentes-de-vuelco-en-north-miami-beach-abogados-de-accidentes-de-coche-en-el-condado-de-miami-dade","status":"publish","type":"page","link":"https:\/\/flaxmanlaw.com\/es\/accidentes-de-vuelco-en-north-miami-beach-abogados-de-accidentes-de-coche-en-el-condado-de-miami-dade\/","title":{"rendered":"Accidentes de vuelco en North Miami Beach | Abogados de accidentes de coche en el condado de Miami-Dade"},"content":{"rendered":"<div class=\"bodytext\">\n<h2>Accidentes por vuelco en North Miami Beach<\/h1><\/h2>\n<div class=\"description\">\n<p>Debido a un centro de gravedad alto, algunos veh\u00edculos tienen m\u00e1s probabilidades que otros de verse implicados en una colisi\u00f3n con vuelco en North Miami Beach y otras ciudades. Los camiones comerciales, los todoterrenos y otros veh\u00edculos con la parte superior pesada tienen m\u00e1s probabilidades de volcar en un choque de alto impacto. Sin embargo, en las condiciones adecuadas, pr\u00e1cticamente todos los coches corren peligro de volcar. Aunque pienses que este tipo de accidente de coche nunca te afectar\u00e1 a ti ni a tu familia, corres peligro.   <\/p>\n<p>Si usted ha resultado lesionado en un accidente automovil\u00edstico, querr\u00e1 obtener asesor\u00eda legal de un abogado experimentado. En el Grupo Legal Flaxman, nuestros abogados cuentan con m\u00e1s de 60 a\u00f1os de experiencia legal combinada y nuestro fundador, Charles Flaxman, tiene 10 a\u00f1os de experiencia en la industria de los seguros, as\u00ed como m\u00e1s de 25 a\u00f1os en la corte. Contacta con nuestro bufete de servicios integrales en el 866-352-9626 para concertar hoy mismo una consulta gratuita sobre tu caso.  <\/p>\n<p><strong class=\"heading4\">Los vuelcos de coches y camiones en North Miami Beach provocan lesiones devastadoras<\/strong><\/p>\n<p>Hay muchos tipos de lesiones que pueden producirse como consecuencia de un accidente con vuelco:<\/p>\n<ul>\n<li>Par\u00e1lisis<\/li>\n<li>Amputaci\u00f3n<\/li>\n<li>Lesiones de tejidos blandos<\/li>\n<li>Lesiones de espalda<\/li>\n<li>Lesiones medulares<\/li>\n<li>Desfiguraci\u00f3n facial<\/li>\n<li>Cicatrizaci\u00f3n<\/li>\n<li>Quemaduras<\/li>\n<li>Lesiones craneales y cerebrales<\/li>\n<\/ul>\n<p><strong class=\"heading4\">\u00bfQu\u00e9 hace que este tipo de colisiones de tr\u00e1fico sean tan mortales?<\/strong><\/p>\n<p>Hay una serie de factores que pueden hacer que los accidentes de tr\u00e1fico con vuelco en North Miami Beach sean especialmente mortales y tengan m\u00e1s probabilidades de causar lesiones:<\/p>\n<ul>\n<li>El techo puede derrumbarse si el coche cae sobre \u00e9l y la estructura del coche no es muy resistente. En este tipo de casos, son frecuentes las lesiones medulares y cerebrales. <\/li>\n<li>Las ventanillas pueden romperse por la presi\u00f3n y la fuerza del vuelco. Esto puede causar lesiones faciales, cortes y laceraciones, as\u00ed como desfiguraci\u00f3n. <\/li>\n<li>Los pasajeros pueden salir despedidos del coche debido a la fuerza de la colisi\u00f3n, lo que puede provocar lesiones internas.<\/li>\n<li>Los pasajeros pueden ser sacudidos violentamente dentro del veh\u00edculo, y esto puede causar lesiones en los tejidos blandos.<\/li>\n<li>Los pasajeros pueden golpearse contra el techo, los laterales y el salpicadero al inclinarse el coche, sobre todo si los cinturones de seguridad no funcionan correctamente. Esto puede provocar lesiones medulares y cerebrales. <\/li>\n<li>La estructura del coche puede quedar aplastada o comprometida, y esto puede retrasar que el personal de emergencia llegue hasta los pasajeros heridos en el interior, retrasando el tratamiento para salvarles la vida.<\/li>\n<li>Los vuelcos pueden hacer que un coche se salga de la carretera y se adentre en zonas boscosas, terraplenes o masas de agua, donde se presentan nuevos peligros.<\/li>\n<li>Cualquier objeto que haya en el coche puede convertirse en proyectil al volcar el coche, causando lesiones faciales y posiblemente fracturas.<\/li>\n<\/ul>\n<p>Si has resultado lesionado de esta manera, contacta hoy mismo a los abogados del <a href=\"contacta con nosotros.html\">Grupo Legal Flaxman<\/a> para recibir una consulta gratuita sobre accidentes y comenzar el proceso de recuperaci\u00f3n. Podemos encargarnos de todos los detalles, desde darte asesor\u00eda legal hasta ayudarte a encontrar un taller mec\u00e1nico o un coche de alquiler. Podemos negociar con las aseguradoras en tu nombre y si decides levantar una demanda legal, podemos construir un caso s\u00f3lido en tu nombre y llevar el caso ante la corte. Nos ocupamos de todos los detalles para que puedas centrarte en curarte.   <\/p>\n<\/p><\/div>\n<\/p><\/div>\n","protected":false},"excerpt":{"rendered":"<p>Sin honorarios a menos que ganemos. Llama al 866-352-9626 para una &#8230; <\/p>\n","protected":false},"author":3,"featured_media":0,"parent":0,"menu_order":0,"comment_status":"closed","ping_status":"closed","template":"template-practice-areas.php","meta":{"footnotes":""},"class_list":["post-22172","page","type-page","status-publish","hentry"],"featured_image_src":null,"featured_image_src_square":null,"_links":{"self":[{"href":"https:\/\/flaxmanlaw.com\/es\/wp-json\/wp\/v2\/pages\/22172","targetHints":{"allow":["GET"]}}],"collection":[{"href":"https:\/\/flaxmanlaw.com\/es\/wp-json\/wp\/v2\/pages"}],"about":[{"href":"https:\/\/flaxmanlaw.com\/es\/wp-json\/wp\/v2\/types\/page"}],"author":[{"embeddable":true,"href":"https:\/\/flaxmanlaw.com\/es\/wp-json\/wp\/v2\/users\/3"}],"replies":[{"embeddable":true,"href":"https:\/\/flaxmanlaw.com\/es\/wp-json\/wp\/v2\/comments?post=22172"}],"version-history":[{"count":0,"href":"https:\/\/flaxmanlaw.com\/es\/wp-json\/wp\/v2\/pages\/22172\/revisions"}],"wp:attachment":[{"href":"https:\/\/flaxmanlaw.com\/es\/wp-json\/wp\/v2\/media?parent=22172"}],"curies":[{"name":"wp","href":"https:\/\/api.w.org\/{rel}","templated":true}]}}