{"id":22173,"date":"2024-11-18T12:45:12","date_gmt":"2024-11-18T12:45:12","guid":{"rendered":"https:\/\/flaxmanlaw.wpenginepowered.com\/resbalones-y-caidas-en-north-miami-beach-abogados-de-responsabilidad-de-locales-en-el-condado-de-miami-dade\/"},"modified":"2024-11-18T12:45:12","modified_gmt":"2024-11-18T12:45:12","slug":"resbalones-y-caidas-en-north-miami-beach-abogados-de-responsabilidad-de-locales-en-el-condado-de-miami-dade","status":"publish","type":"page","link":"https:\/\/flaxmanlaw.com\/es\/resbalones-y-caidas-en-north-miami-beach-abogados-de-responsabilidad-de-locales-en-el-condado-de-miami-dade\/","title":{"rendered":"Resbalones y Ca\u00eddas en North Miami Beach | Abogados de Responsabilidad de Locales en el Condado de Miami-Dade"},"content":{"rendered":"<div class=\"bodytext\">\n<h2>Resbal\u00f3n y ca\u00edda en North Miami Beach<\/h1><\/h2>\n<div class=\"description\">\n<p>North Miami Beach es una regi\u00f3n suburbana del condado de Miami-Dade, en Florida. La regi\u00f3n se llamaba originalmente Fulford, pero la comunidad adopt\u00f3 el nombre de North Miami Beach en 1931. La comunidad es quiz\u00e1 m\u00e1s conocida por un hermoso monasterio medieval espa\u00f1ol. La iglesia de San Bernardo de Claraval se construy\u00f3 en Espa\u00f1a en el siglo XI. Sin embargo, en la d\u00e9cada de 1950 se desmont\u00f3 minuciosamente, se transport\u00f3 a North Miami Beach y se volvi\u00f3 a montar cuidadosamente, convirti\u00e9ndose en el edificio m\u00e1s antiguo de la regi\u00f3n. North Miami Beach tambi\u00e9n es famosa por su buen tiempo, sus zonas recreativas y parques, y su proximidad a algunas de las playas m\u00e1s bonitas de Florida.     <\/p>\n<p><a href=\"accidentes por resbalones y ca\u00eddas.html\">Los accidentes por resbalones y ca\u00eddas<\/a> pueden ocurrir en cualquier lugar, incluidas las comunidades de Florida. Muchos visitantes y residentes de North Miami Beach ven alteradas sus vidas cada a\u00f1o por accidentes de resbal\u00f3n y ca\u00edda. Estos accidentes pueden crear problemas de espalda, lesiones cerebrales, rotura de miembros y fractura de huesos, que requieren muchos meses de recuperaci\u00f3n y numerosos y costosos procedimientos m\u00e9dicos.  <\/p>\n<p>La orientaci\u00f3n de un abogado experimentado como <a href=\"charles-flaxman.html\">Charles Flaxman<\/a>, del Grupo Legal Flaxman, puede hacer toda la diferencia si usted ha sufrido un accidente por resbal\u00f3n y ca\u00edda en North Miami Beach. Un abogado experimentado de North Miami Beach como Charles Flaxman puede ayudarle a comprender sus derechos y opciones y puede ayudarle a llevar su caso para que pueda obtener la compensaci\u00f3n a la que puede tener derecho seg\u00fan la ley. El experimentado equipo legal del Grupo Legal Flaxman puede investigar tu accidente y puede orientarte en cada paso del camino, para que puedas concentrarte m\u00e1s plenamente en sanar.  <\/p>\n<p>Muchas v\u00edctimas de accidentes por resbal\u00f3n y ca\u00edda en North Miami Beach no cuentan con amplios recursos, pero las aseguradoras s\u00ed. Deje que el Grupo Legal Flaxman utilice nuestros recursos para ayudarle. Ya sea que usted desee presentar una demanda ante una aseguradora o desee llevar su caso ante un tribunal, querr\u00e1 tener a su lado asesor\u00eda y consejo experimentados, as\u00ed como recursos legales. El equipo jur\u00eddico del Grupo Legal Flaxman cuenta con d\u00e9cadas de experiencia y ya ha ayudado a miles de pacientes de lesiones personales en Florida del Sur y en North Miami Beach.   <\/p>\n<p>Para m\u00e1s informaci\u00f3n, <a href=\"contacta con nosotros.html\">contacta con<\/a> el Grupo Legal Flaxman para concertar una cita. North Miami Beach est\u00e1 a s\u00f3lo unos 15 minutos en coche de las oficinas del Grupo Legal Flaxman en Hollywood. S\u00f3lo tienes que dirigirte hacia el sur por NE 19th Avenue y girar a la derecha en FL-826 W. Despu\u00e9s de seguir por FL-826 W, toma la salida hacia FL-7 N. A continuaci\u00f3n, gira a la derecha en Johnson Street; el bufete est\u00e1 en 5715 Johnson Street.  <\/p>\n<\/p><\/div>\n<\/p><\/div>\n","protected":false},"excerpt":{"rendered":"<p>Sin honorarios a menos que ganemos. Llama al 866-352-9626 para una &#8230; <\/p>\n","protected":false},"author":3,"featured_media":0,"parent":0,"menu_order":0,"comment_status":"closed","ping_status":"closed","template":"template-practice-areas.php","meta":{"footnotes":""},"class_list":["post-22173","page","type-page","status-publish","hentry"],"featured_image_src":null,"featured_image_src_square":null,"_links":{"self":[{"href":"https:\/\/flaxmanlaw.com\/es\/wp-json\/wp\/v2\/pages\/22173","targetHints":{"allow":["GET"]}}],"collection":[{"href":"https:\/\/flaxmanlaw.com\/es\/wp-json\/wp\/v2\/pages"}],"about":[{"href":"https:\/\/flaxmanlaw.com\/es\/wp-json\/wp\/v2\/types\/page"}],"author":[{"embeddable":true,"href":"https:\/\/flaxmanlaw.com\/es\/wp-json\/wp\/v2\/users\/3"}],"replies":[{"embeddable":true,"href":"https:\/\/flaxmanlaw.com\/es\/wp-json\/wp\/v2\/comments?post=22173"}],"version-history":[{"count":0,"href":"https:\/\/flaxmanlaw.com\/es\/wp-json\/wp\/v2\/pages\/22173\/revisions"}],"wp:attachment":[{"href":"https:\/\/flaxmanlaw.com\/es\/wp-json\/wp\/v2\/media?parent=22173"}],"curies":[{"name":"wp","href":"https:\/\/api.w.org\/{rel}","templated":true}]}}