{"id":22174,"date":"2024-11-18T12:45:12","date_gmt":"2024-11-18T12:45:12","guid":{"rendered":"https:\/\/flaxmanlaw.wpenginepowered.com\/peligros-de-las-carreteras-de-north-miami-beach-abogados-de-accidentes-de-trafico-del-condado-de-miami-dade\/"},"modified":"2024-11-18T12:45:12","modified_gmt":"2024-11-18T12:45:12","slug":"peligros-de-las-carreteras-de-north-miami-beach-abogados-de-accidentes-de-trafico-del-condado-de-miami-dade","status":"publish","type":"page","link":"https:\/\/flaxmanlaw.com\/es\/peligros-de-las-carreteras-de-north-miami-beach-abogados-de-accidentes-de-trafico-del-condado-de-miami-dade\/","title":{"rendered":"Peligros de las carreteras de North Miami Beach | Abogados de accidentes de tr\u00e1fico del condado de Miami-Dade"},"content":{"rendered":"<div class=\"bodytext\">\n<h2>Peligros de las carreteras de North Miami Beach  <\/h1><\/h2>\n<div class=\"description\">\n<p>Los peligros de la carretera, como las roderas o las zonas en obras mal se\u00f1alizadas, suponen un gran peligro para cualquier automovilista. Si tu rueda entra en un bache o si tienes que dar un volantazo para evitar los escombros de la carretera, te est\u00e1s poniendo en peligro a ti y a tus pasajeros. Para los motoristas, los peligros son a\u00fan m\u00e1s graves. Cada a\u00f1o, las colisiones de motocicletas en North Miami Beach y en todo Florida se deben al mal mantenimiento de las carreteras y a otros peligros viales evitables.   <\/p>\n<p>Si usted ha resultado lesionado en un accidente de tr\u00e1fico causado por la negligencia de alguien, puede tener una demanda legal que le permita buscar una compensaci\u00f3n justa por sus lesiones. En el Grupo Legal Flaxman, representamos a v\u00edctimas de accidentes de tr\u00e1fico en todo Florida del Sur. Si usted ha resultado lesionado, puede <a href=\"contacta con nosotros.html\">contactarnos<\/a> en cualquier momento para programar una consulta gratuita sobre accidentes.  <\/p>\n<p><strong class=\"heading4\">\u00bfCu\u00e1les son los peligros habituales de la carretera en North Miami Beach?<\/strong><\/p>\n<p>En el sur de Florida hay muchos tipos de peligros en la carretera que pueden provocar un <a href=\"accidentes-coche.html\">accidente de coche<\/a> grave, entre ellos:<\/p>\n<ul>\n<li>Baches<\/li>\n<li>Carreteras irregulares<\/li>\n<li>Escombros en las carreteras<\/li>\n<li>Surcos en las ruedas<\/li>\n<li>Se\u00f1alizaci\u00f3n incorrecta de obras y construcci\u00f3n de carreteras<\/li>\n<li>Se\u00f1alizaci\u00f3n incorrecta o se\u00f1ales de tr\u00e1fico en las carreteras<\/li>\n<li>Mal funcionamiento de las se\u00f1ales de tr\u00e1fico en las carreteras<\/li>\n<li>Mal dise\u00f1o de las carreteras<\/li>\n<\/ul>\n<p>En muchos casos, estos problemas son totalmente evitables y est\u00e1n causados por negligencia. Por ejemplo, un ayuntamiento puede estar recortando gastos reduciendo las obras viarias necesarias o puede estar ignorando los informes sobre el estado peligroso de las carreteras. En otros casos, las empresas constructoras y contratistas pueden ser negligentes a la hora de limpiar las zonas de obras o colocar la se\u00f1alizaci\u00f3n adecuada. En los casos en que estos actos negligentes causan lesiones, las v\u00edctimas lesionadas tienen derecho, seg\u00fan la legislaci\u00f3n de Florida, a reclamar una indemnizaci\u00f3n por sus lesiones.   <\/p>\n<p><strong class=\"heading4\">Buscar indemnizaci\u00f3n tras un accidente de tr\u00e1fico<\/strong><\/p>\n<p>A veces puede resultar dif\u00edcil reclamar una indemnizaci\u00f3n tras un accidente de coche causado por peligros en la carretera. En estos casos, los acusados suelen ser grandes empresas y organizaciones poderosas, incluidos ayuntamientos y grandes empresas constructoras. Estas empresas suelen estar representadas por equipos de poderosos abogados, y estos equipos de abogados har\u00e1n todo lo posible por reducir la responsabilidad de su cliente.  <\/p>\n<p>Necesitas tener a tu lado a un poderoso abogado de lesiones personales para investigar la verdadera causa de tu accidente y perseguir agresivamente a todas las partes responsables. Ser capaz de encontrar y perseguir a m\u00faltiples partes responsables puede aumentar tus posibilidades de obtener una indemnizaci\u00f3n justa por tus lesiones. Un buen abogado en North Miami Beach trabajar\u00e1 con expertos locales en reconstrucci\u00f3n de accidentes, peritos y otros profesionales para construir un caso s\u00f3lido para ti.  <\/p>\n<p>Si crees que puedes tener un caso, por favor llama hoy mismo al <a href=\"index.html\">Grupo Legal Flaxman<\/a> al 866-352-9626 para programar una consulta. No hay cargo por su cita y su reuni\u00f3n no conlleva ninguna obligaci\u00f3n. En el Grupo Legal Flaxman, creemos que todas las partes lesionadas merecen apoyo y compasi\u00f3n, y trabajamos incansablemente para proporcionar asesor\u00eda legal as\u00ed como representaci\u00f3n jur\u00eddica a nuestros clientes. Podemos ayudarle a entender cu\u00e1nto puede valer su caso. Si necesitas ayuda para negociar con las aseguradoras o si est\u00e1s listo para lanzar una demanda legal, nuestra firma de servicios integrales puede manejar todos los detalles de tu caso.    <\/p>\n<\/p><\/div>\n<\/p><\/div>\n","protected":false},"excerpt":{"rendered":"<p>Sin honorarios a menos que ganemos. Llama al 866-352-9626 para una &#8230; <\/p>\n","protected":false},"author":3,"featured_media":0,"parent":0,"menu_order":0,"comment_status":"closed","ping_status":"closed","template":"template-practice-areas.php","meta":{"footnotes":""},"class_list":["post-22174","page","type-page","status-publish","hentry"],"featured_image_src":null,"featured_image_src_square":null,"_links":{"self":[{"href":"https:\/\/flaxmanlaw.com\/es\/wp-json\/wp\/v2\/pages\/22174","targetHints":{"allow":["GET"]}}],"collection":[{"href":"https:\/\/flaxmanlaw.com\/es\/wp-json\/wp\/v2\/pages"}],"about":[{"href":"https:\/\/flaxmanlaw.com\/es\/wp-json\/wp\/v2\/types\/page"}],"author":[{"embeddable":true,"href":"https:\/\/flaxmanlaw.com\/es\/wp-json\/wp\/v2\/users\/3"}],"replies":[{"embeddable":true,"href":"https:\/\/flaxmanlaw.com\/es\/wp-json\/wp\/v2\/comments?post=22174"}],"version-history":[{"count":0,"href":"https:\/\/flaxmanlaw.com\/es\/wp-json\/wp\/v2\/pages\/22174\/revisions"}],"wp:attachment":[{"href":"https:\/\/flaxmanlaw.com\/es\/wp-json\/wp\/v2\/media?parent=22174"}],"curies":[{"name":"wp","href":"https:\/\/api.w.org\/{rel}","templated":true}]}}