{"id":22175,"date":"2024-11-18T12:45:12","date_gmt":"2024-11-18T12:45:12","guid":{"rendered":"https:\/\/flaxmanlaw.wpenginepowered.com\/accidentes-de-una-sola-moto-en-north-miami-beach-abogados-de-lesiones-de-motocicleta-del-condado-de-miami-dade\/"},"modified":"2024-11-18T12:45:12","modified_gmt":"2024-11-18T12:45:12","slug":"accidentes-de-una-sola-moto-en-north-miami-beach-abogados-de-lesiones-de-motocicleta-del-condado-de-miami-dade","status":"publish","type":"page","link":"https:\/\/flaxmanlaw.com\/es\/accidentes-de-una-sola-moto-en-north-miami-beach-abogados-de-lesiones-de-motocicleta-del-condado-de-miami-dade\/","title":{"rendered":"Accidentes de una sola moto en North Miami Beach | Abogados de lesiones de motocicleta del condado de Miami-Dade"},"content":{"rendered":"<div class=\"bodytext\">\n<h2>Accidentes de una sola bicicleta en North Miami Beach<\/h1><\/h2>\n<div class=\"description\">\n<p>Las motos pueden ser muy divertidas, pero tambi\u00e9n son arriesgadas. Cada vez que te subes a una moto, corres el riesgo de verte implicado en un accidente de tr\u00e1fico. A veces, estos accidentes son provocados por otros veh\u00edculos en la carretera y pueden ser causados por conductores negligentes o ebrios en North Miami Beach o en tu comunidad. A veces, sin embargo, los motoristas se ven implicados en colisiones de un solo veh\u00edculo. Pueden perder el control en un giro, chocar contra un objeto inm\u00f3vil o ir desliz\u00e1ndose o derrapando por la calzada. En estos casos, quiz\u00e1 te sorprenda saber que tambi\u00e9n puedes reclamar da\u00f1os y perjuicios por tus lesiones. Es posible que puedas negociar con tu compa\u00f1\u00eda de seguros o que descubras que hay partes responsables en tu caso y puedas presentar una demanda contra esas partes responsables. Para averiguar qu\u00e9 opciones tienes en tu situaci\u00f3n, no dudes en contactar al Grupo Legal Flaxman para una evaluaci\u00f3n gratuita y sin compromiso de tu caso.       <\/p>\n<p><strong class=\"heading4\">\u00bfQui\u00e9n es responsable en un accidente de moto en North Miami Beach?<\/strong><\/p>\n<p>En la mayor\u00eda de los accidentes de tr\u00e1fico, hay un conductor culpable que ha provocado el accidente. Por ejemplo, si sufres un accidente por alcance, puede quedar claro relativamente pronto que el conductor que iba detr\u00e1s de ti se distrajo o no se detuvo a tiempo y choc\u00f3 contra tu veh\u00edculo. Sin embargo, en un accidente de moto, en muchos casos es m\u00e1s dif\u00edcil detectar a la parte negligente. Con demasiada frecuencia, las autoridades y las compa\u00f1\u00edas de seguros culpar\u00e1n al motorista del accidente, aunque hubiera otra causa del mismo. En muchos casos, puede haber m\u00faltiples responsables legales en este tipo de casos, entre ellos:    <\/p>\n<ul>\n<li>El fabricante de la motocicleta o el fabricante de piezas individuales de la motocicleta<\/li>\n<li>El mec\u00e1nico responsable del mantenimiento o reparaci\u00f3n de la motocicleta<\/li>\n<li>El ayuntamiento o la empresa constructora responsable de la construcci\u00f3n o el mantenimiento de la carretera donde se produjo el accidente<\/li>\n<\/ul>\n<p><strong class=\"heading4\">\u00bfPor qu\u00e9 se producen las colisiones de una sola bicicleta?<\/strong><\/p>\n<p>La realidad es que puede haber muchas razones para que se produzca un accidente de moto, entre ellas:<\/p>\n<ul>\n<li>Escombros en la carretera<\/li>\n<li>Mala se\u00f1alizaci\u00f3n<\/li>\n<li>Mal dise\u00f1o de las carreteras<\/li>\n<li>Fauna salvaje corriendo por la carretera<\/li>\n<li>Mala visibilidad<\/li>\n<li>Mal tiempo<\/li>\n<li>Fallo mec\u00e1nico<\/li>\n<\/ul>\n<p>Algunas de estas situaciones son evitables y est\u00e1n causadas por negligencia. Debido a la frecuente confusi\u00f3n que sigue a un accidente de moto, es importante que un motorista que haya resultado gravemente herido en este tipo de colisi\u00f3n hable con un abogado de lesiones personales inmediatamente despu\u00e9s de su accidente, para que pueda poner en marcha una investigaci\u00f3n exhaustiva sobre la causa del accidente. Es importante que no te culpen por provocar una colisi\u00f3n que t\u00fa no causaste. Tambi\u00e9n es importante buscar la m\u00e1xima indemnizaci\u00f3n en estas situaciones, para no tener que pagar de tu bolsillo costosos tratamientos m\u00e9dicos y otros da\u00f1os.   <\/p>\n<p>Si usted ha sufrido lesiones graves en un accidente de motocicleta, no dude en <a href=\"contacta con nosotros.html\">contactar al Grupo Legal Flaxman<\/a> para recibir una evaluaci\u00f3n gratuita y sin compromiso de su caso. Podemos ayudarle a revisar sus opciones de acuerdos, casos a juicio, u ofertas de seguros. Tambi\u00e9n podemos ayudarte a entender cu\u00e1nto puede valer tu caso y podemos responder a cualquier pregunta que puedas tener. Si usted decide trabajar con nosotros y contratar al Grupo Legal Flaxman para que lo represente, podemos trabajar con usted en base a honorarios de contingencia en algunos casos. Esto significa que usted no tendr\u00e1 que pagar honorarios de abogado a menos y hasta que le ayudemos a recuperar dinero por sus lesiones.    <\/p>\n<\/p><\/div>\n<\/p><\/div>\n","protected":false},"excerpt":{"rendered":"<p>Sin honorarios a menos que ganemos. Llama al 866-352-9626 para una &#8230; <\/p>\n","protected":false},"author":3,"featured_media":0,"parent":0,"menu_order":0,"comment_status":"closed","ping_status":"closed","template":"template-practice-areas.php","meta":{"footnotes":""},"class_list":["post-22175","page","type-page","status-publish","hentry"],"featured_image_src":null,"featured_image_src_square":null,"_links":{"self":[{"href":"https:\/\/flaxmanlaw.com\/es\/wp-json\/wp\/v2\/pages\/22175","targetHints":{"allow":["GET"]}}],"collection":[{"href":"https:\/\/flaxmanlaw.com\/es\/wp-json\/wp\/v2\/pages"}],"about":[{"href":"https:\/\/flaxmanlaw.com\/es\/wp-json\/wp\/v2\/types\/page"}],"author":[{"embeddable":true,"href":"https:\/\/flaxmanlaw.com\/es\/wp-json\/wp\/v2\/users\/3"}],"replies":[{"embeddable":true,"href":"https:\/\/flaxmanlaw.com\/es\/wp-json\/wp\/v2\/comments?post=22175"}],"version-history":[{"count":0,"href":"https:\/\/flaxmanlaw.com\/es\/wp-json\/wp\/v2\/pages\/22175\/revisions"}],"wp:attachment":[{"href":"https:\/\/flaxmanlaw.com\/es\/wp-json\/wp\/v2\/media?parent=22175"}],"curies":[{"name":"wp","href":"https:\/\/api.w.org\/{rel}","templated":true}]}}