{"id":22178,"date":"2024-11-18T12:45:12","date_gmt":"2024-11-18T12:45:12","guid":{"rendered":"https:\/\/flaxmanlaw.wpenginepowered.com\/accidente-en-transporte-publico-en-north-miami-beach-abogados-de-lesiones-en-el-condado-de-miami-dade\/"},"modified":"2024-11-18T12:45:12","modified_gmt":"2024-11-18T12:45:12","slug":"accidente-en-transporte-publico-en-north-miami-beach-abogados-de-lesiones-en-el-condado-de-miami-dade","status":"publish","type":"page","link":"https:\/\/flaxmanlaw.com\/es\/accidente-en-transporte-publico-en-north-miami-beach-abogados-de-lesiones-en-el-condado-de-miami-dade\/","title":{"rendered":"Accidente en transporte p\u00fablico en North Miami Beach | Abogados de lesiones en el condado de Miami-Dade"},"content":{"rendered":"<div class=\"bodytext\">\n<h2>Accidente en el transporte p\u00fablico de North Miami Beach<\/h1><\/h2>\n<div class=\"description\">\n<p>Los accidentes de transporte p\u00fablico son mucho m\u00e1s raros que los accidentes de coche o cami\u00f3n en North Miami Beach y Florida, pero pueden ser igual de mortales, si no m\u00e1s. Debido al tama\u00f1o y la fuerza de los veh\u00edculos de transporte p\u00fablico, este tipo de accidente puede ser mucho m\u00e1s mortal. Un accidente de tren, por ejemplo, puede provocar lesiones graves y v\u00edctimas mortales.  <\/p>\n<p>Si usted ha resultado lesionado en una colisi\u00f3n de transporte p\u00fablico o ha resultado lesionado de cualquier forma mientras usaba el transporte masivo, al Grupo Legal Flaxman le gustar\u00eda invitarle a contactar a nuestra firma de servicios integrales para una evaluaci\u00f3n gratuita de su caso. Nuestros abogados manejan una gama de casos de accidentes de tr\u00e1fico y lesiones personales, incluyendo choques de autob\u00fas, casos de seguridad inadecuada, y m\u00e1s. La evaluaci\u00f3n inicial de tu caso y la consulta con nosotros son gratuitas y sin compromiso.  <\/p>\n<p><strong class=\"heading4\">\u00bfPor qu\u00e9 tantas colisiones en el transporte p\u00fablico provocan lesiones graves?<\/strong><\/p>\n<p>Hay muchas cosas que hacen que los accidentes de transporte p\u00fablico en North Miami Beach y Florida sean especialmente propensos a provocar lesiones:<\/p>\n<ul>\n<li>Sin cinturones de seguridad. En un accidente de coche, el cintur\u00f3n de seguridad y los airbags de impacto lateral y frontal te mantendr\u00e1n en tu sitio, evitar\u00e1n que choques contra el interior del veh\u00edculo y tambi\u00e9n te proteger\u00e1n del salpicadero o los laterales del coche. En los veh\u00edculos de transporte p\u00fablico, sin embargo, no hay airbags ni cinturones de seguridad. En caso de colisi\u00f3n, esto puede causar lesiones m\u00e1s graves, como fracturas, traumatismos craneales y otras lesiones.   <\/li>\n<li>Carga en la cabina. Los pasajeros suelen utilizar el transporte p\u00fablico para transportar maletas, maletines, compras y dem\u00e1s. En caso de choque, se convierten en peligrosos proyectiles y pueden lesionar gravemente a los pasajeros en una colisi\u00f3n.  <\/li>\n<li>Otros pasajeros. Los veh\u00edculos de transporte p\u00fablico pueden contener decenas o incluso centenares de pasajeros. En caso de colisi\u00f3n, estos pasajeros pueden salir despedidos, empuj\u00e1ndose unos a otros y aumentando el riesgo de lesiones graves. Adem\u00e1s, la colisi\u00f3n en transporte p\u00fablico suele provocar el p\u00e1nico, lo que puede causar a\u00fan m\u00e1s lesiones cuando todos los pasajeros se apresuran a buscar las salidas de emergencia.   <\/li>\n<li>Propiedades considerables. Las autoridades de transporte p\u00fablico suelen ser responsables de propiedades considerables, como estaciones de autobuses y andenes de trenes. Es importante que los grupos de transporte p\u00fablico ofrezcan medidas de seguridad adecuadas en estas propiedades para proteger a los pasajeros de agresiones y otros delitos.  <\/li>\n<li>El tama\u00f1o y la fuerza de los veh\u00edculos. Los trenes viajan mucho m\u00e1s r\u00e1pido que los turismos t\u00edpicos, lo que significa que en caso de accidente este tipo de choques pueden ser catastr\u00f3ficos. Los autobuses viajan m\u00e1s despacio, pero el tama\u00f1o de los veh\u00edculos puede significar impactos graves y lesiones catastr\u00f3ficas.  <\/li>\n<\/ul>\n<p><strong class=\"heading4\">Obt\u00e9n respuestas tras tu accidente de tr\u00e1fico<\/strong><\/p>\n<p>Si te has lesionado utilizando el transporte p\u00fablico, es muy importante que averig\u00fces si la negligencia desempe\u00f1\u00f3 alg\u00fan papel en tus lesiones. Si hubo imprudencia o negligencia, puedes tener derecho a una reclamaci\u00f3n legal que te permita obtener indemnizaci\u00f3n y justicia. <\/p>\n<p>Para obtener respuestas y averiguar si tienes una demanda, ponte en contacto con un abogado de lesiones personales. Si est\u00e1s buscando un abogado de accidentes de tr\u00e1fico en Florida del Sur, siempre puedes ponerte en contacto con <a href=\"index.html\">el Grupo Legal Flaxman<\/a> para una evaluaci\u00f3n gratuita de tu caso llamando al 866-352-9626. <\/p>\n<\/p><\/div>\n<\/p><\/div>\n","protected":false},"excerpt":{"rendered":"<p>Sin honorarios a menos que ganemos. Llama al 866-352-9626 para una &#8230; <\/p>\n","protected":false},"author":3,"featured_media":0,"parent":0,"menu_order":0,"comment_status":"closed","ping_status":"closed","template":"template-practice-areas.php","meta":{"footnotes":""},"class_list":["post-22178","page","type-page","status-publish","hentry"],"featured_image_src":null,"featured_image_src_square":null,"_links":{"self":[{"href":"https:\/\/flaxmanlaw.com\/es\/wp-json\/wp\/v2\/pages\/22178","targetHints":{"allow":["GET"]}}],"collection":[{"href":"https:\/\/flaxmanlaw.com\/es\/wp-json\/wp\/v2\/pages"}],"about":[{"href":"https:\/\/flaxmanlaw.com\/es\/wp-json\/wp\/v2\/types\/page"}],"author":[{"embeddable":true,"href":"https:\/\/flaxmanlaw.com\/es\/wp-json\/wp\/v2\/users\/3"}],"replies":[{"embeddable":true,"href":"https:\/\/flaxmanlaw.com\/es\/wp-json\/wp\/v2\/comments?post=22178"}],"version-history":[{"count":0,"href":"https:\/\/flaxmanlaw.com\/es\/wp-json\/wp\/v2\/pages\/22178\/revisions"}],"wp:attachment":[{"href":"https:\/\/flaxmanlaw.com\/es\/wp-json\/wp\/v2\/media?parent=22178"}],"curies":[{"name":"wp","href":"https:\/\/api.w.org\/{rel}","templated":true}]}}