{"id":22179,"date":"2024-11-18T12:45:12","date_gmt":"2024-11-18T12:45:12","guid":{"rendered":"https:\/\/flaxmanlaw.wpenginepowered.com\/negligencia-fisica-en-north-miami-beach-abogados-de-abuso-de-ancianos-en-el-condado-de-miami-dade\/"},"modified":"2024-11-18T12:45:12","modified_gmt":"2024-11-18T12:45:12","slug":"negligencia-fisica-en-north-miami-beach-abogados-de-abuso-de-ancianos-en-el-condado-de-miami-dade","status":"publish","type":"page","link":"https:\/\/flaxmanlaw.com\/es\/negligencia-fisica-en-north-miami-beach-abogados-de-abuso-de-ancianos-en-el-condado-de-miami-dade\/","title":{"rendered":"Negligencia F\u00edsica en North Miami Beach | Abogados de Abuso de Ancianos en el Condado de Miami-Dade"},"content":{"rendered":"<div class=\"bodytext\">\n<h2>Negligencia f\u00edsica en North Miami Beach<\/h1><\/h2>\n<div class=\"description\">\n<p>La negligencia f\u00edsica en North Miami Beach y otras comunidades de Florida es un tipo de maltrato que consiste en no atender las necesidades f\u00edsicas b\u00e1sicas de alguien. Puede consistir en no proporcionar a alguien comida o agua, ropa o cobijo adecuados. Esta forma de maltrato puede afectar a ni\u00f1os al cuidado de sus padres o a adultos y ancianos vulnerables en centros de vida asistida, residencias de ancianos, residencias de cuidados y otros centros. En todos los casos, puede provocar lesiones graves, desnutrici\u00f3n, complicaciones m\u00e9dicas e incluso muertes.   <\/p>\n<p>Si usted o un ser querido ha sido afectado por negligencia f\u00edsica, contacte a los compasivos y experimentados abogados de lesiones personales del Grupo Legal Flaxman. Usted puede tener una demanda legal que le permita asegurar una indemnizaci\u00f3n para que pueda asistir a un ser querido lesionado con atenci\u00f3n m\u00e9dica y otros servicios. Tu consulta inicial con nuestro bufete de servicios integrales es gratuita y sin compromiso, as\u00ed que no arriesgas nada al obtener una evaluaci\u00f3n legal de tu situaci\u00f3n.  <\/p>\n<p><strong class=\"heading4\">Las V\u00edctimas en los Casos de Negligencia F\u00edsica<\/strong><\/p>\n<p>Muchas personas vulnerables pueden verse afectadas por el maltrato f\u00edsico y la negligencia, entre ellas:<\/p>\n<ul class=\"no-spacing-list\">\n<li>Ni\u00f1os en sus hogares<\/li>\n<li>Ni\u00f1os al cuidado de un progenitor, ni\u00f1era u otro cuidador<\/li>\n<li>Adultos vulnerables en centros de vida asistida o residencias de ancianos<\/li>\n<li>Ancianos residentes en residencias de ancianos, comunidades de jubilados y otros centros asistenciales<\/li>\n<li>Adultos en cuidados paliativos u otros entornos asistenciales<\/li>\n<\/ul>\n<p>En todos estos entornos, los cuidadores tienen el deber de proporcionar a sus protegidos la ayuda f\u00edsica adecuada y los elementos b\u00e1sicos de la vida. Cuando no lo hacen, pueden ser considerados responsables si su imprudencia o abuso provoca lesiones o da\u00f1os. <\/p>\n<p><strong class=\"heading4\">Por qu\u00e9 se produce el abandono f\u00edsico<\/strong><\/p>\n<p>Los malos tratos y la negligencia en residencias de ancianos de North Miami Beach y Florida, incluida la negligencia f\u00edsica, pueden producirse como consecuencia de:<\/p>\n<ul class=\"no-spacing-list\">\n<li>Selecci\u00f3n inadecuada del personal<\/li>\n<li>Elevada rotaci\u00f3n de personal<\/li>\n<li>Personal con exceso de trabajo o mal pagado<\/li>\n<li>Falta de personal<\/li>\n<li>Personal con problemas de salud mental<\/li>\n<li>Pol\u00edticas deficientes en el centro que no garantizan que todos reciban la atenci\u00f3n adecuada<\/li>\n<\/ul>\n<p>No hay excusa para la negligencia f\u00edsica y otras formas de abandono y maltrato en residencias de ancianos y centros de vida asistida. Si un ser querido ha sido v\u00edctima de una dotaci\u00f3n de personal inadecuada o de otros problemas, no dudes en ponerte en contacto con un abogado de lesiones personales de tu comunidad para averiguar qu\u00e9 se puede hacer. Buscar justicia e indemnizaci\u00f3n no s\u00f3lo es tu derecho, sino que puede ayudarte a conseguir la financiaci\u00f3n que necesitas para colocar a tu ser querido en un entorno asistencial mejor.  <\/p>\n<p>Las familias de v\u00edctimas de negligencia y abuso en asilos de ancianos tienen el derecho legal de buscar compensaci\u00f3n y justicia en sus casos. Los abogados del Grupo Legal Flaxman han estado comprometidos a ayudar a sus clientes a obtener justicia y compensaci\u00f3n durante m\u00e1s de 35 a\u00f1os. Si usted desea averiguar qu\u00e9 es posible en su caso, no dude en <a href=\"contacta con nosotros.html\">contactar<\/a> al <a href=\"contacta con nosotros.html\">Grupo Legal Flaxman<\/a> al 866-352-9626 para una revisi\u00f3n inicial gratuita y sin compromiso de su caso. Su consulta gratuita sobre accidentes es su oportunidad de obtener respuestas de nuestro personal jur\u00eddico y de revisar sus opciones.   <\/p>\n<\/p><\/div>\n<\/p><\/div>\n","protected":false},"excerpt":{"rendered":"<p>Sin honorarios a menos que ganemos. Llama al 866-352-9626 para una &#8230; <\/p>\n","protected":false},"author":3,"featured_media":0,"parent":0,"menu_order":0,"comment_status":"closed","ping_status":"closed","template":"template-practice-areas.php","meta":{"footnotes":""},"class_list":["post-22179","page","type-page","status-publish","hentry"],"featured_image_src":null,"featured_image_src_square":null,"_links":{"self":[{"href":"https:\/\/flaxmanlaw.com\/es\/wp-json\/wp\/v2\/pages\/22179","targetHints":{"allow":["GET"]}}],"collection":[{"href":"https:\/\/flaxmanlaw.com\/es\/wp-json\/wp\/v2\/pages"}],"about":[{"href":"https:\/\/flaxmanlaw.com\/es\/wp-json\/wp\/v2\/types\/page"}],"author":[{"embeddable":true,"href":"https:\/\/flaxmanlaw.com\/es\/wp-json\/wp\/v2\/users\/3"}],"replies":[{"embeddable":true,"href":"https:\/\/flaxmanlaw.com\/es\/wp-json\/wp\/v2\/comments?post=22179"}],"version-history":[{"count":0,"href":"https:\/\/flaxmanlaw.com\/es\/wp-json\/wp\/v2\/pages\/22179\/revisions"}],"wp:attachment":[{"href":"https:\/\/flaxmanlaw.com\/es\/wp-json\/wp\/v2\/media?parent=22179"}],"curies":[{"name":"wp","href":"https:\/\/api.w.org\/{rel}","templated":true}]}}