{"id":22180,"date":"2024-11-18T12:45:12","date_gmt":"2024-11-18T12:45:12","guid":{"rendered":"https:\/\/flaxmanlaw.wpenginepowered.com\/north-miami-beach-responsabilidad-por-productos-defectuosos-abogados-de-productos-defectuosos-del-condado-de-miami-dade\/"},"modified":"2024-11-18T12:45:12","modified_gmt":"2024-11-18T12:45:12","slug":"north-miami-beach-responsabilidad-por-productos-defectuosos-abogados-de-productos-defectuosos-del-condado-de-miami-dade","status":"publish","type":"page","link":"https:\/\/flaxmanlaw.com\/es\/north-miami-beach-responsabilidad-por-productos-defectuosos-abogados-de-productos-defectuosos-del-condado-de-miami-dade\/","title":{"rendered":"North Miami Beach Responsabilidad por Productos Defectuosos | Abogados de Productos Defectuosos del Condado de Miami-Dade"},"content":{"rendered":"<div class=\"bodytext\">\n<h2>Responsabilidad por productos defectuosos en North Miami Beach<\/h1><\/h2>\n<div class=\"description\">\n<p>North Miami Beach es una ciudad diversa situada en el centro del condado de Miami Dade, en el sur de Florida. Conocida por sus numerosas e impresionantes atracciones tur\u00edsticas, como parques, un aut\u00e9ntico monasterio espa\u00f1ol del siglo XII, magn\u00edficas tiendas y excelentes restaurantes, North Miami Beach es un gran lugar para vivir o visitar. <\/p>\n<p>Como todas las ciudades, North Miami Beach ve su parte justa de demandas por responsabilidad civil por productos defectuosos. Estas demandas surgen cuando un vendedor o fabricante negligente vende un producto que lesiona a los clientes cuando se utiliza seg\u00fan lo previsto. Las leyes de responsabilidad civil por productos defectuosos tienen por objeto proteger a los clientes de los productos mal dise\u00f1ados y mal fabricados que causan lesiones. Sin embargo, presentar este tipo de demandas puede ser complicado y a menudo requiere bastantes recursos y tiempo. Si crees que puedes tener un caso de <a href=\"productos-responsabilidad.html\">responsabilidad por productos<\/a> defectuosos en North Miami Beach, es importante que te pongas en contacto y contrates a un abogado experto y cualificado en lesiones personales en North Miami Beach lo antes posible. Existe un plazo de prescripci\u00f3n para presentar una demanda, y en muchos casos tu abogado tendr\u00e1 que poner en marcha complejas investigaciones para determinar el defecto del producto, as\u00ed como su procedencia.     <\/p>\n<p>Hay muchas formas de que productos inseguros lleguen a las estanter\u00edas de las tiendas de North Miami Beach. En algunos casos, los productos son defectuosos debido a un fallo de dise\u00f1o, por ejemplo. En otros casos, unas t\u00e9cnicas de fabricaci\u00f3n o unos sistemas de suministro deficientes dan lugar a un producto peligroso. En algunos casos, simples errores provocan lesiones desafortunadas. En otros casos, los minoristas no venden los productos de forma segura o no avisan a los clientes si hay alg\u00fan problema con un producto. En los casos en que las lesiones est\u00e1n causadas por un acto il\u00edcito o una negligencia en el dise\u00f1o, la fabricaci\u00f3n o el proceso de venta al por menor, los clientes tienen derecho a solicitar una reparaci\u00f3n legal.     <\/p>\n<p>Hay muchas razones por las que puede iniciarse un caso de responsabilidad por piezas en North Miami Beach. En algunos casos, se advierte indebidamente de los posibles efectos adversos de un producto. En algunos casos, las piezas de un producto pueden simplemente no funcionar correctamente. Esto es habitual en los casos de responsabilidad por productos defectuosos de North Miami Beach. Por ejemplo, tras un accidente de coche en North Miami Beach, un abogado puede darse cuenta de que los fallos del asiento del coche, del airbag, del cintur\u00f3n de seguridad u otro defecto mec\u00e1nico han causado lesiones. En estos casos, puede derivarse un caso de responsabilidad por productos defectuosos.     <\/p>\n<p>El <a href=\"index.html\">Grupo Legal<\/a> Flaxman se dedica a ver que sus clientes recuperen una compensaci\u00f3n justa. Charles Flaxman, del Grupo Legal Flaxman, est\u00e1 dispuesto a llevar casos a la corte y est\u00e1 dispuesto a luchar por los derechos de quienes han resultado lesionados. Despu\u00e9s de trabajar durante diez a\u00f1os en la industria de los seguros, Charles Flaxman se gradu\u00f3 entre los primeros de su clase de derecho y durante d\u00e9cadas ha trabajado como abogado de lesiones personales, ayudando a miles de clientes de lesiones personales de Florida del Sur a obtener una compensaci\u00f3n justa por sus lesiones. Tu consulta inicial con el Grupo Legal Flaxman es absolutamente gratuita y sin compromiso, as\u00ed que si crees que puedes tener una demanda, <a href=\"contacta con nosotros.html\">contacta<\/a> hoy mismo <a href=\"contacta con nosotros.html\">con<\/a> el bufete para obtener m\u00e1s informaci\u00f3n y detalles.   <\/p>\n<\/p><\/div>\n<\/p><\/div>\n","protected":false},"excerpt":{"rendered":"<p>Sin honorarios a menos que ganemos. Llama al 866-352-9626 para una &#8230; <\/p>\n","protected":false},"author":3,"featured_media":0,"parent":0,"menu_order":0,"comment_status":"closed","ping_status":"closed","template":"template-practice-areas.php","meta":{"footnotes":""},"class_list":["post-22180","page","type-page","status-publish","hentry"],"featured_image_src":null,"featured_image_src_square":null,"_links":{"self":[{"href":"https:\/\/flaxmanlaw.com\/es\/wp-json\/wp\/v2\/pages\/22180","targetHints":{"allow":["GET"]}}],"collection":[{"href":"https:\/\/flaxmanlaw.com\/es\/wp-json\/wp\/v2\/pages"}],"about":[{"href":"https:\/\/flaxmanlaw.com\/es\/wp-json\/wp\/v2\/types\/page"}],"author":[{"embeddable":true,"href":"https:\/\/flaxmanlaw.com\/es\/wp-json\/wp\/v2\/users\/3"}],"replies":[{"embeddable":true,"href":"https:\/\/flaxmanlaw.com\/es\/wp-json\/wp\/v2\/comments?post=22180"}],"version-history":[{"count":0,"href":"https:\/\/flaxmanlaw.com\/es\/wp-json\/wp\/v2\/pages\/22180\/revisions"}],"wp:attachment":[{"href":"https:\/\/flaxmanlaw.com\/es\/wp-json\/wp\/v2\/media?parent=22180"}],"curies":[{"name":"wp","href":"https:\/\/api.w.org\/{rel}","templated":true}]}}