{"id":22183,"date":"2024-11-18T12:45:13","date_gmt":"2024-11-18T12:45:13","guid":{"rendered":"https:\/\/flaxmanlaw.wpenginepowered.com\/lesiones-laborales-en-north-miami-abogados-de-indemnizacion-laboral-del-condado-de-miami-dade\/"},"modified":"2024-11-18T12:45:13","modified_gmt":"2024-11-18T12:45:13","slug":"lesiones-laborales-en-north-miami-abogados-de-indemnizacion-laboral-del-condado-de-miami-dade","status":"publish","type":"page","link":"https:\/\/flaxmanlaw.com\/es\/lesiones-laborales-en-north-miami-abogados-de-indemnizacion-laboral-del-condado-de-miami-dade\/","title":{"rendered":"Lesiones Laborales en North Miami | Abogados de Indemnizaci\u00f3n Laboral del Condado de Miami-Dade"},"content":{"rendered":"<div class=\"bodytext\">\n<h2>Lesiones laborales en North Miami<\/h1><\/h2>\n<div class=\"description\">\n<p>North Miami es un suburbio situado cerca de la ciudad de Miami, en el condado de Miami-Dade de Florida. North Miami es famoso por albergar el Parque Estatal del R\u00edo Oleta, el mayor parque urbano de Florida. La ciudad tambi\u00e9n alberga los campus de la Universidad Internacional de Florida y de la Universidad Johnson &amp; Wales. North Miami tiene una poblaci\u00f3n cercana a los 60.000 habitantes, lo que la convierte en la cuarta comunidad m\u00e1s grande del condado.   <\/p>\n<p><strong class=\"heading4\">\u00bfHas sufrido un accidente laboral en North Miami o en cualquier lugar del sur de Florida?<\/strong><\/p>\n<p>Si has sufrido una lesi\u00f3n laboral en North Miami o en cualquier comunidad del sur de Florida, es importante que informes de la lesi\u00f3n a tu supervisor y que presentes inmediatamente una reclamaci\u00f3n de indemnizaci\u00f3n por accidente laboral. Existe un plazo de prescripci\u00f3n para estas reclamaciones, por lo que retrasar la b\u00fasqueda de tratamiento m\u00e9dico o retrasar la b\u00fasqueda de indemnizaci\u00f3n puede afectar negativamente a tu capacidad para recibir una indemnizaci\u00f3n justa por tus lesiones. Tambi\u00e9n es importante que hables enseguida con un abogado de lesiones personales en North Miami o en tu comunidad. Si usted necesita un abogado de lesiones personales en el \u00e1rea de North Miami, puede <a href=\"contacta con nosotros.html\">contactar<\/a> al Grupo Legal Flaxman para programar una consulta gratuita sobre accidentes y hablar sobre su caso.   <\/p>\n<p><strong class=\"heading4\">\u00bfQu\u00e9 indemnizaci\u00f3n pueden obtener los trabajadores tras un accidente laboral en North Miami o Florida?<\/strong><\/p>\n<p>Dependiendo de la naturaleza de una lesi\u00f3n laboral, una v\u00edctima puede presentar una demanda legal, una indemnizaci\u00f3n laboral o una demanda por homicidio culposo en North Miami o en su comunidad tras un accidente laboral. En la mayor\u00eda de los casos, la indemnizaci\u00f3n por accidente laboral en North Miami o Florida se har\u00e1 cargo de los gastos m\u00e9dicos y otros gastos relacionados con una lesi\u00f3n laboral. Sin embargo, en los casos en que un tercero sea responsable de la lesi\u00f3n, los empleados pueden presentar una demanda judicial para obtener una indemnizaci\u00f3n m\u00e1s justa.  <\/p>\n<p>Por desgracia, para algunas v\u00edctimas es dif\u00edcil conseguir sus prestaciones y algunos empleados lesionados se enfrentan a retrasos o incluso a denegaciones cuando buscan una indemnizaci\u00f3n por sus lesiones. Por todas estas razones, es importante hablar con un abogado de lesiones personales en North Miami o en tu comunidad lo antes posible tras una lesi\u00f3n laboral. Un abogado puede investigar la situaci\u00f3n y ayudarte a conseguir la indemnizaci\u00f3n m\u00e1s justa posible en tu caso.  <\/p>\n<p>Si te has lesionado en el trabajo, es importante que consultes a un abogado de lesiones personales lo antes posible. En cuanto te lesionas, el reloj corre y la ley de prescripci\u00f3n en este tipo de casos significa que s\u00f3lo tienes d\u00edas o semanas para denunciar tus lesiones antes de perder por completo el derecho a solicitar una indemnizaci\u00f3n. <\/p>\n<p>El equipo jur\u00eddico del <a href=\"sobre nosotros.html\">Grupo Legal Flaxman<\/a> ha ayudado a miles de trabajadores lesionados y v\u00edctimas de lesiones personales en todo el Sur de Florida a obtener una compensaci\u00f3n justa por sus lesiones. El equipo jur\u00eddico del Grupo Legal Flaxman es una firma de servicios integrales con amplia experiencia ayudando a trabajadores y v\u00edctimas de lesiones personales a obtener una compensaci\u00f3n justa por sus lesiones. El equipo jur\u00eddico del Grupo Legal Flaxman trabaja con una extensa red de investigadores, testigos expertos, y otros profesionales que pueden ayudar a las v\u00edctimas a conseguir casos s\u00f3lidos y una compensaci\u00f3n justa. Contacta hoy mismo al equipo legal del Grupo Legal Flaxman para una consulta gratuita sobre accidentes y hablar sobre tu situaci\u00f3n.   <\/p>\n<\/p><\/div>\n<\/p><\/div>\n","protected":false},"excerpt":{"rendered":"<p>Sin honorarios a menos que ganemos. Llama al 866-352-9626 para una &#8230; <\/p>\n","protected":false},"author":3,"featured_media":0,"parent":0,"menu_order":0,"comment_status":"closed","ping_status":"closed","template":"template-practice-areas.php","meta":{"footnotes":""},"class_list":["post-22183","page","type-page","status-publish","hentry"],"featured_image_src":null,"featured_image_src_square":null,"_links":{"self":[{"href":"https:\/\/flaxmanlaw.com\/es\/wp-json\/wp\/v2\/pages\/22183","targetHints":{"allow":["GET"]}}],"collection":[{"href":"https:\/\/flaxmanlaw.com\/es\/wp-json\/wp\/v2\/pages"}],"about":[{"href":"https:\/\/flaxmanlaw.com\/es\/wp-json\/wp\/v2\/types\/page"}],"author":[{"embeddable":true,"href":"https:\/\/flaxmanlaw.com\/es\/wp-json\/wp\/v2\/users\/3"}],"replies":[{"embeddable":true,"href":"https:\/\/flaxmanlaw.com\/es\/wp-json\/wp\/v2\/comments?post=22183"}],"version-history":[{"count":0,"href":"https:\/\/flaxmanlaw.com\/es\/wp-json\/wp\/v2\/pages\/22183\/revisions"}],"wp:attachment":[{"href":"https:\/\/flaxmanlaw.com\/es\/wp-json\/wp\/v2\/media?parent=22183"}],"curies":[{"name":"wp","href":"https:\/\/api.w.org\/{rel}","templated":true}]}}