{"id":22184,"date":"2024-11-18T12:45:12","date_gmt":"2024-11-18T12:45:12","guid":{"rendered":"https:\/\/flaxmanlaw.wpenginepowered.com\/north-miami-beach-responsabilidad-de-locales-abogados-de-resbalones-y-caidas-del-condado-de-miami-dade\/"},"modified":"2024-11-18T12:45:12","modified_gmt":"2024-11-18T12:45:12","slug":"north-miami-beach-responsabilidad-de-locales-abogados-de-resbalones-y-caidas-del-condado-de-miami-dade","status":"publish","type":"page","link":"https:\/\/flaxmanlaw.com\/es\/north-miami-beach-responsabilidad-de-locales-abogados-de-resbalones-y-caidas-del-condado-de-miami-dade\/","title":{"rendered":"North Miami Beach Responsabilidad de Locales | Abogados de Resbalones y Ca\u00eddas del Condado de Miami-Dade"},"content":{"rendered":"<div class=\"bodytext\">\n<h2>Responsabilidad civil en North Miami Beach<\/h1><\/h2>\n<div class=\"description\">\n<p>Seg\u00fan la ley de responsabilidad de las instalaciones, las personas que sufren lesiones en un negocio o propiedad privada de North Miami Beach o de cualquier comunidad pueden iniciar una reclamaci\u00f3n legal si la imprudencia o negligencia del propietario ha causado una lesi\u00f3n. Con arreglo a la legislaci\u00f3n de Florida, se espera que los propietarios tomen ciertas precauciones para mantener sus instalaciones seguras para los visitantes leg\u00edtimos, los clientes y los trabajadores que deben acceder a su propiedad como parte de su trabajo. Tambi\u00e9n se espera que los propietarios tomen precauciones adicionales para evitar que los ni\u00f1os se lesionen en su propiedad.  <\/p>\n<p>Presentar una reclamaci\u00f3n legal si has resultado herido en una propiedad puede ayudarte a conseguir una indemnizaci\u00f3n por tus lesiones para que puedas centrarte en curarte. Adem\u00e1s de ayudarte a pagar los costos m\u00e9dicos y otros gastos, buscar justicia en un caso de responsabilidad de predios env\u00eda un mensaje muy fuerte a los propietarios de Florida. Los abogados del Grupo Legal Flaxman han visto muchos casos en los que los propietarios han tomado medidas para mantener una propiedad segura s\u00f3lo despu\u00e9s de ser perseguidos en una demanda legal. Si usted desea hablar sobre su situaci\u00f3n con un abogado, contacte hoy mismo al Grupo Legal Flaxman para programar una consulta gratuita sobre accidentes.   <\/p>\n<p><strong class=\"heading4\">Los inmuebles inseguros causan muchas lesiones<\/strong><\/p>\n<p>Los casos de responsabilidad de los locales dan lugar a muchos tipos de lesiones, entre ellas:<\/p>\n<ul>\n<li>Fracturas<\/li>\n<li>Lesiones de espalda<\/li>\n<li>Lesiones de tejidos blandos<\/li>\n<li>Lesiones en la cabeza<\/li>\n<li>Par\u00e1lisis<\/li>\n<li>Desfiguraci\u00f3n<\/li>\n<li>Lesiones medulares<\/li>\n<\/ul>\n<p>Si tus lesiones fueron causadas por la imprudencia de alguien, no tienes por qu\u00e9 sufrir solo. La legislaci\u00f3n de Florida te permite solicitar una indemnizaci\u00f3n mediante una reclamaci\u00f3n judicial, que puede ser vital para asegurarte recursos econ\u00f3micos que te permitan reponer los ingresos perdidos, pagar la atenci\u00f3n m\u00e9dica y atender otras necesidades. <\/p>\n<p><strong class=\"heading4\">Decidir presentar una demanda por lesiones personales en North Miami Beach<\/strong><\/p>\n<p>Si decides emprender un caso de responsabilidad de las instalaciones, tendr\u00e1s que encontrar un abogado local con experiencia. Un abogado que haya tratado casos similares entiende exactamente qu\u00e9 medidas toman los propietarios y sus compa\u00f1\u00edas de seguros para minimizar la culpa y la responsabilidad. Tambi\u00e9n conocen todos los pasos que pueden dar para construirte un caso s\u00f3lido.  <\/p>\n<p>Los abogados experimentados en bufetes de servicios integrales como el Grupo Legal Flaxman tambi\u00e9n trabajan con expertos en reconstrucci\u00f3n de accidentes, expertos m\u00e9dicos y otros profesionales que pueden ayudar a construir un caso s\u00f3lido en la sala del tribunal y pueden crear un caso poderoso que puede ayudarte a obtener una compensaci\u00f3n justa. Los abogados experimentados tambi\u00e9n entienden c\u00f3mo buscar a todas las partes responsables y perseguirlas con todo el peso de la ley, aumentando las posibilidades de que obtengas una indemnizaci\u00f3n por tus lesiones. <\/p>\n<p>Si su ser querido ha resultado lesionado debido a la negligencia de un propietario, contacte a los abogados del Grupo Legal Flaxman para programar una consulta gratuita y sin compromiso para revisar su situaci\u00f3n. Si usted est\u00e1 demasiado lesionado para viajar, nuestros abogados pueden visitar su hogar, lugar de trabajo o cuarto de hospital. Nuestros abogados cuentan con m\u00e1s de 60 a\u00f1os de experiencia combinada en la industria de seguros y en juicios, y ya han recuperado m\u00e1s de $100 millones de d\u00f3lares a favor de sus clientes. Tenemos un historial de miles de casos ganados y resueltos con \u00e9xito.   <\/p>\n<\/p><\/div>\n<\/p><\/div>\n","protected":false},"excerpt":{"rendered":"<p>Sin honorarios a menos que ganemos. Llama al 866-352-9626 para una &#8230; <\/p>\n","protected":false},"author":3,"featured_media":0,"parent":0,"menu_order":0,"comment_status":"closed","ping_status":"closed","template":"template-practice-areas.php","meta":{"footnotes":""},"class_list":["post-22184","page","type-page","status-publish","hentry"],"featured_image_src":null,"featured_image_src_square":null,"_links":{"self":[{"href":"https:\/\/flaxmanlaw.com\/es\/wp-json\/wp\/v2\/pages\/22184","targetHints":{"allow":["GET"]}}],"collection":[{"href":"https:\/\/flaxmanlaw.com\/es\/wp-json\/wp\/v2\/pages"}],"about":[{"href":"https:\/\/flaxmanlaw.com\/es\/wp-json\/wp\/v2\/types\/page"}],"author":[{"embeddable":true,"href":"https:\/\/flaxmanlaw.com\/es\/wp-json\/wp\/v2\/users\/3"}],"replies":[{"embeddable":true,"href":"https:\/\/flaxmanlaw.com\/es\/wp-json\/wp\/v2\/comments?post=22184"}],"version-history":[{"count":0,"href":"https:\/\/flaxmanlaw.com\/es\/wp-json\/wp\/v2\/pages\/22184\/revisions"}],"wp:attachment":[{"href":"https:\/\/flaxmanlaw.com\/es\/wp-json\/wp\/v2\/media?parent=22184"}],"curies":[{"name":"wp","href":"https:\/\/api.w.org\/{rel}","templated":true}]}}